{"id":60749,"date":"2022-05-30T13:56:52","date_gmt":"2022-05-30T13:56:52","guid":{"rendered":"https:\/\/1office.co\/sweden\/?post_type=product&#038;p=60749"},"modified":"2026-02-20T08:36:25","modified_gmt":"2026-02-20T08:36:25","slug":"startpaket-lagerbolag-redovisning-skatteregistrering","status":"publish","type":"product","link":"https:\/\/1office.co\/sweden\/sv\/produkt\/startpaket-lagerbolag-redovisning-skatteregistrering\/","title":{"rendered":"Startpaket (lagerbolag (AB), redovisning, skatteregistrering)"},"content":{"rendered":"<div class=\"wpb-content-wrapper\"><p>[vc_row][vc_column]<div id=\"advanced-tabs-desc-wrap-1177\" class=\"ult_tabs product_tabs\" style=\" \" data-tabsstyle=\"style1\"\n data-titlebg=\"#ffffff\" data-titlecolor=\"#b6b8ba\" data-fullheight=\"off\"\n data-titlehoverbg=\"#ffffff\" data-titlehovercolor=\"#1d1e23\"\n data-rotatetabs=\"0\" data-responsivemode=\"Both\" data-animation=\"Slide\"\ndata-activetitle=\"#1d1e23\" data-activeicon=\"\" data-activebg=\"#ffffff\"  data-respmode=\"Tabs\" data-respwidth=\"400\" data-scroll = \"on\" data-activeindex=\"1\"><ul id=advanced-tabs-wrap-8325 class=\"ult_tabmenu style1 \" style=\"\"><li class=\"ult_tab_li  \" data-iconcolor=\"#74777b\" data-iconhover=\"#ffffff\" style=\"background-color:#ffffff;border-color:transparent;border-width:0px;border-style:solid;border-top-right-radius:8px;\">\n\t\t\t\t\t<a href=\"#1512642751410-8d7ab-c11d\"  id=\"1512642751410-8d7ab-c11d\"  style=\"color:#b6b8ba;; padding:15px; \" class=\"ult_a  \">\n\t\t\t\t\t     <span class=\"ult_tab_main Both \">\n\t\t\t\t\t \t\t <span class=\"ult_tab_section\">\n\t\t\t\t\t   \t\t\t<span  data-ultimate-target='#advanced-tabs-wrap-8325 .ult-span-text'  data-responsive-json-new='{\"font-size\":\"desktop:14px;\",\"line-height\":\"\"}'  class=\"ult-span-text no_icon ult_tab_display_text ult-responsive\" style=\"font-weight:bold;;\">BESKRIVNING<\/span>\n\t\t\t\t\t   \t\t<\/span>\n\t\t\t\t\t\t<\/span>\n\t\t\t\t\t<\/a>\n\t\t\t\t\t<\/li><\/ul><div  data-ultimate-target='#advanced-tabs-desc-wrap-1177 .ult_tabcontent .ult_tab_min_contain  p'  data-responsive-json-new='{\"font-size\":\"\",\"line-height\":\"\"}' class=\"ult_tabcontent ult-responsive style1\" style=\"color:#74777b;\"><div class=\"ult_tab_min_contain \" >\n\t\t\t<div  class=\"ult_tabitemname\"  >\n\t\t\t\t[vc_column_text]<strong>Varf\u00f6r v\u00e4lja startpaketet?<\/strong><\/p>\n<ul>\n<li>\u00c4gander\u00e4tten \u00f6ver bolaget \u00f6verg\u00e5r med omedelbar verkan efter undertecknandet av avtalet och den nya styrelsen registreras inom 10-15 arbetsdagar fr\u00e5n inl\u00e4mnandet av \u00e4ndringarna till Bolagsverket. Handl\u00e4ggningstider hos Bolagsverket kan ibland vara l\u00e4ngre p\u00e5 grund av deras h\u00f6ga arbetsbelastning.<\/li>\n<li>Aktiekapitalet beh\u00f6ver inte betalas in direkt, det ska \u00f6verf\u00f6ras till f\u00f6retagets bankkonto senast till r\u00e4kenskaps\u00e5rets utg\u00e5ng om det inte \u00e4r fr\u00e5ga om ett dotterbolag.<\/li>\n<li>Paketet inkluderar en s\u00e4rskild delgivningsmottagare som \u00e4r obligatorisk om ingen i bolagets styrelse har svenskt personnummer och hemvist i Sverige.<\/li>\n<li>Paketet inkluderar en f\u00f6retagsadress med posthanteringstj\u00e4nst. En f\u00f6retagsadress \u00e4r obligatorisk f\u00f6r varje svenskregistrerat bolag under hela dess verksamhet, posthanteringstj\u00e4nsten avser mottagande och vidarebefordrande av brev.<\/li>\n<li>Verksamhetsstart f\u00f6r ett nytt f\u00f6retag f\u00f6ruts\u00e4tter att man har ans\u00f6kt om skatteregistreringar hos Skatteverket. Paketet inkluderar ans\u00f6kning om n\u00f6dv\u00e4ndiga registreringar \u2013 uppr\u00e4ttande av ans\u00f6kningar om momsregistrering, arbetsgivarregistrering och F-skatt.<\/li>\n<li>Vi erbjuder \u00e4ven en alltomfattande och automatiserad redovisningstj\u00e4nst och priset p\u00e5 startpaketet inkluderar startavgiften f\u00f6r redovisningstj\u00e4nsten. I forts\u00e4ttningen kommer redovisningstj\u00e4nsten att faktureras enligt aktuell arbetsvolym, minimiavgiften per m\u00e5nad \u00e4r 750 SEK.<\/li>\n<\/ul>\n<p><strong>Priset inkluderar:<\/strong><\/p>\n<ul>\n<li>Ett lagerbolag registrerat i Sverige<\/li>\n<li>Skatteregistreringar<\/li>\n<li>F\u00f6retagsadress med posthanteringstj\u00e4nst f\u00f6r ett \u00e5r<\/li>\n<li>S\u00e4rskild delgivningsmottagare f\u00f6r ett \u00e5r<\/li>\n<li>Startavgift f\u00f6r redovisningstj\u00e4nsten<\/li>\n<li>Anm\u00e4lning av verklig huvudman<\/li>\n<\/ul>\n<p><strong>F\u00f6rloppet:<\/strong><\/p>\n<ul>\n<li>Betalning f\u00f6r 1Office-tj\u00e4nster<\/li>\n<li>Fyllning av formul\u00e4r f\u00f6r kundk\u00e4nnedom (KYC)<\/li>\n<li>\u00d6verl\u00e4ming av f\u00f6retaget- tar cirka 2 veckor<\/li>\n<li>B\u00f6rjar med skatteregistreringar &#8211; tar cirka 4 veckor att ta emot registreringarna (vid vissa tillf\u00e4llen 2-10 veckor).<\/li>\n<li>B\u00f6rjan med redosvinsingstj\u00e4nst<\/li>\n<li>F\u00f6retagets n\u00e4ringsverksamhet kan startas<\/li>\n<\/ul>\n<p>[\/vc_column_text]\n\t\t\t<\/div><\/div><\/div><\/div><div class=\"ult_acord advanced-tabs-desc-wrap-1177\">\n   <div class=\"ult-tabto-accordion \" style=\"width:;\"\n    data-titlecolor=\"#b6b8ba\"  data-titlebg=\"#ffffff\"\n     data-titlehoverbg=\"#ffffff\" data-titlehovercolor=\"#1d1e23\" data-animation=\"Slide\"\n     data-activetitle=\"#1d1e23\" data-activeicon=\"\" data-activebg=\"#ffffff\" data-scroll = \"on\" data-activeindex=\"1\" >\n     <dl><dt class=\"\">\n\t        \t<a class=\"ult-tabto-actitle withBorder ult_a \" id=\"1512642751410-8d7ab-c11d\" style=\"color:#b6b8ba;;background-color:#ffffff;border-bottom-color:transparent;border-bottom-width:0px;border-bottom-style:solid;\" href=\"#1512642751410-8d7ab-c11d\">\n\t        \t\t<i class=\"accordion-icon\"><\/i>\n\t        \t\t\t<span class=\"ult_tab_main ult_ac_main ult_noacordicnBoth\">\n\n\t\t\t\t\t\t<span  data-ultimate-target='#advanced-tabs-wrap-8325 .ult-span-text'  data-responsive-json-new='{\"font-size\":\"desktop:14px;\",\"line-height\":\"\"}'  class=\"ult-span-text no_icon ult_acordian-text ult-responsive\" style=\"font-weight:bold;;color:inherit \" >BESKRIVNING<\/span>\n\t\t\t\t\t\t<\/span><\/a><\/dt>\n\t            \t\t<dd class=\"ult-tabto-accordionItem ult-tabto-accolapsed\">\n\t\t\t\t            <div class=\"ult-tabto-acontent\" style=\"color:#74777b;\">\n\t\t\t\t               [vc_column_text]<strong>Varf\u00f6r v\u00e4lja startpaketet?<\/strong><\/p>\n<ul>\n<li>\u00c4gander\u00e4tten \u00f6ver bolaget \u00f6verg\u00e5r med omedelbar verkan efter undertecknandet av avtalet och den nya styrelsen registreras inom 10-15 arbetsdagar fr\u00e5n inl\u00e4mnandet av \u00e4ndringarna till Bolagsverket. Handl\u00e4ggningstider hos Bolagsverket kan ibland vara l\u00e4ngre p\u00e5 grund av deras h\u00f6ga arbetsbelastning.<\/li>\n<li>Aktiekapitalet beh\u00f6ver inte betalas in direkt, det ska \u00f6verf\u00f6ras till f\u00f6retagets bankkonto senast till r\u00e4kenskaps\u00e5rets utg\u00e5ng om det inte \u00e4r fr\u00e5ga om ett dotterbolag.<\/li>\n<li>Paketet inkluderar en s\u00e4rskild delgivningsmottagare som \u00e4r obligatorisk om ingen i bolagets styrelse har svenskt personnummer och hemvist i Sverige.<\/li>\n<li>Paketet inkluderar en f\u00f6retagsadress med posthanteringstj\u00e4nst. En f\u00f6retagsadress \u00e4r obligatorisk f\u00f6r varje svenskregistrerat bolag under hela dess verksamhet, posthanteringstj\u00e4nsten avser mottagande och vidarebefordrande av brev.<\/li>\n<li>Verksamhetsstart f\u00f6r ett nytt f\u00f6retag f\u00f6ruts\u00e4tter att man har ans\u00f6kt om skatteregistreringar hos Skatteverket. Paketet inkluderar ans\u00f6kning om n\u00f6dv\u00e4ndiga registreringar \u2013 uppr\u00e4ttande av ans\u00f6kningar om momsregistrering, arbetsgivarregistrering och F-skatt.<\/li>\n<li>Vi erbjuder \u00e4ven en alltomfattande och automatiserad redovisningstj\u00e4nst och priset p\u00e5 startpaketet inkluderar startavgiften f\u00f6r redovisningstj\u00e4nsten. I forts\u00e4ttningen kommer redovisningstj\u00e4nsten att faktureras enligt aktuell arbetsvolym, minimiavgiften per m\u00e5nad \u00e4r 750 SEK.<\/li>\n<\/ul>\n<p><strong>Priset inkluderar:<\/strong><\/p>\n<ul>\n<li>Ett lagerbolag registrerat i Sverige<\/li>\n<li>Skatteregistreringar<\/li>\n<li>F\u00f6retagsadress med posthanteringstj\u00e4nst f\u00f6r ett \u00e5r<\/li>\n<li>S\u00e4rskild delgivningsmottagare f\u00f6r ett \u00e5r<\/li>\n<li>Startavgift f\u00f6r redovisningstj\u00e4nsten<\/li>\n<li>Anm\u00e4lning av verklig huvudman<\/li>\n<\/ul>\n<p><strong>F\u00f6rloppet:<\/strong><\/p>\n<ul>\n<li>Betalning f\u00f6r 1Office-tj\u00e4nster<\/li>\n<li>Fyllning av formul\u00e4r f\u00f6r kundk\u00e4nnedom (KYC)<\/li>\n<li>\u00d6verl\u00e4ming av f\u00f6retaget- tar cirka 2 veckor<\/li>\n<li>B\u00f6rjar med skatteregistreringar &#8211; tar cirka 4 veckor att ta emot registreringarna (vid vissa tillf\u00e4llen 2-10 veckor).<\/li>\n<li>B\u00f6rjan med redosvinsingstj\u00e4nst<\/li>\n<li>F\u00f6retagets n\u00e4ringsverksamhet kan startas<\/li>\n<\/ul>\n<p>[\/vc_column_text]\n\t\t\t\t            <\/div>\n\t        \t\t\t<\/dd>\n    \t<\/dl>\n    <!--<div class=\"extraborder\" style=\"background-color:#ffffff\"><\/div>-->\n<\/div>\n\n<\/div>[\/vc_column][\/vc_row]<\/p>\n<\/div>","protected":false},"excerpt":{"rendered":"<p>Vi har hj\u00e4lpt hundratals f\u00f6retag att starta sin verksamhet i Sverige. Detta paket inkluderar alla n\u00f6dv\u00e4ndiga tj\u00e4nster f\u00f6r att starta verksamhet i Sverige.<\/p>\n","protected":false},"featured_media":60709,"template":"","meta":{"_acf_changed":false,"inline_featured_image":false},"product_brand":[],"product_cat":[379],"product_tag":[374],"class_list":{"0":"post-60749","1":"product","2":"type-product","3":"status-publish","4":"has-post-thumbnail","6":"product_cat-uncategorized-sv","7":"product_tag-sweden-sv","8":"description-off","10":"first","11":"instock","12":"taxable","13":"shipping-taxable","14":"purchasable","15":"product-type-bundle"},"bundled_by":[],"bundle_stock_status":"instock","bundle_stock_quantity":"","bundle_virtual":false,"bundle_layout":"default","bundle_add_to_cart_form_location":"default","bundle_editable_in_cart":false,"bundle_sold_individually_context":"product","bundle_item_grouping":"parent","bundle_min_size":"","bundle_max_size":"","bundle_price":{"price":{"min":{"incl_tax":"11125","excl_tax":"8900"},"max":{"incl_tax":"11125","excl_tax":"8900"}},"regular_price":{"min":{"incl_tax":"11125","excl_tax":"8900"},"max":{"incl_tax":"11125","excl_tax":"8900"}}},"bundled_items":[{"bundled_item_id":242,"product_id":60544,"menu_order":0,"quantity_min":1,"quantity_max":1,"quantity_default":1,"priced_individually":true,"shipped_individually":true,"override_title":false,"title":"Skatteregistreringar f\u00f6r ett utl\u00e4ndskt f\u00f6retag","override_description":false,"description":"","optional":false,"hide_thumbnail":false,"discount":"","override_variations":false,"allowed_variations":[""],"override_default_variation_attributes":false,"default_variation_attributes":[],"single_product_visibility":"visible","cart_visibility":"visible","order_visibility":"visible","single_product_price_visibility":"hidden","cart_price_visibility":"hidden","order_price_visibility":"hidden","stock_status":"in_stock"},{"bundled_item_id":337,"product_id":60847,"menu_order":1,"quantity_min":1265,"quantity_max":1265,"quantity_default":1265,"priced_individually":true,"shipped_individually":true,"override_title":true,"title":"","override_description":false,"description":"Accounting service \u2013 monthly subscription (custom)","optional":false,"hide_thumbnail":false,"discount":"","override_variations":false,"allowed_variations":[""],"override_default_variation_attributes":false,"default_variation_attributes":[],"single_product_visibility":"hidden","cart_visibility":"hidden","order_visibility":"hidden","single_product_price_visibility":"hidden","cart_price_visibility":"hidden","order_price_visibility":"hidden","stock_status":"in_stock"}],"bundle_sell_ids":[],"acf":[],"yoast_head":"<!-- This site is optimized with the Yoast SEO Premium plugin v22.1 (Yoast SEO v27.0) - https:\/\/yoast.com\/product\/yoast-seo-premium-wordpress\/ -->\n<title>Start your business in Sweden with our help -1Office Sweden<\/title>\n<meta name=\"description\" content=\"We have helped hundreds of companies to start their business in Sweden. In this package we have gathered together all the services necessary for taking up business in Sweden.\" \/>\n<meta name=\"robots\" content=\"index, follow, max-snippet:-1, max-image-preview:large, max-video-preview:-1\" \/>\n<link rel=\"canonical\" href=\"https:\/\/1office.co\/sweden\/sv\/produkt\/startpaket-lagerbolag-redovisning-skatteregistrering\/\" \/>\n<meta property=\"og:locale\" content=\"sv_SE\" \/>\n<meta property=\"og:type\" content=\"article\" \/>\n<meta property=\"og:title\" content=\"Startpaket (lagerbolag (AB), redovisning, skatteregistrering)\" \/>\n<meta property=\"og:description\" content=\"We have helped hundreds of companies to start their business in Sweden. In this package we have gathered together all the services necessary for taking up business in Sweden.\" \/>\n<meta property=\"og:url\" content=\"https:\/\/1office.co\/sweden\/sv\/produkt\/startpaket-lagerbolag-redovisning-skatteregistrering\/\" \/>\n<meta property=\"og:site_name\" content=\"1Office Sweden\" \/>\n<meta property=\"article:modified_time\" content=\"2026-02-20T08:36:25+00:00\" \/>\n<meta property=\"og:image\" content=\"https:\/\/1office.co\/sweden\/wp-content\/uploads\/sites\/13\/2022\/05\/Screenshot-2022-05-09-at-21.20.44-min.png\" \/>\n\t<meta property=\"og:image:width\" content=\"1108\" \/>\n\t<meta property=\"og:image:height\" content=\"1002\" \/>\n\t<meta property=\"og:image:type\" content=\"image\/png\" \/>\n<meta name=\"twitter:card\" content=\"summary_large_image\" \/>\n<meta name=\"twitter:label1\" content=\"Ber\u00e4knad l\u00e4stid\" \/>\n\t<meta name=\"twitter:data1\" content=\"2 minuter\" \/>\n<script type=\"application\/ld+json\" class=\"yoast-schema-graph\">{\"@context\":\"https:\/\/schema.org\",\"@graph\":[{\"@type\":\"WebPage\",\"@id\":\"https:\/\/1office.co\/sweden\/sv\/produkt\/startpaket-lagerbolag-redovisning-skatteregistrering\/\",\"url\":\"https:\/\/1office.co\/sweden\/sv\/produkt\/startpaket-lagerbolag-redovisning-skatteregistrering\/\",\"name\":\"Start your business in Sweden with our help -1Office Sweden\",\"isPartOf\":{\"@id\":\"https:\/\/1office.co\/sweden\/#website\"},\"primaryImageOfPage\":{\"@id\":\"https:\/\/1office.co\/sweden\/sv\/produkt\/startpaket-lagerbolag-redovisning-skatteregistrering\/#primaryimage\"},\"image\":{\"@id\":\"https:\/\/1office.co\/sweden\/sv\/produkt\/startpaket-lagerbolag-redovisning-skatteregistrering\/#primaryimage\"},\"thumbnailUrl\":\"https:\/\/1office.co\/sweden\/wp-content\/uploads\/sites\/13\/2022\/05\/Screenshot-2022-05-09-at-21.20.44-min.png\",\"datePublished\":\"2022-05-30T13:56:52+00:00\",\"dateModified\":\"2026-02-20T08:36:25+00:00\",\"description\":\"We have helped hundreds of companies to start their business in Sweden. In this package we have gathered together all the services necessary for taking up business in Sweden.\",\"breadcrumb\":{\"@id\":\"https:\/\/1office.co\/sweden\/sv\/produkt\/startpaket-lagerbolag-redovisning-skatteregistrering\/#breadcrumb\"},\"inLanguage\":\"sv-SE\",\"potentialAction\":[{\"@type\":\"ReadAction\",\"target\":[\"https:\/\/1office.co\/sweden\/sv\/produkt\/startpaket-lagerbolag-redovisning-skatteregistrering\/\"]}]},{\"@type\":\"ImageObject\",\"inLanguage\":\"sv-SE\",\"@id\":\"https:\/\/1office.co\/sweden\/sv\/produkt\/startpaket-lagerbolag-redovisning-skatteregistrering\/#primaryimage\",\"url\":\"https:\/\/1office.co\/sweden\/wp-content\/uploads\/sites\/13\/2022\/05\/Screenshot-2022-05-09-at-21.20.44-min.png\",\"contentUrl\":\"https:\/\/1office.co\/sweden\/wp-content\/uploads\/sites\/13\/2022\/05\/Screenshot-2022-05-09-at-21.20.44-min.png\",\"width\":1108,\"height\":1002,\"caption\":\"Start Construction Business in Sweden\"},{\"@type\":\"BreadcrumbList\",\"@id\":\"https:\/\/1office.co\/sweden\/sv\/produkt\/startpaket-lagerbolag-redovisning-skatteregistrering\/#breadcrumb\",\"itemListElement\":[{\"@type\":\"ListItem\",\"position\":1,\"name\":\"Home\",\"item\":\"https:\/\/1office.co\/sweden\/sv\/\"},{\"@type\":\"ListItem\",\"position\":2,\"name\":\"V\u00e5ra tj\u00e4nster\",\"item\":\"https:\/\/1office.co\/sweden\/sv\/our-services\/\"},{\"@type\":\"ListItem\",\"position\":3,\"name\":\"Startpaket (lagerbolag (AB), redovisning, skatteregistrering)\"}]},{\"@type\":\"WebSite\",\"@id\":\"https:\/\/1office.co\/sweden\/#website\",\"url\":\"https:\/\/1office.co\/sweden\/\",\"name\":\"1Office Sweden\",\"description\":\"Making Business Simple\",\"potentialAction\":[{\"@type\":\"SearchAction\",\"target\":{\"@type\":\"EntryPoint\",\"urlTemplate\":\"https:\/\/1office.co\/sweden\/?s={search_term_string}\"},\"query-input\":{\"@type\":\"PropertyValueSpecification\",\"valueRequired\":true,\"valueName\":\"search_term_string\"}}],\"inLanguage\":\"sv-SE\"}]}<\/script>\n<!-- \/ Yoast SEO Premium plugin. -->","yoast_head_json":{"title":"Start your business in Sweden with our help -1Office Sweden","description":"We have helped hundreds of companies to start their business in Sweden. In this package we have gathered together all the services necessary for taking up business in Sweden.","robots":{"index":"index","follow":"follow","max-snippet":"max-snippet:-1","max-image-preview":"max-image-preview:large","max-video-preview":"max-video-preview:-1"},"canonical":"https:\/\/1office.co\/sweden\/sv\/produkt\/startpaket-lagerbolag-redovisning-skatteregistrering\/","og_locale":"sv_SE","og_type":"article","og_title":"Startpaket (lagerbolag (AB), redovisning, skatteregistrering)","og_description":"We have helped hundreds of companies to start their business in Sweden. In this package we have gathered together all the services necessary for taking up business in Sweden.","og_url":"https:\/\/1office.co\/sweden\/sv\/produkt\/startpaket-lagerbolag-redovisning-skatteregistrering\/","og_site_name":"1Office Sweden","article_modified_time":"2026-02-20T08:36:25+00:00","og_image":[{"width":1108,"height":1002,"url":"https:\/\/1office.co\/sweden\/wp-content\/uploads\/sites\/13\/2022\/05\/Screenshot-2022-05-09-at-21.20.44-min.png","type":"image\/png"}],"twitter_card":"summary_large_image","twitter_misc":{"Ber\u00e4knad l\u00e4stid":"2 minuter"},"schema":{"@context":"https:\/\/schema.org","@graph":[{"@type":"WebPage","@id":"https:\/\/1office.co\/sweden\/sv\/produkt\/startpaket-lagerbolag-redovisning-skatteregistrering\/","url":"https:\/\/1office.co\/sweden\/sv\/produkt\/startpaket-lagerbolag-redovisning-skatteregistrering\/","name":"Start your business in Sweden with our help -1Office Sweden","isPartOf":{"@id":"https:\/\/1office.co\/sweden\/#website"},"primaryImageOfPage":{"@id":"https:\/\/1office.co\/sweden\/sv\/produkt\/startpaket-lagerbolag-redovisning-skatteregistrering\/#primaryimage"},"image":{"@id":"https:\/\/1office.co\/sweden\/sv\/produkt\/startpaket-lagerbolag-redovisning-skatteregistrering\/#primaryimage"},"thumbnailUrl":"https:\/\/1office.co\/sweden\/wp-content\/uploads\/sites\/13\/2022\/05\/Screenshot-2022-05-09-at-21.20.44-min.png","datePublished":"2022-05-30T13:56:52+00:00","dateModified":"2026-02-20T08:36:25+00:00","description":"We have helped hundreds of companies to start their business in Sweden. In this package we have gathered together all the services necessary for taking up business in Sweden.","breadcrumb":{"@id":"https:\/\/1office.co\/sweden\/sv\/produkt\/startpaket-lagerbolag-redovisning-skatteregistrering\/#breadcrumb"},"inLanguage":"sv-SE","potentialAction":[{"@type":"ReadAction","target":["https:\/\/1office.co\/sweden\/sv\/produkt\/startpaket-lagerbolag-redovisning-skatteregistrering\/"]}]},{"@type":"ImageObject","inLanguage":"sv-SE","@id":"https:\/\/1office.co\/sweden\/sv\/produkt\/startpaket-lagerbolag-redovisning-skatteregistrering\/#primaryimage","url":"https:\/\/1office.co\/sweden\/wp-content\/uploads\/sites\/13\/2022\/05\/Screenshot-2022-05-09-at-21.20.44-min.png","contentUrl":"https:\/\/1office.co\/sweden\/wp-content\/uploads\/sites\/13\/2022\/05\/Screenshot-2022-05-09-at-21.20.44-min.png","width":1108,"height":1002,"caption":"Start Construction Business in Sweden"},{"@type":"BreadcrumbList","@id":"https:\/\/1office.co\/sweden\/sv\/produkt\/startpaket-lagerbolag-redovisning-skatteregistrering\/#breadcrumb","itemListElement":[{"@type":"ListItem","position":1,"name":"Home","item":"https:\/\/1office.co\/sweden\/sv\/"},{"@type":"ListItem","position":2,"name":"V\u00e5ra tj\u00e4nster","item":"https:\/\/1office.co\/sweden\/sv\/our-services\/"},{"@type":"ListItem","position":3,"name":"Startpaket (lagerbolag (AB), redovisning, skatteregistrering)"}]},{"@type":"WebSite","@id":"https:\/\/1office.co\/sweden\/#website","url":"https:\/\/1office.co\/sweden\/","name":"1Office Sweden","description":"Making Business Simple","potentialAction":[{"@type":"SearchAction","target":{"@type":"EntryPoint","urlTemplate":"https:\/\/1office.co\/sweden\/?s={search_term_string}"},"query-input":{"@type":"PropertyValueSpecification","valueRequired":true,"valueName":"search_term_string"}}],"inLanguage":"sv-SE"}]}},"_links":{"self":[{"href":"https:\/\/1office.co\/sweden\/sv\/wp-json\/wp\/v2\/product\/60749","targetHints":{"allow":["GET"]}}],"collection":[{"href":"https:\/\/1office.co\/sweden\/sv\/wp-json\/wp\/v2\/product"}],"about":[{"href":"https:\/\/1office.co\/sweden\/sv\/wp-json\/wp\/v2\/types\/product"}],"wp:featuredmedia":[{"embeddable":true,"href":"https:\/\/1office.co\/sweden\/sv\/wp-json\/wp\/v2\/media\/60709"}],"wp:attachment":[{"href":"https:\/\/1office.co\/sweden\/sv\/wp-json\/wp\/v2\/media?parent=60749"}],"wp:term":[{"taxonomy":"product_brand","embeddable":true,"href":"https:\/\/1office.co\/sweden\/sv\/wp-json\/wp\/v2\/product_brand?post=60749"},{"taxonomy":"product_cat","embeddable":true,"href":"https:\/\/1office.co\/sweden\/sv\/wp-json\/wp\/v2\/product_cat?post=60749"},{"taxonomy":"product_tag","embeddable":true,"href":"https:\/\/1office.co\/sweden\/sv\/wp-json\/wp\/v2\/product_tag?post=60749"}],"curies":[{"name":"wp","href":"https:\/\/api.w.org\/{rel}","templated":true}]}}