{"id":57576,"date":"2018-01-26T08:26:54","date_gmt":"2018-01-26T08:26:54","guid":{"rendered":"https:\/\/1office.co\/uk\/product\/bookkeeping\/"},"modified":"2023-08-16T13:47:15","modified_gmt":"2023-08-16T13:47:15","slug":"raamatupidamisdokumentide-sisestamine","status":"publish","type":"product","link":"https:\/\/1office.co\/uk\/et\/toode\/raamatupidamisdokumentide-sisestamine\/","title":{"rendered":"Kuup\u00f5hine raamatupidamine"},"content":{"rendered":"<div class=\"wpb-content-wrapper\"><p>[vc_row][vc_column]<div id=\"advanced-tabs-desc-wrap-6246\" class=\"ult_tabs product_tabs\" style=\" \" data-tabsstyle=\"style1\"\n data-titlebg=\"#ffffff\" data-titlecolor=\"#b6b8ba\" data-fullheight=\"off\"\n data-titlehoverbg=\"#ffffff\" data-titlehovercolor=\"#1d1e23\"\n data-rotatetabs=\"0\" data-responsivemode=\"Both\" data-animation=\"Slide\"\ndata-activetitle=\"#1d1e23\" data-activeicon=\"\" data-activebg=\"#ffffff\"  data-respmode=\"Tabs\" data-respwidth=\"400\" data-scroll = \"on\" data-activeindex=\"1\"><ul id=advanced-tabs-wrap-9960 class=\"ult_tabmenu style1 \" style=\"\"><li class=\"ult_tab_li  \" data-iconcolor=\"#74777b\" data-iconhover=\"#ffffff\" style=\"background-color:#ffffff;border-color:transparent;border-width:0px;border-style:solid;border-top-left-radius:8px;\">\n\t\t\t\t\t<a href=\"#1512642751410-8598a-c205\"  id=\"1512642751410-8598a-c205\"  style=\"color:#b6b8ba;; padding:15px; \" class=\"ult_a  \">\n\t\t\t\t\t     <span class=\"ult_tab_main Both \">\n\t\t\t\t\t \t\t <span class=\"ult_tab_section\">\n\t\t\t\t\t   \t\t\t<span  data-ultimate-target='#advanced-tabs-wrap-9960 .ult-span-text'  data-responsive-json-new='{\"font-size\":\"desktop:14px;\",\"line-height\":\"\"}'  class=\"ult-span-text no_icon ult_tab_display_text ult-responsive\" style=\"font-weight:bold;;\">Kirjeldus<\/span>\n\t\t\t\t\t   \t\t<\/span>\n\t\t\t\t\t\t<\/span>\n\t\t\t\t\t<\/a>\n\t\t\t\t\t<\/li><li class=\"ult_tab_li  product-faq\" data-iconcolor=\"#74777b\" data-iconhover=\"#ffffff\" style=\"background-color:#ffffff;border-color:transparent;border-width:0px;border-style:solid;border-top-right-radius:8px;\">\n\t\t\t\t\t<a href=\"#1512642751435-8598a-c205\"  id=\"1512642751435-8598a-c205\"  style=\"color:#b6b8ba;; padding:15px; \" class=\"ult_a  \">\n\t\t\t\t\t     <span class=\"ult_tab_main Both \">\n\t\t\t\t\t \t\t <span class=\"ult_tab_section\">\n\t\t\t\t\t   \t\t\t<span  data-ultimate-target='#advanced-tabs-wrap-9960 .ult-span-text'  data-responsive-json-new='{\"font-size\":\"desktop:14px;\",\"line-height\":\"\"}'  class=\"ult-span-text no_icon ult_tab_display_text ult-responsive\" style=\"font-weight:bold;;\">KKK<\/span>\n\t\t\t\t\t   \t\t<\/span>\n\t\t\t\t\t\t<\/span>\n\t\t\t\t\t<\/a>\n\t\t\t\t\t<\/li><\/ul><div  data-ultimate-target='#advanced-tabs-desc-wrap-6246 .ult_tabcontent .ult_tab_min_contain  p'  data-responsive-json-new='{\"font-size\":\"\",\"line-height\":\"\"}' class=\"ult_tabcontent ult-responsive style1\" style=\"color:#74777b;\"><div class=\"ult_tab_min_contain \" >\n\t\t\t<div  class=\"ult_tabitemname\"  >\n\t\t\t\t[vc_column_text]<strong>Igakuise raamatupidamisteenuse hinnas sisaldub:<\/strong><\/p>\n<ul>\n<li>Ligip\u00e4\u00e4s rahvusvaheliste kogemustega raamatupidamistiimile<\/li>\n<li>Laiaulatuslik raamatupidamise tarkvara<\/li>\n<li>Ettev\u00f5tte iga-aastase andmete kinnituse aruande (Confirmation Statement) ja teiste \u00e4riregistri (Companies House) vormide t\u00e4itmine<\/li>\n<li>60 minutit raamatupidamisdokumentide sisestusega seotud t\u00f6id:\n<ul>\n<li>Panga v\u00e4ljav\u00f5tete, arvete ja teiste esmaste raamatupidamise andmete \u00fcleslaadimine raamatupidamisprogrammi<\/li>\n<li>Tehingute vastavusse viimine<\/li>\n<li>Palgakalkulatsioonide ettevalmistamine ja PAYE tagastuste esitamine HMRC-le<\/li>\n<li>K\u00e4ibemaksunumbri ja PAYE taotlemine<\/li>\n<\/ul>\n<\/li>\n<li>VAT registreerimine<\/li>\n<li>EORI numbri taotlemine<\/li>\n<\/ul>\n<p>&nbsp;<\/p>\n<p>&nbsp;<\/p>\n<p>Lisateenused:<\/p>\n<ul>\n<li>Raamatupidamisprogrammi kontode p\u00f5hjal k\u00e4ibemaksutagastuste ettevalmistamine ja t\u00e4itmine<\/li>\n<li>Raamatupidamise ja\/v\u00f5i maksude konsultatsioon<\/li>\n<li>Juhtkontode ja aruannete ettevalmistamine<\/li>\n<li>Raamatupidamise protsessi paikapanemine<\/li>\n<\/ul>\n<p>Tavaliselt on vajalik tellida nii raamatupidamise teenus kui ka raamatupidamisdokumentide sisetamise teenus, et katta k\u00f5ik ettev\u00f5tte vajadused. Me pakume m\u00f5lemat teenust ning nende eest on v\u00f5imalik tasuda \u00fche arvega.[\/vc_column_text]\n\t\t\t<\/div>\n\t\t\t<div  class=\"ult_tabitemname\"  >\n\t\t\t\t[vc_toggle title=&#8221;1.&#8221; style=&#8221;arrow&#8221; open=&#8221;true&#8221; custom_font_container=&#8221;tag:h5|text_align:left&#8221; custom_use_theme_fonts=&#8221;yes&#8221; use_custom_heading=&#8221;true&#8221;][\/vc_toggle]\n\t\t\t<\/div><\/div><\/div><\/div><div class=\"ult_acord advanced-tabs-desc-wrap-6246\">\n   <div class=\"ult-tabto-accordion \" style=\"width:;\"\n    data-titlecolor=\"#b6b8ba\"  data-titlebg=\"#ffffff\"\n     data-titlehoverbg=\"#ffffff\" data-titlehovercolor=\"#1d1e23\" data-animation=\"Slide\"\n     data-activetitle=\"#1d1e23\" data-activeicon=\"\" data-activebg=\"#ffffff\" data-scroll = \"on\" data-activeindex=\"1\" >\n     <dl><dt class=\"\">\n\t        \t<a class=\"ult-tabto-actitle withBorder ult_a \" id=\"1512642751410-8598a-c205\" style=\"color:#b6b8ba;;background-color:#ffffff;border-bottom-color:transparent;border-bottom-width:0px;border-bottom-style:solid;\" href=\"#1512642751410-8598a-c205\">\n\t        \t\t<i class=\"accordion-icon\"><\/i>\n\t        \t\t\t<span class=\"ult_tab_main ult_ac_main ult_noacordicnBoth\">\n\n\t\t\t\t\t\t<span  data-ultimate-target='#advanced-tabs-wrap-9960 .ult-span-text'  data-responsive-json-new='{\"font-size\":\"desktop:14px;\",\"line-height\":\"\"}'  class=\"ult-span-text no_icon ult_acordian-text ult-responsive\" style=\"font-weight:bold;;color:inherit \" >Kirjeldus<\/span>\n\t\t\t\t\t\t<\/span><\/a><\/dt>\n\t            \t\t<dd class=\"ult-tabto-accordionItem ult-tabto-accolapsed\">\n\t\t\t\t            <div class=\"ult-tabto-acontent\" style=\"color:#74777b;\">\n\t\t\t\t               [vc_column_text]<strong>Igakuise raamatupidamisteenuse hinnas sisaldub:<\/strong><\/p>\n<ul>\n<li>Ligip\u00e4\u00e4s rahvusvaheliste kogemustega raamatupidamistiimile<\/li>\n<li>Laiaulatuslik raamatupidamise tarkvara<\/li>\n<li>Ettev\u00f5tte iga-aastase andmete kinnituse aruande (Confirmation Statement) ja teiste \u00e4riregistri (Companies House) vormide t\u00e4itmine<\/li>\n<li>60 minutit raamatupidamisdokumentide sisestusega seotud t\u00f6id:\n<ul>\n<li>Panga v\u00e4ljav\u00f5tete, arvete ja teiste esmaste raamatupidamise andmete \u00fcleslaadimine raamatupidamisprogrammi<\/li>\n<li>Tehingute vastavusse viimine<\/li>\n<li>Palgakalkulatsioonide ettevalmistamine ja PAYE tagastuste esitamine HMRC-le<\/li>\n<li>K\u00e4ibemaksunumbri ja PAYE taotlemine<\/li>\n<\/ul>\n<\/li>\n<li>VAT registreerimine<\/li>\n<li>EORI numbri taotlemine<\/li>\n<\/ul>\n<p>&nbsp;<\/p>\n<p>&nbsp;<\/p>\n<p>Lisateenused:<\/p>\n<ul>\n<li>Raamatupidamisprogrammi kontode p\u00f5hjal k\u00e4ibemaksutagastuste ettevalmistamine ja t\u00e4itmine<\/li>\n<li>Raamatupidamise ja\/v\u00f5i maksude konsultatsioon<\/li>\n<li>Juhtkontode ja aruannete ettevalmistamine<\/li>\n<li>Raamatupidamise protsessi paikapanemine<\/li>\n<\/ul>\n<p>Tavaliselt on vajalik tellida nii raamatupidamise teenus kui ka raamatupidamisdokumentide sisetamise teenus, et katta k\u00f5ik ettev\u00f5tte vajadused. Me pakume m\u00f5lemat teenust ning nende eest on v\u00f5imalik tasuda \u00fche arvega.[\/vc_column_text]\n\t\t\t\t            <\/div>\n\t        \t\t\t<\/dd><dt class=\"product-faq\">\n\t        \t<a class=\"ult-tabto-actitle withBorder ult_a \" id=\"1512642751435-8598a-c205\" style=\"color:#b6b8ba;;background-color:#ffffff;border-bottom-color:transparent;border-bottom-width:0px;border-bottom-style:solid;border-bottom-color:transparent;border-bottom-width:0px;border-bottom-style:solid;\" href=\"#1512642751435-8598a-c205\">\n\t        \t\t<i class=\"accordion-icon\"><\/i>\n\t        \t\t\t<span class=\"ult_tab_main ult_ac_main ult_noacordicnBoth\">\n\n\t\t\t\t\t\t<span  data-ultimate-target='#advanced-tabs-wrap-9960 .ult-span-text'  data-responsive-json-new='{\"font-size\":\"desktop:14px;\",\"line-height\":\"\"}'  class=\"ult-span-text no_icon ult_acordian-text ult-responsive\" style=\"font-weight:bold;;color:inherit \" >KKK<\/span>\n\t\t\t\t\t\t<\/span><\/a><\/dt>\n\t            \t\t<dd class=\"ult-tabto-accordionItem ult-tabto-accolapsed\">\n\t\t\t\t            <div class=\"ult-tabto-acontent\" style=\"color:#74777b;\">\n\t\t\t\t               [vc_toggle title=&#8221;1.&#8221; style=&#8221;arrow&#8221; open=&#8221;true&#8221; custom_font_container=&#8221;tag:h5|text_align:left&#8221; custom_use_theme_fonts=&#8221;yes&#8221; use_custom_heading=&#8221;true&#8221;][\/vc_toggle]\n\t\t\t\t            <\/div>\n\t        \t\t\t<\/dd>\n    \t<\/dl>\n    <!--<div class=\"extraborder\" style=\"background-color:#ffffff\"><\/div>-->\n<\/div>\n\n<\/div>[\/vc_column][\/vc_row]<\/p>\n<\/div>","protected":false},"excerpt":{"rendered":"<p>Usalda oma ettev\u00f5tte raamatupidamine spetsialistide hoolde ning keskendu ise oma p\u00f5hi\u00e4rile. T\u00e4pne t\u00f6\u00f6maht ja protseduurid lepitakse kokku iga kliendiga eraldi.<\/p>\n","protected":false},"featured_media":57912,"template":"","meta":{"_acf_changed":false,"inline_featured_image":false},"product_brand":[],"product_cat":[307],"product_tag":[315],"class_list":{"0":"post-57576","1":"product","2":"type-product","3":"status-publish","4":"has-post-thumbnail","6":"product_cat-raamatupidamine","7":"product_tag-uk-et","8":"description-off","10":"first","11":"instock","12":"taxable","13":"shipping-taxable","14":"product-type-simple"},"bundled_by":[],"bundle_stock_status":"instock","bundle_stock_quantity":null,"bundle_virtual":false,"bundle_layout":"","bundle_add_to_cart_form_location":"","bundle_editable_in_cart":false,"bundle_sold_individually_context":"","bundle_item_grouping":"","bundle_min_size":"","bundle_max_size":"","bundle_price":[],"bundled_items":[],"bundle_sell_ids":[],"acf":[],"yoast_head":"<!-- This site is optimized with the Yoast SEO Premium plugin v22.1 (Yoast SEO v27.0) - https:\/\/yoast.com\/product\/yoast-seo-premium-wordpress\/ -->\n<title>Kuup\u00f5hine raamatupidamine - 1Office UK<\/title>\n<meta name=\"robots\" content=\"index, follow, max-snippet:-1, max-image-preview:large, max-video-preview:-1\" \/>\n<link rel=\"canonical\" href=\"https:\/\/1office.co\/uk\/et\/toode\/raamatupidamisdokumentide-sisestamine\/\" \/>\n<meta property=\"og:locale\" content=\"et_EE\" \/>\n<meta property=\"og:type\" content=\"article\" \/>\n<meta property=\"og:title\" content=\"Kuup\u00f5hine raamatupidamine\" \/>\n<meta property=\"og:description\" content=\"Usalda oma ettev\u00f5tte raamatupidamine spetsialistide hoolde ning keskendu ise oma p\u00f5hi\u00e4rile. T\u00e4pne t\u00f6\u00f6maht ja protseduurid lepitakse kokku iga kliendiga eraldi.\" \/>\n<meta property=\"og:url\" content=\"https:\/\/1office.co\/uk\/et\/toode\/raamatupidamisdokumentide-sisestamine\/\" \/>\n<meta property=\"og:site_name\" content=\"1Office UK\" \/>\n<meta property=\"article:modified_time\" content=\"2023-08-16T13:47:15+00:00\" \/>\n<meta property=\"og:image\" content=\"https:\/\/1office.co\/uk\/wp-content\/uploads\/sites\/14\/2018\/01\/bg-row-41.jpg\" \/>\n\t<meta property=\"og:image:width\" content=\"1600\" \/>\n\t<meta property=\"og:image:height\" content=\"1050\" \/>\n\t<meta property=\"og:image:type\" content=\"image\/jpeg\" \/>\n<meta name=\"twitter:card\" content=\"summary_large_image\" \/>\n<meta name=\"twitter:label1\" content=\"Est. reading time\" \/>\n\t<meta name=\"twitter:data1\" content=\"1 minut\" \/>\n<script type=\"application\/ld+json\" class=\"yoast-schema-graph\">{\"@context\":\"https:\/\/schema.org\",\"@graph\":[{\"@type\":\"WebPage\",\"@id\":\"https:\/\/1office.co\/uk\/et\/toode\/raamatupidamisdokumentide-sisestamine\/\",\"url\":\"https:\/\/1office.co\/uk\/et\/toode\/raamatupidamisdokumentide-sisestamine\/\",\"name\":\"Kuup\u00f5hine raamatupidamine - 1Office UK\",\"isPartOf\":{\"@id\":\"https:\/\/1office.co\/uk\/#website\"},\"primaryImageOfPage\":{\"@id\":\"https:\/\/1office.co\/uk\/et\/toode\/raamatupidamisdokumentide-sisestamine\/#primaryimage\"},\"image\":{\"@id\":\"https:\/\/1office.co\/uk\/et\/toode\/raamatupidamisdokumentide-sisestamine\/#primaryimage\"},\"thumbnailUrl\":\"https:\/\/1office.co\/uk\/wp-content\/uploads\/sites\/14\/2018\/01\/bg-row-41.jpg\",\"datePublished\":\"2018-01-26T08:26:54+00:00\",\"dateModified\":\"2023-08-16T13:47:15+00:00\",\"breadcrumb\":{\"@id\":\"https:\/\/1office.co\/uk\/et\/toode\/raamatupidamisdokumentide-sisestamine\/#breadcrumb\"},\"inLanguage\":\"et\",\"potentialAction\":[{\"@type\":\"ReadAction\",\"target\":[\"https:\/\/1office.co\/uk\/et\/toode\/raamatupidamisdokumentide-sisestamine\/\"]}]},{\"@type\":\"ImageObject\",\"inLanguage\":\"et\",\"@id\":\"https:\/\/1office.co\/uk\/et\/toode\/raamatupidamisdokumentide-sisestamine\/#primaryimage\",\"url\":\"https:\/\/1office.co\/uk\/wp-content\/uploads\/sites\/14\/2018\/01\/bg-row-41.jpg\",\"contentUrl\":\"https:\/\/1office.co\/uk\/wp-content\/uploads\/sites\/14\/2018\/01\/bg-row-41.jpg\",\"width\":1600,\"height\":1050,\"caption\":\"Monthly Accounting Service\"},{\"@type\":\"BreadcrumbList\",\"@id\":\"https:\/\/1office.co\/uk\/et\/toode\/raamatupidamisdokumentide-sisestamine\/#breadcrumb\",\"itemListElement\":[{\"@type\":\"ListItem\",\"position\":1,\"name\":\"Home\",\"item\":\"https:\/\/1office.co\/uk\/et\/\"},{\"@type\":\"ListItem\",\"position\":2,\"name\":\"Services Shop\",\"item\":\"https:\/\/1office.co\/uk\/our-services\/\"},{\"@type\":\"ListItem\",\"position\":3,\"name\":\"Kuup\u00f5hine raamatupidamine\"}]},{\"@type\":\"WebSite\",\"@id\":\"https:\/\/1office.co\/uk\/#website\",\"url\":\"https:\/\/1office.co\/uk\/\",\"name\":\"1Office UK\",\"description\":\"Making Business Simple\",\"potentialAction\":[{\"@type\":\"SearchAction\",\"target\":{\"@type\":\"EntryPoint\",\"urlTemplate\":\"https:\/\/1office.co\/uk\/?s={search_term_string}\"},\"query-input\":{\"@type\":\"PropertyValueSpecification\",\"valueRequired\":true,\"valueName\":\"search_term_string\"}}],\"inLanguage\":\"et\"}]}<\/script>\n<!-- \/ Yoast SEO Premium plugin. -->","yoast_head_json":{"title":"Kuup\u00f5hine raamatupidamine - 1Office UK","robots":{"index":"index","follow":"follow","max-snippet":"max-snippet:-1","max-image-preview":"max-image-preview:large","max-video-preview":"max-video-preview:-1"},"canonical":"https:\/\/1office.co\/uk\/et\/toode\/raamatupidamisdokumentide-sisestamine\/","og_locale":"et_EE","og_type":"article","og_title":"Kuup\u00f5hine raamatupidamine","og_description":"Usalda oma ettev\u00f5tte raamatupidamine spetsialistide hoolde ning keskendu ise oma p\u00f5hi\u00e4rile. T\u00e4pne t\u00f6\u00f6maht ja protseduurid lepitakse kokku iga kliendiga eraldi.","og_url":"https:\/\/1office.co\/uk\/et\/toode\/raamatupidamisdokumentide-sisestamine\/","og_site_name":"1Office UK","article_modified_time":"2023-08-16T13:47:15+00:00","og_image":[{"width":1600,"height":1050,"url":"https:\/\/1office.co\/uk\/wp-content\/uploads\/sites\/14\/2018\/01\/bg-row-41.jpg","type":"image\/jpeg"}],"twitter_card":"summary_large_image","twitter_misc":{"Est. reading time":"1 minut"},"schema":{"@context":"https:\/\/schema.org","@graph":[{"@type":"WebPage","@id":"https:\/\/1office.co\/uk\/et\/toode\/raamatupidamisdokumentide-sisestamine\/","url":"https:\/\/1office.co\/uk\/et\/toode\/raamatupidamisdokumentide-sisestamine\/","name":"Kuup\u00f5hine raamatupidamine - 1Office UK","isPartOf":{"@id":"https:\/\/1office.co\/uk\/#website"},"primaryImageOfPage":{"@id":"https:\/\/1office.co\/uk\/et\/toode\/raamatupidamisdokumentide-sisestamine\/#primaryimage"},"image":{"@id":"https:\/\/1office.co\/uk\/et\/toode\/raamatupidamisdokumentide-sisestamine\/#primaryimage"},"thumbnailUrl":"https:\/\/1office.co\/uk\/wp-content\/uploads\/sites\/14\/2018\/01\/bg-row-41.jpg","datePublished":"2018-01-26T08:26:54+00:00","dateModified":"2023-08-16T13:47:15+00:00","breadcrumb":{"@id":"https:\/\/1office.co\/uk\/et\/toode\/raamatupidamisdokumentide-sisestamine\/#breadcrumb"},"inLanguage":"et","potentialAction":[{"@type":"ReadAction","target":["https:\/\/1office.co\/uk\/et\/toode\/raamatupidamisdokumentide-sisestamine\/"]}]},{"@type":"ImageObject","inLanguage":"et","@id":"https:\/\/1office.co\/uk\/et\/toode\/raamatupidamisdokumentide-sisestamine\/#primaryimage","url":"https:\/\/1office.co\/uk\/wp-content\/uploads\/sites\/14\/2018\/01\/bg-row-41.jpg","contentUrl":"https:\/\/1office.co\/uk\/wp-content\/uploads\/sites\/14\/2018\/01\/bg-row-41.jpg","width":1600,"height":1050,"caption":"Monthly Accounting Service"},{"@type":"BreadcrumbList","@id":"https:\/\/1office.co\/uk\/et\/toode\/raamatupidamisdokumentide-sisestamine\/#breadcrumb","itemListElement":[{"@type":"ListItem","position":1,"name":"Home","item":"https:\/\/1office.co\/uk\/et\/"},{"@type":"ListItem","position":2,"name":"Services Shop","item":"https:\/\/1office.co\/uk\/our-services\/"},{"@type":"ListItem","position":3,"name":"Kuup\u00f5hine raamatupidamine"}]},{"@type":"WebSite","@id":"https:\/\/1office.co\/uk\/#website","url":"https:\/\/1office.co\/uk\/","name":"1Office UK","description":"Making Business Simple","potentialAction":[{"@type":"SearchAction","target":{"@type":"EntryPoint","urlTemplate":"https:\/\/1office.co\/uk\/?s={search_term_string}"},"query-input":{"@type":"PropertyValueSpecification","valueRequired":true,"valueName":"search_term_string"}}],"inLanguage":"et"}]}},"_links":{"self":[{"href":"https:\/\/1office.co\/uk\/et\/wp-json\/wp\/v2\/product\/57576","targetHints":{"allow":["GET"]}}],"collection":[{"href":"https:\/\/1office.co\/uk\/et\/wp-json\/wp\/v2\/product"}],"about":[{"href":"https:\/\/1office.co\/uk\/et\/wp-json\/wp\/v2\/types\/product"}],"wp:featuredmedia":[{"embeddable":true,"href":"https:\/\/1office.co\/uk\/et\/wp-json\/wp\/v2\/media\/57912"}],"wp:attachment":[{"href":"https:\/\/1office.co\/uk\/et\/wp-json\/wp\/v2\/media?parent=57576"}],"wp:term":[{"taxonomy":"product_brand","embeddable":true,"href":"https:\/\/1office.co\/uk\/et\/wp-json\/wp\/v2\/product_brand?post=57576"},{"taxonomy":"product_cat","embeddable":true,"href":"https:\/\/1office.co\/uk\/et\/wp-json\/wp\/v2\/product_cat?post=57576"},{"taxonomy":"product_tag","embeddable":true,"href":"https:\/\/1office.co\/uk\/et\/wp-json\/wp\/v2\/product_tag?post=57576"}],"curies":[{"name":"wp","href":"https:\/\/api.w.org\/{rel}","templated":true}]}}