{"id":57635,"date":"2017-12-13T12:43:01","date_gmt":"2018-01-27T17:29:03","guid":{"rendered":"https:\/\/1office.co\/uk\/?post_type=product&#038;p=57635"},"modified":"2023-10-31T08:58:30","modified_gmt":"2023-10-31T08:58:30","slug":"maksuregistreeringud","status":"publish","type":"product","link":"https:\/\/1office.co\/uk\/et\/toode\/maksuregistreeringud\/","title":{"rendered":"Maksuregistreeringud"},"content":{"rendered":"<div class=\"wpb-content-wrapper\"><p>[vc_row][vc_column]<div id=\"advanced-tabs-desc-wrap-2159\" class=\"ult_tabs product_tabs\" style=\" \" data-tabsstyle=\"style1\"\n data-titlebg=\"#ffffff\" data-titlecolor=\"#b6b8ba\" data-fullheight=\"off\"\n data-titlehoverbg=\"#ffffff\" data-titlehovercolor=\"#1d1e23\"\n data-rotatetabs=\"0\" data-responsivemode=\"Both\" data-animation=\"Slide\"\ndata-activetitle=\"#1d1e23\" data-activeicon=\"\" data-activebg=\"#ffffff\"  data-respmode=\"Tabs\" data-respwidth=\"400\" data-scroll = \"on\" data-activeindex=\"1\"><ul id=advanced-tabs-wrap-1028 class=\"ult_tabmenu style1 \" style=\"\"><li class=\"ult_tab_li  \" data-iconcolor=\"#74777b\" data-iconhover=\"#ffffff\" style=\"background-color:#ffffff;border-color:transparent;border-width:0px;border-style:solid;border-top-left-radius:8px;\">\n\t\t\t\t\t<a href=\"#1512642751410-8ee0b-c3ff\"  id=\"1512642751410-8ee0b-c3ff\"  style=\"color:#b6b8ba;; padding:15px; \" class=\"ult_a  \">\n\t\t\t\t\t     <span class=\"ult_tab_main Both \">\n\t\t\t\t\t \t\t <span class=\"ult_tab_section\">\n\t\t\t\t\t   \t\t\t<span  data-ultimate-target='#advanced-tabs-wrap-1028 .ult-span-text'  data-responsive-json-new='{\"font-size\":\"desktop:14px;\",\"line-height\":\"\"}'  class=\"ult-span-text no_icon ult_tab_display_text ult-responsive\" style=\"font-weight:bold;;\">Kirjeldus<\/span>\n\t\t\t\t\t   \t\t<\/span>\n\t\t\t\t\t\t<\/span>\n\t\t\t\t\t<\/a>\n\t\t\t\t\t<\/li><li class=\"ult_tab_li  \" data-iconcolor=\"#74777b\" data-iconhover=\"#ffffff\" style=\"background-color:#ffffff;border-color:transparent;border-width:0px;border-style:solid;border-top-right-radius:8px;\">\n\t\t\t\t\t<a href=\"#1516957953083-1-0\"  id=\"1516957953083-1-0\"  style=\"color:#b6b8ba;; padding:15px; \" class=\"ult_a  \">\n\t\t\t\t\t     <span class=\"ult_tab_main Both \">\n\t\t\t\t\t \t\t <span class=\"ult_tab_section\">\n\t\t\t\t\t   \t\t\t<span  data-ultimate-target='#advanced-tabs-wrap-1028 .ult-span-text'  data-responsive-json-new='{\"font-size\":\"desktop:14px;\",\"line-height\":\"\"}'  class=\"ult-span-text no_icon ult_tab_display_text ult-responsive\" style=\"font-weight:bold;;\">KKK<\/span>\n\t\t\t\t\t   \t\t<\/span>\n\t\t\t\t\t\t<\/span>\n\t\t\t\t\t<\/a>\n\t\t\t\t\t<\/li><\/ul><div  data-ultimate-target='#advanced-tabs-desc-wrap-2159 .ult_tabcontent .ult_tab_min_contain  p'  data-responsive-json-new='{\"font-size\":\"\",\"line-height\":\"\"}' class=\"ult_tabcontent ult-responsive style1\" style=\"color:#74777b;\"><div class=\"ult_tab_min_contain \" >\n\t\t\t<div  class=\"ult_tabitemname\"  >\n\t\t\t\t[vc_column_text]<strong>Aitame j\u00e4rgnevate maksuregistreeringute tegemisel:<\/strong><\/p>\n<ul>\n<li>K\u00e4ibemaksunumber (VAT)<\/li>\n<li>T\u00f6\u00f6andjaks registreerimine (PAYE)<\/li>\n<\/ul>\n<p>K\u00e4ibemaksunumbri registreerimine: Sul on v\u00f5imalik k\u00e4ibemaksunumber registreerida igal ajahetkel, kuid kui ettev\u00f5tte k\u00e4ive \u00fcletab \u00a385,000 v\u00f5i on planeeritud seda summat \u00fcletama, on k\u00e4ibemaksunumbri registreerimine kohustuslik.<\/p>\n<p>T\u00f6\u00f6andjaks registreerimine: T\u00f6\u00f6andjaks registreerimine muutub ettev\u00f5ttele kohustuslikuks sellel hetkel, kui ettev\u00f5te esimese t\u00f6\u00f6taja palkab. Registreerimine tuleks teha enne esimeste palgamaksete tegemist. Palkade maksmisel tuleb sellest maha arvata tulumaks ja sotsiaalkindlustus ning antud informatsioon edastada maksuametile.<\/p>\n<p><strong>Hinnas sisaldub:<\/strong><\/p>\n<ul>\n<li>K\u00e4ibemaksu v\u00f5i t\u00f6\u00f6andjaks registreerimiseks kogu vajaliku informatsiooni kokkukogumine<\/li>\n<li>K\u00f5ikide vajalike vormide ja taotluste t\u00e4itmine ettev\u00f5tte andmetega<\/li>\n<li>Andmete esitamine maksuametile (HMRC)<\/li>\n<\/ul>\n<p><strong>Oluline informatsioon:<\/strong><\/p>\n<ul>\n<li>Kui k\u00e4ibemaksu v\u00f5i t\u00f6\u00f6andjaks registreerimise avaldus on maksuameti poolt vastu v\u00f5etud ning nad ei vaja ettev\u00f5tte kohta lisainformatsiooni, toimub registreerimine umbes 10-15 t\u00f6\u00f6p\u00e4eva jooksul.<\/li>\n<li>Juhul kui maksuamet n\u00f5uab lisainformatsiooni, kirjutavad nad ettev\u00f5tte \u00e4riaadressile.<\/li>\n<li>Kui osa\u00fching (Ltd.) palkab \u00fche v\u00f5i rohkem t\u00f6\u00f6tajaid v\u00f5i kui osa\u00fchingul on rohkem kui \u00fcks juhatuse liige (<em>director<\/em>), on kohustuslik t\u00f6\u00f6andja vastutuskindlustus. Isegi kui t\u00f6\u00f6tajateks on perekonnaliikmed, on siiski kindlustuspoliis vajalik.<\/li>\n<\/ul>\n<p>[\/vc_column_text]\n\t\t\t<\/div>\n\t\t\t<div  class=\"ult_tabitemname\"  >\n\t\t\t\t[vc_toggle title=&#8221;1. Millal peab ettev\u00f5tte k\u00e4ibemaksukohustuslasena registreerima?&#8221; style=&#8221;arrow&#8221; size=&#8221;sm&#8221; custom_font_container=&#8221;tag:h5|text_align:left|color:%230c0c0c&#8221; custom_use_theme_fonts=&#8221;yes&#8221; use_custom_heading=&#8221;true&#8221;]Suurbritannias on k\u00e4ibemaksukohustuslasena registreerimine kohustuslik juhul, kui maksustatav k\u00e4ive \u00fcletab 85 000\u00a3 aastas.[\/vc_toggle][vc_toggle title=&#8221;2. Kas k\u00e4bemaksukohustuslase numbrit on v\u00f5imalik taotleda ka enne selle k\u00e4ibe t\u00e4itumist?&#8221; style=&#8221;arrow&#8221; size=&#8221;sm&#8221; custom_font_container=&#8221;tag:h5|text_align:left|color:%230c0c0c&#8221; custom_use_theme_fonts=&#8221;yes&#8221; use_custom_heading=&#8221;true&#8221;]Jah. V\u00f5ite registreeringut taotleda ka enne seda, kuid olge valmis selleks, et kui ei ole piisavalt t\u00f5endeid \u00e4ritegevuse kohta Suurbritannias, ei pruugi HMRC taotlust aktsepteerida.[\/vc_toggle][vc_toggle title=&#8221;3. Millal on vajalik ettev\u00f5te t\u00f6\u00f6andjaks registreerida?&#8221; style=&#8221;arrow&#8221; size=&#8221;sm&#8221; custom_font_container=&#8221;tag:h5|text_align:left|color:%230c0c0c&#8221; custom_use_theme_fonts=&#8221;yes&#8221; use_custom_heading=&#8221;true&#8221;]See registreering on vajalik juhul, kui palkate t\u00f6\u00f6taja(d) Suurbritannias.[\/vc_toggle]\n\t\t\t<\/div><\/div><\/div><\/div><div class=\"ult_acord advanced-tabs-desc-wrap-2159\">\n   <div class=\"ult-tabto-accordion \" style=\"width:;\"\n    data-titlecolor=\"#b6b8ba\"  data-titlebg=\"#ffffff\"\n     data-titlehoverbg=\"#ffffff\" data-titlehovercolor=\"#1d1e23\" data-animation=\"Slide\"\n     data-activetitle=\"#1d1e23\" data-activeicon=\"\" data-activebg=\"#ffffff\" data-scroll = \"on\" data-activeindex=\"1\" >\n     <dl><dt class=\"\">\n\t        \t<a class=\"ult-tabto-actitle withBorder ult_a \" id=\"1512642751410-8ee0b-c3ff\" style=\"color:#b6b8ba;;background-color:#ffffff;border-bottom-color:transparent;border-bottom-width:0px;border-bottom-style:solid;\" href=\"#1512642751410-8ee0b-c3ff\">\n\t        \t\t<i class=\"accordion-icon\"><\/i>\n\t        \t\t\t<span class=\"ult_tab_main ult_ac_main ult_noacordicnBoth\">\n\n\t\t\t\t\t\t<span  data-ultimate-target='#advanced-tabs-wrap-1028 .ult-span-text'  data-responsive-json-new='{\"font-size\":\"desktop:14px;\",\"line-height\":\"\"}'  class=\"ult-span-text no_icon ult_acordian-text ult-responsive\" style=\"font-weight:bold;;color:inherit \" >Kirjeldus<\/span>\n\t\t\t\t\t\t<\/span><\/a><\/dt>\n\t            \t\t<dd class=\"ult-tabto-accordionItem ult-tabto-accolapsed\">\n\t\t\t\t            <div class=\"ult-tabto-acontent\" style=\"color:#74777b;\">\n\t\t\t\t               [vc_column_text]<strong>Aitame j\u00e4rgnevate maksuregistreeringute tegemisel:<\/strong><\/p>\n<ul>\n<li>K\u00e4ibemaksunumber (VAT)<\/li>\n<li>T\u00f6\u00f6andjaks registreerimine (PAYE)<\/li>\n<\/ul>\n<p>K\u00e4ibemaksunumbri registreerimine: Sul on v\u00f5imalik k\u00e4ibemaksunumber registreerida igal ajahetkel, kuid kui ettev\u00f5tte k\u00e4ive \u00fcletab \u00a385,000 v\u00f5i on planeeritud seda summat \u00fcletama, on k\u00e4ibemaksunumbri registreerimine kohustuslik.<\/p>\n<p>T\u00f6\u00f6andjaks registreerimine: T\u00f6\u00f6andjaks registreerimine muutub ettev\u00f5ttele kohustuslikuks sellel hetkel, kui ettev\u00f5te esimese t\u00f6\u00f6taja palkab. Registreerimine tuleks teha enne esimeste palgamaksete tegemist. Palkade maksmisel tuleb sellest maha arvata tulumaks ja sotsiaalkindlustus ning antud informatsioon edastada maksuametile.<\/p>\n<p><strong>Hinnas sisaldub:<\/strong><\/p>\n<ul>\n<li>K\u00e4ibemaksu v\u00f5i t\u00f6\u00f6andjaks registreerimiseks kogu vajaliku informatsiooni kokkukogumine<\/li>\n<li>K\u00f5ikide vajalike vormide ja taotluste t\u00e4itmine ettev\u00f5tte andmetega<\/li>\n<li>Andmete esitamine maksuametile (HMRC)<\/li>\n<\/ul>\n<p><strong>Oluline informatsioon:<\/strong><\/p>\n<ul>\n<li>Kui k\u00e4ibemaksu v\u00f5i t\u00f6\u00f6andjaks registreerimise avaldus on maksuameti poolt vastu v\u00f5etud ning nad ei vaja ettev\u00f5tte kohta lisainformatsiooni, toimub registreerimine umbes 10-15 t\u00f6\u00f6p\u00e4eva jooksul.<\/li>\n<li>Juhul kui maksuamet n\u00f5uab lisainformatsiooni, kirjutavad nad ettev\u00f5tte \u00e4riaadressile.<\/li>\n<li>Kui osa\u00fching (Ltd.) palkab \u00fche v\u00f5i rohkem t\u00f6\u00f6tajaid v\u00f5i kui osa\u00fchingul on rohkem kui \u00fcks juhatuse liige (<em>director<\/em>), on kohustuslik t\u00f6\u00f6andja vastutuskindlustus. Isegi kui t\u00f6\u00f6tajateks on perekonnaliikmed, on siiski kindlustuspoliis vajalik.<\/li>\n<\/ul>\n<p>[\/vc_column_text]\n\t\t\t\t            <\/div>\n\t        \t\t\t<\/dd><dt class=\"\">\n\t        \t<a class=\"ult-tabto-actitle withBorder ult_a \" id=\"1516957953083-1-0\" style=\"color:#b6b8ba;;background-color:#ffffff;border-bottom-color:transparent;border-bottom-width:0px;border-bottom-style:solid;border-bottom-color:transparent;border-bottom-width:0px;border-bottom-style:solid;\" href=\"#1516957953083-1-0\">\n\t        \t\t<i class=\"accordion-icon\"><\/i>\n\t        \t\t\t<span class=\"ult_tab_main ult_ac_main ult_noacordicnBoth\">\n\n\t\t\t\t\t\t<span  data-ultimate-target='#advanced-tabs-wrap-1028 .ult-span-text'  data-responsive-json-new='{\"font-size\":\"desktop:14px;\",\"line-height\":\"\"}'  class=\"ult-span-text no_icon ult_acordian-text ult-responsive\" style=\"font-weight:bold;;color:inherit \" >KKK<\/span>\n\t\t\t\t\t\t<\/span><\/a><\/dt>\n\t            \t\t<dd class=\"ult-tabto-accordionItem ult-tabto-accolapsed\">\n\t\t\t\t            <div class=\"ult-tabto-acontent\" style=\"color:#74777b;\">\n\t\t\t\t               [vc_toggle title=&#8221;1. Millal peab ettev\u00f5tte k\u00e4ibemaksukohustuslasena registreerima?&#8221; style=&#8221;arrow&#8221; size=&#8221;sm&#8221; custom_font_container=&#8221;tag:h5|text_align:left|color:%230c0c0c&#8221; custom_use_theme_fonts=&#8221;yes&#8221; use_custom_heading=&#8221;true&#8221;]Suurbritannias on k\u00e4ibemaksukohustuslasena registreerimine kohustuslik juhul, kui maksustatav k\u00e4ive \u00fcletab 85 000\u00a3 aastas.[\/vc_toggle][vc_toggle title=&#8221;2. Kas k\u00e4bemaksukohustuslase numbrit on v\u00f5imalik taotleda ka enne selle k\u00e4ibe t\u00e4itumist?&#8221; style=&#8221;arrow&#8221; size=&#8221;sm&#8221; custom_font_container=&#8221;tag:h5|text_align:left|color:%230c0c0c&#8221; custom_use_theme_fonts=&#8221;yes&#8221; use_custom_heading=&#8221;true&#8221;]Jah. V\u00f5ite registreeringut taotleda ka enne seda, kuid olge valmis selleks, et kui ei ole piisavalt t\u00f5endeid \u00e4ritegevuse kohta Suurbritannias, ei pruugi HMRC taotlust aktsepteerida.[\/vc_toggle][vc_toggle title=&#8221;3. Millal on vajalik ettev\u00f5te t\u00f6\u00f6andjaks registreerida?&#8221; style=&#8221;arrow&#8221; size=&#8221;sm&#8221; custom_font_container=&#8221;tag:h5|text_align:left|color:%230c0c0c&#8221; custom_use_theme_fonts=&#8221;yes&#8221; use_custom_heading=&#8221;true&#8221;]See registreering on vajalik juhul, kui palkate t\u00f6\u00f6taja(d) Suurbritannias.[\/vc_toggle]\n\t\t\t\t            <\/div>\n\t        \t\t\t<\/dd>\n    \t<\/dl>\n    <!--<div class=\"extraborder\" style=\"background-color:#ffffff\"><\/div>-->\n<\/div>\n\n<\/div>[\/vc_column][\/vc_row]<\/p>\n<\/div>","protected":false},"excerpt":{"rendered":"<p>K\u00e4ibemaksunumbri registreerimise kohustus tekib siis, kui ettev\u00f5tte maksustatav k\u00e4ive \u00fcletab kalendriaastas 40 000 eurot. Ettev\u00f5te saab registreerida k\u00e4ibemaksunumbri ka enne selle summa \u00fcletamist. T\u00f6\u00f6andjaks registreerimine on kohustuslik alates sellest hetkest, kui ettev\u00f5te esimese t\u00f6\u00f6taja palkab.<\/p>\n","protected":false},"featured_media":57423,"template":"","meta":{"_acf_changed":false,"inline_featured_image":false},"product_brand":[],"product_cat":[307],"product_tag":[315],"class_list":{"0":"post-57635","1":"product","2":"type-product","3":"status-publish","4":"has-post-thumbnail","6":"product_cat-raamatupidamine","7":"product_tag-uk-et","8":"description-off","10":"first","11":"instock","12":"virtual","13":"taxable","14":"purchasable","15":"product-type-simple"},"bundled_by":[],"bundle_stock_status":"instock","bundle_stock_quantity":null,"bundle_virtual":false,"bundle_layout":"","bundle_add_to_cart_form_location":"","bundle_editable_in_cart":false,"bundle_sold_individually_context":"","bundle_item_grouping":"","bundle_min_size":"","bundle_max_size":"","bundle_price":[],"bundled_items":[],"bundle_sell_ids":[],"acf":[],"yoast_head":"<!-- This site is optimized with the Yoast SEO Premium plugin v22.1 (Yoast SEO v27.0) - https:\/\/yoast.com\/product\/yoast-seo-premium-wordpress\/ -->\n<title>Maksuregistreeringud - 1Office UK<\/title>\n<meta name=\"description\" content=\"Lisaks ettev\u00f5tte asutamisele \u00e4riregistris, on \u00e4ri alustamisest kolme kuu jooksul vajalik teha ka maksuregistreeringud.\" \/>\n<meta name=\"robots\" content=\"index, follow, max-snippet:-1, max-image-preview:large, max-video-preview:-1\" \/>\n<link rel=\"canonical\" href=\"https:\/\/1office.co\/uk\/et\/toode\/maksuregistreeringud\/\" \/>\n<meta property=\"og:locale\" content=\"et_EE\" \/>\n<meta property=\"og:type\" content=\"article\" \/>\n<meta property=\"og:title\" content=\"Maksuregistreeringud\" \/>\n<meta property=\"og:description\" content=\"Lisaks ettev\u00f5tte asutamisele \u00e4riregistris, on \u00e4ri alustamisest kolme kuu jooksul vajalik teha ka maksuregistreeringud.\" \/>\n<meta property=\"og:url\" content=\"https:\/\/1office.co\/uk\/et\/toode\/maksuregistreeringud\/\" \/>\n<meta property=\"og:site_name\" content=\"1Office UK\" \/>\n<meta property=\"article:modified_time\" content=\"2023-10-31T08:58:30+00:00\" \/>\n<meta property=\"og:image\" content=\"https:\/\/1office.co\/uk\/wp-content\/uploads\/sites\/14\/2017\/08\/calculator-calculation-insurance-finance-53621.jpeg\" \/>\n\t<meta property=\"og:image:width\" content=\"1920\" \/>\n\t<meta property=\"og:image:height\" content=\"1131\" \/>\n\t<meta property=\"og:image:type\" content=\"image\/jpeg\" \/>\n<meta name=\"twitter:card\" content=\"summary_large_image\" \/>\n<meta name=\"twitter:label1\" content=\"Est. reading time\" \/>\n\t<meta name=\"twitter:data1\" content=\"2 minutit\" \/>\n<script type=\"application\/ld+json\" class=\"yoast-schema-graph\">{\"@context\":\"https:\/\/schema.org\",\"@graph\":[{\"@type\":\"WebPage\",\"@id\":\"https:\/\/1office.co\/uk\/et\/toode\/maksuregistreeringud\/\",\"url\":\"https:\/\/1office.co\/uk\/et\/toode\/maksuregistreeringud\/\",\"name\":\"Maksuregistreeringud - 1Office UK\",\"isPartOf\":{\"@id\":\"https:\/\/1office.co\/uk\/#website\"},\"primaryImageOfPage\":{\"@id\":\"https:\/\/1office.co\/uk\/et\/toode\/maksuregistreeringud\/#primaryimage\"},\"image\":{\"@id\":\"https:\/\/1office.co\/uk\/et\/toode\/maksuregistreeringud\/#primaryimage\"},\"thumbnailUrl\":\"https:\/\/1office.co\/uk\/wp-content\/uploads\/sites\/14\/2017\/08\/calculator-calculation-insurance-finance-53621.jpeg\",\"datePublished\":\"2018-01-27T17:29:03+00:00\",\"dateModified\":\"2023-10-31T08:58:30+00:00\",\"description\":\"Lisaks ettev\u00f5tte asutamisele \u00e4riregistris, on \u00e4ri alustamisest kolme kuu jooksul vajalik teha ka maksuregistreeringud.\",\"breadcrumb\":{\"@id\":\"https:\/\/1office.co\/uk\/et\/toode\/maksuregistreeringud\/#breadcrumb\"},\"inLanguage\":\"et\",\"potentialAction\":[{\"@type\":\"ReadAction\",\"target\":[\"https:\/\/1office.co\/uk\/et\/toode\/maksuregistreeringud\/\"]}]},{\"@type\":\"ImageObject\",\"inLanguage\":\"et\",\"@id\":\"https:\/\/1office.co\/uk\/et\/toode\/maksuregistreeringud\/#primaryimage\",\"url\":\"https:\/\/1office.co\/uk\/wp-content\/uploads\/sites\/14\/2017\/08\/calculator-calculation-insurance-finance-53621.jpeg\",\"contentUrl\":\"https:\/\/1office.co\/uk\/wp-content\/uploads\/sites\/14\/2017\/08\/calculator-calculation-insurance-finance-53621.jpeg\",\"width\":1920,\"height\":1131,\"caption\":\"UK VAT Registration\"},{\"@type\":\"BreadcrumbList\",\"@id\":\"https:\/\/1office.co\/uk\/et\/toode\/maksuregistreeringud\/#breadcrumb\",\"itemListElement\":[{\"@type\":\"ListItem\",\"position\":1,\"name\":\"Home\",\"item\":\"https:\/\/1office.co\/uk\/et\/\"},{\"@type\":\"ListItem\",\"position\":2,\"name\":\"Services Shop\",\"item\":\"https:\/\/1office.co\/uk\/our-services\/\"},{\"@type\":\"ListItem\",\"position\":3,\"name\":\"Maksuregistreeringud\"}]},{\"@type\":\"WebSite\",\"@id\":\"https:\/\/1office.co\/uk\/#website\",\"url\":\"https:\/\/1office.co\/uk\/\",\"name\":\"1Office UK\",\"description\":\"Making Business Simple\",\"potentialAction\":[{\"@type\":\"SearchAction\",\"target\":{\"@type\":\"EntryPoint\",\"urlTemplate\":\"https:\/\/1office.co\/uk\/?s={search_term_string}\"},\"query-input\":{\"@type\":\"PropertyValueSpecification\",\"valueRequired\":true,\"valueName\":\"search_term_string\"}}],\"inLanguage\":\"et\"}]}<\/script>\n<!-- \/ Yoast SEO Premium plugin. -->","yoast_head_json":{"title":"Maksuregistreeringud - 1Office UK","description":"Lisaks ettev\u00f5tte asutamisele \u00e4riregistris, on \u00e4ri alustamisest kolme kuu jooksul vajalik teha ka maksuregistreeringud.","robots":{"index":"index","follow":"follow","max-snippet":"max-snippet:-1","max-image-preview":"max-image-preview:large","max-video-preview":"max-video-preview:-1"},"canonical":"https:\/\/1office.co\/uk\/et\/toode\/maksuregistreeringud\/","og_locale":"et_EE","og_type":"article","og_title":"Maksuregistreeringud","og_description":"Lisaks ettev\u00f5tte asutamisele \u00e4riregistris, on \u00e4ri alustamisest kolme kuu jooksul vajalik teha ka maksuregistreeringud.","og_url":"https:\/\/1office.co\/uk\/et\/toode\/maksuregistreeringud\/","og_site_name":"1Office UK","article_modified_time":"2023-10-31T08:58:30+00:00","og_image":[{"width":1920,"height":1131,"url":"https:\/\/1office.co\/uk\/wp-content\/uploads\/sites\/14\/2017\/08\/calculator-calculation-insurance-finance-53621.jpeg","type":"image\/jpeg"}],"twitter_card":"summary_large_image","twitter_misc":{"Est. reading time":"2 minutit"},"schema":{"@context":"https:\/\/schema.org","@graph":[{"@type":"WebPage","@id":"https:\/\/1office.co\/uk\/et\/toode\/maksuregistreeringud\/","url":"https:\/\/1office.co\/uk\/et\/toode\/maksuregistreeringud\/","name":"Maksuregistreeringud - 1Office UK","isPartOf":{"@id":"https:\/\/1office.co\/uk\/#website"},"primaryImageOfPage":{"@id":"https:\/\/1office.co\/uk\/et\/toode\/maksuregistreeringud\/#primaryimage"},"image":{"@id":"https:\/\/1office.co\/uk\/et\/toode\/maksuregistreeringud\/#primaryimage"},"thumbnailUrl":"https:\/\/1office.co\/uk\/wp-content\/uploads\/sites\/14\/2017\/08\/calculator-calculation-insurance-finance-53621.jpeg","datePublished":"2018-01-27T17:29:03+00:00","dateModified":"2023-10-31T08:58:30+00:00","description":"Lisaks ettev\u00f5tte asutamisele \u00e4riregistris, on \u00e4ri alustamisest kolme kuu jooksul vajalik teha ka maksuregistreeringud.","breadcrumb":{"@id":"https:\/\/1office.co\/uk\/et\/toode\/maksuregistreeringud\/#breadcrumb"},"inLanguage":"et","potentialAction":[{"@type":"ReadAction","target":["https:\/\/1office.co\/uk\/et\/toode\/maksuregistreeringud\/"]}]},{"@type":"ImageObject","inLanguage":"et","@id":"https:\/\/1office.co\/uk\/et\/toode\/maksuregistreeringud\/#primaryimage","url":"https:\/\/1office.co\/uk\/wp-content\/uploads\/sites\/14\/2017\/08\/calculator-calculation-insurance-finance-53621.jpeg","contentUrl":"https:\/\/1office.co\/uk\/wp-content\/uploads\/sites\/14\/2017\/08\/calculator-calculation-insurance-finance-53621.jpeg","width":1920,"height":1131,"caption":"UK VAT Registration"},{"@type":"BreadcrumbList","@id":"https:\/\/1office.co\/uk\/et\/toode\/maksuregistreeringud\/#breadcrumb","itemListElement":[{"@type":"ListItem","position":1,"name":"Home","item":"https:\/\/1office.co\/uk\/et\/"},{"@type":"ListItem","position":2,"name":"Services Shop","item":"https:\/\/1office.co\/uk\/our-services\/"},{"@type":"ListItem","position":3,"name":"Maksuregistreeringud"}]},{"@type":"WebSite","@id":"https:\/\/1office.co\/uk\/#website","url":"https:\/\/1office.co\/uk\/","name":"1Office UK","description":"Making Business Simple","potentialAction":[{"@type":"SearchAction","target":{"@type":"EntryPoint","urlTemplate":"https:\/\/1office.co\/uk\/?s={search_term_string}"},"query-input":{"@type":"PropertyValueSpecification","valueRequired":true,"valueName":"search_term_string"}}],"inLanguage":"et"}]}},"_links":{"self":[{"href":"https:\/\/1office.co\/uk\/et\/wp-json\/wp\/v2\/product\/57635","targetHints":{"allow":["GET"]}}],"collection":[{"href":"https:\/\/1office.co\/uk\/et\/wp-json\/wp\/v2\/product"}],"about":[{"href":"https:\/\/1office.co\/uk\/et\/wp-json\/wp\/v2\/types\/product"}],"wp:featuredmedia":[{"embeddable":true,"href":"https:\/\/1office.co\/uk\/et\/wp-json\/wp\/v2\/media\/57423"}],"wp:attachment":[{"href":"https:\/\/1office.co\/uk\/et\/wp-json\/wp\/v2\/media?parent=57635"}],"wp:term":[{"taxonomy":"product_brand","embeddable":true,"href":"https:\/\/1office.co\/uk\/et\/wp-json\/wp\/v2\/product_brand?post=57635"},{"taxonomy":"product_cat","embeddable":true,"href":"https:\/\/1office.co\/uk\/et\/wp-json\/wp\/v2\/product_cat?post=57635"},{"taxonomy":"product_tag","embeddable":true,"href":"https:\/\/1office.co\/uk\/et\/wp-json\/wp\/v2\/product_tag?post=57635"}],"curies":[{"name":"wp","href":"https:\/\/api.w.org\/{rel}","templated":true}]}}