{"id":57802,"date":"2018-06-15T06:59:51","date_gmt":"2018-06-15T06:59:52","guid":{"rendered":"https:\/\/1office.co\/uk\/?post_type=product&#038;p=57802"},"modified":"2020-01-29T14:08:34","modified_gmt":"2020-01-29T14:08:34","slug":"certificate-of-good-standing","status":"publish","type":"product","link":"https:\/\/1office.co\/uk\/et\/toode\/certificate-of-good-standing\/","title":{"rendered":"Registriv\u00e4ljav\u00f5te (Certificate of Good Standing) &#8211; tavateenus"},"content":{"rendered":"<div class=\"wpb-content-wrapper\"><p>[vc_row][vc_column]<div id=\"advanced-tabs-desc-wrap-9418\" class=\"ult_tabs product_tabs\" style=\" \" data-tabsstyle=\"style1\"\n data-titlebg=\"#ffffff\" data-titlecolor=\"#b6b8ba\" data-fullheight=\"off\"\n data-titlehoverbg=\"#ffffff\" data-titlehovercolor=\"#1d1e23\"\n data-rotatetabs=\"0\" data-responsivemode=\"Both\" data-animation=\"Slide\"\ndata-activetitle=\"#1d1e23\" data-activeicon=\"\" data-activebg=\"#ffffff\"  data-respmode=\"Tabs\" data-respwidth=\"400\" data-scroll = \"on\" data-activeindex=\"1\"><ul id=advanced-tabs-wrap-8843 class=\"ult_tabmenu style1 \" style=\"\"><li class=\"ult_tab_li  \" data-iconcolor=\"#74777b\" data-iconhover=\"#ffffff\" style=\"background-color:#ffffff;border-color:transparent;border-width:0px;border-style:solid;border-top-right-radius:8px;\">\n\t\t\t\t\t<a href=\"#1512642751410-8d7ab-c11d\"  id=\"1512642751410-8d7ab-c11d\"  style=\"color:#b6b8ba;; padding:15px; \" class=\"ult_a  \">\n\t\t\t\t\t     <span class=\"ult_tab_main Both \">\n\t\t\t\t\t \t\t <span class=\"ult_tab_section\">\n\t\t\t\t\t   \t\t\t<span  data-ultimate-target='#advanced-tabs-wrap-8843 .ult-span-text'  data-responsive-json-new='{\"font-size\":\"desktop:14px;\",\"line-height\":\"\"}'  class=\"ult-span-text no_icon ult_tab_display_text ult-responsive\" style=\"font-weight:bold;;\">Kirjeldus<\/span>\n\t\t\t\t\t   \t\t<\/span>\n\t\t\t\t\t\t<\/span>\n\t\t\t\t\t<\/a>\n\t\t\t\t\t<\/li><\/ul><div  data-ultimate-target='#advanced-tabs-desc-wrap-9418 .ult_tabcontent .ult_tab_min_contain  p'  data-responsive-json-new='{\"font-size\":\"\",\"line-height\":\"\"}' class=\"ult_tabcontent ult-responsive style1\" style=\"color:#74777b;\"><div class=\"ult_tab_min_contain \" >\n\t\t\t<div  class=\"ult_tabitemname\"  >\n\t\t\t\t[vc_column_text]Registriv\u00e4ljav\u00f5te t\u00f5estab, et ettev\u00f5te on Suurbritannias registreeritud ning tohib siin \u00e4ri teha. Tavateenus t\u00e4hendab, et protsess v\u00f5tab aega kuni 7 t\u00f6\u00f6p\u00e4eva.\u00a0Kui dokumentidega on kiire, saame pakkuda <a href=\"https:\/\/1office.co\/uk\/et\/toode\/certificate-of-good-standing-premium-service\/\" target=\"_blank\" rel=\"noopener noreferrer\">kiirteenust<\/a>, mille korral protsess v\u00f5tab k\u00f5igest 1 t\u00f6\u00f6p\u00e4eva.<\/p>\n<p>Seda kasutatakse kahe olulise asja kinnitamiseks:<\/p>\n<ul>\n<li>Ettev\u00f5te on oma asutamise hetkest alates eksisteerinud<\/li>\n<li>Ei olemas \u00fchtki p\u00f5hjust ettev\u00f5tte kustutamiseks registrist<\/li>\n<\/ul>\n<p>Tavaliselt on registriv\u00e4ljav\u00f5te vajalik j\u00e4rgnevatel juhtudel:<\/p>\n<ul>\n<li>Ettev\u00f5tte pangakonto avamiseks Suurbritannia pangas juhul, kui \u00fckski direktoritest ei ole resident<\/li>\n<li>Suurbritannia ettev\u00f5tte pangakonto avamiseks muudes riikides<\/li>\n<li>Teise ettev\u00f5tte usaldusv\u00e4\u00e4rsuse kontrollimiseks<\/li>\n<li>Investor v\u00f5i potentsiaalne \u00e4riparnter v\u00f5ib k\u00fcsida registriv\u00e4ljav\u00f5tet kontrollimaks, kas ettev\u00f5tet juhitakse \u00f5igesti<\/li>\n<li>Ettev\u00f5tte filiaali avamiseks v\u00e4lismaal<\/li>\n<\/ul>\n<p><strong>Teenuses sisaldub:<\/strong><\/p>\n<ul>\n<li>Sertifikaadi tellimine \u00e4riregistrist<\/li>\n<li>Dokumendi saatmine kliendile<\/li>\n<\/ul>\n<p><strong>Protsessikirjeldus:<\/strong><\/p>\n<ul>\n<li>Tellime registriv\u00e4ljav\u00f5tte oma Londoni kontorisse<\/li>\n<li>Kui see on vajalik, saame dokumendi lisatasu eest apostillida<\/li>\n<li>Protsess v\u00f5tab aega kuni 7 t\u00f6\u00f6p\u00e4eva.\u00a0Kui dokumentidega on kiire, saame pakkuda <a href=\"https:\/\/1office.co\/uk\/et\/toode\/certificate-of-good-standing-premium-service\/\" target=\"_blank\" rel=\"noopener noreferrer\">kiirteenust<\/a>, mille korral protsess v\u00f5tab k\u00f5igest 1 t\u00f6\u00f6p\u00e4eva<\/li>\n<li>Saadame dokumendi soovitud aadressile<\/li>\n<\/ul>\n<p><strong>T\u00e4htis informatsioon:<\/strong><\/p>\n<p>Dokumentide saatmiseks kasutame \u00fclemaailmset j\u00e4rgmise p\u00e4eva kohaletoimetamist v\u00f5i rahvusvaheliselt j\u00e4lgitavat posti. Muud kullerteenused on saadaval lisatasu eest.[\/vc_column_text]\n\t\t\t<\/div><\/div><\/div><\/div><div class=\"ult_acord advanced-tabs-desc-wrap-9418\">\n   <div class=\"ult-tabto-accordion \" style=\"width:;\"\n    data-titlecolor=\"#b6b8ba\"  data-titlebg=\"#ffffff\"\n     data-titlehoverbg=\"#ffffff\" data-titlehovercolor=\"#1d1e23\" data-animation=\"Slide\"\n     data-activetitle=\"#1d1e23\" data-activeicon=\"\" data-activebg=\"#ffffff\" data-scroll = \"on\" data-activeindex=\"1\" >\n     <dl><dt class=\"\">\n\t        \t<a class=\"ult-tabto-actitle withBorder ult_a \" id=\"1512642751410-8d7ab-c11d\" style=\"color:#b6b8ba;;background-color:#ffffff;border-bottom-color:transparent;border-bottom-width:0px;border-bottom-style:solid;\" href=\"#1512642751410-8d7ab-c11d\">\n\t        \t\t<i class=\"accordion-icon\"><\/i>\n\t        \t\t\t<span class=\"ult_tab_main ult_ac_main ult_noacordicnBoth\">\n\n\t\t\t\t\t\t<span  data-ultimate-target='#advanced-tabs-wrap-8843 .ult-span-text'  data-responsive-json-new='{\"font-size\":\"desktop:14px;\",\"line-height\":\"\"}'  class=\"ult-span-text no_icon ult_acordian-text ult-responsive\" style=\"font-weight:bold;;color:inherit \" >Kirjeldus<\/span>\n\t\t\t\t\t\t<\/span><\/a><\/dt>\n\t            \t\t<dd class=\"ult-tabto-accordionItem ult-tabto-accolapsed\">\n\t\t\t\t            <div class=\"ult-tabto-acontent\" style=\"color:#74777b;\">\n\t\t\t\t               [vc_column_text]Registriv\u00e4ljav\u00f5te t\u00f5estab, et ettev\u00f5te on Suurbritannias registreeritud ning tohib siin \u00e4ri teha. Tavateenus t\u00e4hendab, et protsess v\u00f5tab aega kuni 7 t\u00f6\u00f6p\u00e4eva.\u00a0Kui dokumentidega on kiire, saame pakkuda <a href=\"https:\/\/1office.co\/uk\/et\/toode\/certificate-of-good-standing-premium-service\/\" target=\"_blank\" rel=\"noopener noreferrer\">kiirteenust<\/a>, mille korral protsess v\u00f5tab k\u00f5igest 1 t\u00f6\u00f6p\u00e4eva.<\/p>\n<p>Seda kasutatakse kahe olulise asja kinnitamiseks:<\/p>\n<ul>\n<li>Ettev\u00f5te on oma asutamise hetkest alates eksisteerinud<\/li>\n<li>Ei olemas \u00fchtki p\u00f5hjust ettev\u00f5tte kustutamiseks registrist<\/li>\n<\/ul>\n<p>Tavaliselt on registriv\u00e4ljav\u00f5te vajalik j\u00e4rgnevatel juhtudel:<\/p>\n<ul>\n<li>Ettev\u00f5tte pangakonto avamiseks Suurbritannia pangas juhul, kui \u00fckski direktoritest ei ole resident<\/li>\n<li>Suurbritannia ettev\u00f5tte pangakonto avamiseks muudes riikides<\/li>\n<li>Teise ettev\u00f5tte usaldusv\u00e4\u00e4rsuse kontrollimiseks<\/li>\n<li>Investor v\u00f5i potentsiaalne \u00e4riparnter v\u00f5ib k\u00fcsida registriv\u00e4ljav\u00f5tet kontrollimaks, kas ettev\u00f5tet juhitakse \u00f5igesti<\/li>\n<li>Ettev\u00f5tte filiaali avamiseks v\u00e4lismaal<\/li>\n<\/ul>\n<p><strong>Teenuses sisaldub:<\/strong><\/p>\n<ul>\n<li>Sertifikaadi tellimine \u00e4riregistrist<\/li>\n<li>Dokumendi saatmine kliendile<\/li>\n<\/ul>\n<p><strong>Protsessikirjeldus:<\/strong><\/p>\n<ul>\n<li>Tellime registriv\u00e4ljav\u00f5tte oma Londoni kontorisse<\/li>\n<li>Kui see on vajalik, saame dokumendi lisatasu eest apostillida<\/li>\n<li>Protsess v\u00f5tab aega kuni 7 t\u00f6\u00f6p\u00e4eva.\u00a0Kui dokumentidega on kiire, saame pakkuda <a href=\"https:\/\/1office.co\/uk\/et\/toode\/certificate-of-good-standing-premium-service\/\" target=\"_blank\" rel=\"noopener noreferrer\">kiirteenust<\/a>, mille korral protsess v\u00f5tab k\u00f5igest 1 t\u00f6\u00f6p\u00e4eva<\/li>\n<li>Saadame dokumendi soovitud aadressile<\/li>\n<\/ul>\n<p><strong>T\u00e4htis informatsioon:<\/strong><\/p>\n<p>Dokumentide saatmiseks kasutame \u00fclemaailmset j\u00e4rgmise p\u00e4eva kohaletoimetamist v\u00f5i rahvusvaheliselt j\u00e4lgitavat posti. Muud kullerteenused on saadaval lisatasu eest.[\/vc_column_text]\n\t\t\t\t            <\/div>\n\t        \t\t\t<\/dd>\n    \t<\/dl>\n    <!--<div class=\"extraborder\" style=\"background-color:#ffffff\"><\/div>-->\n<\/div>\n\n<\/div>[\/vc_column][\/vc_row]<\/p>\n<\/div>","protected":false},"excerpt":{"rendered":"<p>Registriv\u00e4ljav\u00f5tet on vaja t\u00f5estamaks ettev\u00f5tte registreerimist ning, et \u00e4ri\u00fching on tohib Suurbritannias tegutseda. 1Office saab dokumendi kliendi nimel \u00e4riregistrist tellida.<\/p>\n","protected":false},"featured_media":57796,"template":"","meta":{"_acf_changed":false,"inline_featured_image":false},"product_brand":[],"product_cat":[308],"product_tag":[315],"class_list":{"0":"post-57802","1":"product","2":"type-product","3":"status-publish","4":"has-post-thumbnail","6":"product_cat-ettevotte-alustamine","7":"product_tag-uk-et","8":"description-off","10":"first","11":"instock","12":"virtual","13":"taxable","14":"purchasable","15":"product-type-simple"},"bundled_by":[],"bundle_stock_status":"instock","bundle_stock_quantity":null,"bundle_virtual":false,"bundle_layout":"","bundle_add_to_cart_form_location":"","bundle_editable_in_cart":false,"bundle_sold_individually_context":"","bundle_item_grouping":"","bundle_min_size":"","bundle_max_size":"","bundle_price":[],"bundled_items":[],"bundle_sell_ids":[],"acf":[],"yoast_head":"<!-- This site is optimized with the Yoast SEO Premium plugin v22.1 (Yoast SEO v27.0) - https:\/\/yoast.com\/product\/yoast-seo-premium-wordpress\/ -->\n<title>Registriv\u00e4ljav\u00f5te (Certificate of Good Standing) - tavateenus - 1Office UK<\/title>\n<meta name=\"description\" content=\"Registriv\u00e4ljav\u00f5tet on vaja t\u00f5estamaks ettev\u00f5tte registreerimist ning, et \u00e4ri\u00fching on tohib Suurbritannias tegutseda. 1Office saab dokumendi kliendi nimel \u00e4riregistrist tellida.\" \/>\n<meta name=\"robots\" content=\"noindex, nofollow\" \/>\n<meta property=\"og:locale\" content=\"et_EE\" \/>\n<meta property=\"og:type\" content=\"article\" \/>\n<meta property=\"og:title\" content=\"Registriv\u00e4ljav\u00f5te (Certificate of Good Standing) - tavateenus\" \/>\n<meta property=\"og:description\" content=\"Registriv\u00e4ljav\u00f5tet on vaja t\u00f5estamaks ettev\u00f5tte registreerimist ning, et \u00e4ri\u00fching on tohib Suurbritannias tegutseda. 1Office saab dokumendi kliendi nimel \u00e4riregistrist tellida.\" \/>\n<meta property=\"og:url\" content=\"https:\/\/1office.co\/uk\/et\/toode\/certificate-of-good-standing\/\" \/>\n<meta property=\"og:site_name\" content=\"1Office UK\" \/>\n<meta property=\"article:modified_time\" content=\"2020-01-29T14:08:34+00:00\" \/>\n<meta property=\"og:image\" content=\"https:\/\/1office.co\/uk\/wp-content\/uploads\/sites\/14\/2018\/06\/pexels-photo-357514.jpeg\" \/>\n\t<meta property=\"og:image:width\" content=\"640\" \/>\n\t<meta property=\"og:image:height\" content=\"426\" \/>\n\t<meta property=\"og:image:type\" content=\"image\/jpeg\" \/>\n<meta name=\"twitter:card\" content=\"summary_large_image\" \/>\n<meta name=\"twitter:label1\" content=\"Est. reading time\" \/>\n\t<meta name=\"twitter:data1\" content=\"1 minut\" \/>\n<script type=\"application\/ld+json\" class=\"yoast-schema-graph\">{\"@context\":\"https:\/\/schema.org\",\"@graph\":[{\"@type\":\"WebPage\",\"@id\":\"https:\/\/1office.co\/uk\/et\/toode\/certificate-of-good-standing\/\",\"url\":\"https:\/\/1office.co\/uk\/et\/toode\/certificate-of-good-standing\/\",\"name\":\"Registriv\u00e4ljav\u00f5te (Certificate of Good Standing) - tavateenus - 1Office UK\",\"isPartOf\":{\"@id\":\"https:\/\/1office.co\/uk\/#website\"},\"primaryImageOfPage\":{\"@id\":\"https:\/\/1office.co\/uk\/et\/toode\/certificate-of-good-standing\/#primaryimage\"},\"image\":{\"@id\":\"https:\/\/1office.co\/uk\/et\/toode\/certificate-of-good-standing\/#primaryimage\"},\"thumbnailUrl\":\"https:\/\/1office.co\/uk\/wp-content\/uploads\/sites\/14\/2018\/06\/pexels-photo-357514.jpeg\",\"datePublished\":\"2018-06-15T06:59:52+00:00\",\"dateModified\":\"2020-01-29T14:08:34+00:00\",\"description\":\"Registriv\u00e4ljav\u00f5tet on vaja t\u00f5estamaks ettev\u00f5tte registreerimist ning, et \u00e4ri\u00fching on tohib Suurbritannias tegutseda. 1Office saab dokumendi kliendi nimel \u00e4riregistrist tellida.\",\"breadcrumb\":{\"@id\":\"https:\/\/1office.co\/uk\/et\/toode\/certificate-of-good-standing\/#breadcrumb\"},\"inLanguage\":\"et\",\"potentialAction\":[{\"@type\":\"ReadAction\",\"target\":[\"https:\/\/1office.co\/uk\/et\/toode\/certificate-of-good-standing\/\"]}]},{\"@type\":\"ImageObject\",\"inLanguage\":\"et\",\"@id\":\"https:\/\/1office.co\/uk\/et\/toode\/certificate-of-good-standing\/#primaryimage\",\"url\":\"https:\/\/1office.co\/uk\/wp-content\/uploads\/sites\/14\/2018\/06\/pexels-photo-357514.jpeg\",\"contentUrl\":\"https:\/\/1office.co\/uk\/wp-content\/uploads\/sites\/14\/2018\/06\/pexels-photo-357514.jpeg\",\"width\":640,\"height\":426,\"caption\":\"Apostille services\"},{\"@type\":\"BreadcrumbList\",\"@id\":\"https:\/\/1office.co\/uk\/et\/toode\/certificate-of-good-standing\/#breadcrumb\",\"itemListElement\":[{\"@type\":\"ListItem\",\"position\":1,\"name\":\"Home\",\"item\":\"https:\/\/1office.co\/uk\/et\/\"},{\"@type\":\"ListItem\",\"position\":2,\"name\":\"Services Shop\",\"item\":\"https:\/\/1office.co\/uk\/our-services\/\"},{\"@type\":\"ListItem\",\"position\":3,\"name\":\"Registriv\u00e4ljav\u00f5te (Certificate of Good Standing) &#8211; tavateenus\"}]},{\"@type\":\"WebSite\",\"@id\":\"https:\/\/1office.co\/uk\/#website\",\"url\":\"https:\/\/1office.co\/uk\/\",\"name\":\"1Office UK\",\"description\":\"Making Business Simple\",\"potentialAction\":[{\"@type\":\"SearchAction\",\"target\":{\"@type\":\"EntryPoint\",\"urlTemplate\":\"https:\/\/1office.co\/uk\/?s={search_term_string}\"},\"query-input\":{\"@type\":\"PropertyValueSpecification\",\"valueRequired\":true,\"valueName\":\"search_term_string\"}}],\"inLanguage\":\"et\"}]}<\/script>\n<!-- \/ Yoast SEO Premium plugin. -->","yoast_head_json":{"title":"Registriv\u00e4ljav\u00f5te (Certificate of Good Standing) - tavateenus - 1Office UK","description":"Registriv\u00e4ljav\u00f5tet on vaja t\u00f5estamaks ettev\u00f5tte registreerimist ning, et \u00e4ri\u00fching on tohib Suurbritannias tegutseda. 1Office saab dokumendi kliendi nimel \u00e4riregistrist tellida.","robots":{"index":"noindex","follow":"nofollow"},"og_locale":"et_EE","og_type":"article","og_title":"Registriv\u00e4ljav\u00f5te (Certificate of Good Standing) - tavateenus","og_description":"Registriv\u00e4ljav\u00f5tet on vaja t\u00f5estamaks ettev\u00f5tte registreerimist ning, et \u00e4ri\u00fching on tohib Suurbritannias tegutseda. 1Office saab dokumendi kliendi nimel \u00e4riregistrist tellida.","og_url":"https:\/\/1office.co\/uk\/et\/toode\/certificate-of-good-standing\/","og_site_name":"1Office UK","article_modified_time":"2020-01-29T14:08:34+00:00","og_image":[{"width":640,"height":426,"url":"https:\/\/1office.co\/uk\/wp-content\/uploads\/sites\/14\/2018\/06\/pexels-photo-357514.jpeg","type":"image\/jpeg"}],"twitter_card":"summary_large_image","twitter_misc":{"Est. reading time":"1 minut"},"schema":{"@context":"https:\/\/schema.org","@graph":[{"@type":"WebPage","@id":"https:\/\/1office.co\/uk\/et\/toode\/certificate-of-good-standing\/","url":"https:\/\/1office.co\/uk\/et\/toode\/certificate-of-good-standing\/","name":"Registriv\u00e4ljav\u00f5te (Certificate of Good Standing) - tavateenus - 1Office UK","isPartOf":{"@id":"https:\/\/1office.co\/uk\/#website"},"primaryImageOfPage":{"@id":"https:\/\/1office.co\/uk\/et\/toode\/certificate-of-good-standing\/#primaryimage"},"image":{"@id":"https:\/\/1office.co\/uk\/et\/toode\/certificate-of-good-standing\/#primaryimage"},"thumbnailUrl":"https:\/\/1office.co\/uk\/wp-content\/uploads\/sites\/14\/2018\/06\/pexels-photo-357514.jpeg","datePublished":"2018-06-15T06:59:52+00:00","dateModified":"2020-01-29T14:08:34+00:00","description":"Registriv\u00e4ljav\u00f5tet on vaja t\u00f5estamaks ettev\u00f5tte registreerimist ning, et \u00e4ri\u00fching on tohib Suurbritannias tegutseda. 1Office saab dokumendi kliendi nimel \u00e4riregistrist tellida.","breadcrumb":{"@id":"https:\/\/1office.co\/uk\/et\/toode\/certificate-of-good-standing\/#breadcrumb"},"inLanguage":"et","potentialAction":[{"@type":"ReadAction","target":["https:\/\/1office.co\/uk\/et\/toode\/certificate-of-good-standing\/"]}]},{"@type":"ImageObject","inLanguage":"et","@id":"https:\/\/1office.co\/uk\/et\/toode\/certificate-of-good-standing\/#primaryimage","url":"https:\/\/1office.co\/uk\/wp-content\/uploads\/sites\/14\/2018\/06\/pexels-photo-357514.jpeg","contentUrl":"https:\/\/1office.co\/uk\/wp-content\/uploads\/sites\/14\/2018\/06\/pexels-photo-357514.jpeg","width":640,"height":426,"caption":"Apostille services"},{"@type":"BreadcrumbList","@id":"https:\/\/1office.co\/uk\/et\/toode\/certificate-of-good-standing\/#breadcrumb","itemListElement":[{"@type":"ListItem","position":1,"name":"Home","item":"https:\/\/1office.co\/uk\/et\/"},{"@type":"ListItem","position":2,"name":"Services Shop","item":"https:\/\/1office.co\/uk\/our-services\/"},{"@type":"ListItem","position":3,"name":"Registriv\u00e4ljav\u00f5te (Certificate of Good Standing) &#8211; tavateenus"}]},{"@type":"WebSite","@id":"https:\/\/1office.co\/uk\/#website","url":"https:\/\/1office.co\/uk\/","name":"1Office UK","description":"Making Business Simple","potentialAction":[{"@type":"SearchAction","target":{"@type":"EntryPoint","urlTemplate":"https:\/\/1office.co\/uk\/?s={search_term_string}"},"query-input":{"@type":"PropertyValueSpecification","valueRequired":true,"valueName":"search_term_string"}}],"inLanguage":"et"}]}},"_links":{"self":[{"href":"https:\/\/1office.co\/uk\/et\/wp-json\/wp\/v2\/product\/57802","targetHints":{"allow":["GET"]}}],"collection":[{"href":"https:\/\/1office.co\/uk\/et\/wp-json\/wp\/v2\/product"}],"about":[{"href":"https:\/\/1office.co\/uk\/et\/wp-json\/wp\/v2\/types\/product"}],"wp:featuredmedia":[{"embeddable":true,"href":"https:\/\/1office.co\/uk\/et\/wp-json\/wp\/v2\/media\/57796"}],"wp:attachment":[{"href":"https:\/\/1office.co\/uk\/et\/wp-json\/wp\/v2\/media?parent=57802"}],"wp:term":[{"taxonomy":"product_brand","embeddable":true,"href":"https:\/\/1office.co\/uk\/et\/wp-json\/wp\/v2\/product_brand?post=57802"},{"taxonomy":"product_cat","embeddable":true,"href":"https:\/\/1office.co\/uk\/et\/wp-json\/wp\/v2\/product_cat?post=57802"},{"taxonomy":"product_tag","embeddable":true,"href":"https:\/\/1office.co\/uk\/et\/wp-json\/wp\/v2\/product_tag?post=57802"}],"curies":[{"name":"wp","href":"https:\/\/api.w.org\/{rel}","templated":true}]}}