{"id":58716,"date":"2020-06-19T06:40:33","date_gmt":"2020-06-19T06:40:34","guid":{"rendered":"https:\/\/1office.co\/uk\/?post_type=product&#038;p=58716"},"modified":"2023-05-30T07:22:20","modified_gmt":"2023-05-30T07:22:20","slug":"juriidiline-aadress-registered-address-londoni-kesklinnas","status":"publish","type":"product","link":"https:\/\/1office.co\/uk\/et\/toode\/juriidiline-aadress-registered-address-londoni-kesklinnas\/","title":{"rendered":"Juriidiline aadress (registered address) posti edastamise teenusega Londoni kesklinnas"},"content":{"rendered":"<div class=\"wpb-content-wrapper\"><p>[vc_row][vc_column]<div id=\"advanced-tabs-desc-wrap-7198\" class=\"ult_tabs product_tabs\" style=\" \" data-tabsstyle=\"style1\"\n data-titlebg=\"#ffffff\" data-titlecolor=\"#b6b8ba\" data-fullheight=\"off\"\n data-titlehoverbg=\"#ffffff\" data-titlehovercolor=\"#1d1e23\"\n data-rotatetabs=\"0\" data-responsivemode=\"Both\" data-animation=\"Slide\"\ndata-activetitle=\"#1d1e23\" data-activeicon=\"\" data-activebg=\"#ffffff\"  data-respmode=\"Tabs\" data-respwidth=\"400\" data-scroll = \"on\" data-activeindex=\"1\"><ul id=advanced-tabs-wrap-3811 class=\"ult_tabmenu style1 \" style=\"\"><li class=\"ult_tab_li  \" data-iconcolor=\"#74777b\" data-iconhover=\"#ffffff\" style=\"background-color:#ffffff;border-color:transparent;border-width:0px;border-style:solid;border-top-right-radius:8px;\">\n\t\t\t\t\t<a href=\"#1512642751410-8baea-301a\"  id=\"1512642751410-8baea-301a\"  style=\"color:#b6b8ba;; padding:15px; \" class=\"ult_a  \">\n\t\t\t\t\t     <span class=\"ult_tab_main Both \">\n\t\t\t\t\t \t\t <span class=\"ult_tab_section\">\n\t\t\t\t\t   \t\t\t<span  data-ultimate-target='#advanced-tabs-wrap-3811 .ult-span-text'  data-responsive-json-new='{\"font-size\":\"desktop:14px;\",\"line-height\":\"\"}'  class=\"ult-span-text no_icon ult_tab_display_text ult-responsive\" style=\"font-weight:bold;;\">DESCRIPTION<\/span>\n\t\t\t\t\t   \t\t<\/span>\n\t\t\t\t\t\t<\/span>\n\t\t\t\t\t<\/a>\n\t\t\t\t\t<\/li><\/ul><div  data-ultimate-target='#advanced-tabs-desc-wrap-7198 .ult_tabcontent .ult_tab_min_contain  p'  data-responsive-json-new='{\"font-size\":\"\",\"line-height\":\"\"}' class=\"ult_tabcontent ult-responsive style1\" style=\"color:#74777b;\"><div class=\"ult_tab_min_contain \" >\n\t\t\t<div  class=\"ult_tabitemname\"  >\n\t\t\t\t[vc_column_text]<\/p>\n<p class=\"p1\">Juriidiline aadress on ettev\u00f5tte ametlikuks kontaktaadressiks ning see on kohustuslik igale Suurbritannias registreeritud ettev\u00f5ttele. Sellele saadetakse \u00e4riregistri ja maksuameti poolt k\u00f5ik ametlikud kirjad.<\/p>\n<p>Aadress on avalikult \u00e4riregistris n\u00e4htav, seega on \u00e4riaadressi lahendus heaks v\u00f5imaluseks hoida enda koduaadress privaatsena klientide, partnerite ja kolmandate osapoolte eest.<\/p>\n<p>&nbsp;<\/p>\n<p class=\"p1\"><b>Hinnas sisaldub:<\/b><\/p>\n<ul class=\"ul1\">\n<li>Juriidiline aadress ettev\u00f5tte registreerimiseks \u00e4riregistris (Companies House) ning maksuametis (HMRC)<\/li>\n<li>Posti sorteerimine, sk\u00e4nnimine ning edastamine e-maili teel kuni 10 kirja kuus<\/li>\n<li>M\u00fc\u00fcgiarvete moodul arvete koostamiseks ja v\u00e4ljasaatmiseks<\/li>\n<li>Ligip\u00e4\u00e4s <a href=\"http:\/\/www.1office.co\/my1office\">my1Office<\/a> keskkonda<\/li>\n<\/ul>\n<p>&nbsp;<\/p>\n<p class=\"p1\"><b>Saadaval lisatasu eest:<\/b><\/p>\n<ul>\n<li class=\"p3\"><a href=\"https:\/\/1office.co\/uk\/et\/toode\/virtuaalkontori-aadressi-pakett-juriidiline-tegevusaadress-londoni-kesklinnas\/\" target=\"_blank\" rel=\"noopener noreferrer\">Virtuaalkontori aadressi pakett (juriidiline + tegevusaadress + posti edastamine) Londoni kesklinnas \u00fcheks aastaks<\/a><\/li>\n<li>Kui eelistate kirjade edastamist posti teel, lisandub hinnale postikulu ning sekret\u00e4rit\u00f6\u00f6 tasu (\u00a320 tunnis).<\/li>\n<li>Kui teie ettev\u00f5ttele tuleb rohkem kui 10 kirja kuus, lisandub teenuse hinnale:\n<ul>\n<li>11-50 kirja kuus \u2013 \u00a320<\/li>\n<li>51-100 kirja kuus \u2013 \u00a336<\/li>\n<li>Iga j\u00e4rgneva 50 kirja kohta \u00a316<\/li>\n<\/ul>\n<\/li>\n<\/ul>\n<p><strong>T\u00e4htis informatsioon:<\/strong><\/p>\n<ul class=\"ul1\">\n<li class=\"li1\">Teenus on perioodiline. Tasu j\u00e4rgmise aasta perioodi eest v\u00f5etakse krediitkaardilt automaatselt maha \u00fcks kuu enne uue perioodi algust.<\/li>\n<li class=\"li1\">Aastane teenuseperiood algab sellest kuup\u00e4evast, millal teenus osteti.<\/li>\n<\/ul>\n<p>[\/vc_column_text]\n\t\t\t<\/div><\/div><\/div><\/div><div class=\"ult_acord advanced-tabs-desc-wrap-7198\">\n   <div class=\"ult-tabto-accordion \" style=\"width:;\"\n    data-titlecolor=\"#b6b8ba\"  data-titlebg=\"#ffffff\"\n     data-titlehoverbg=\"#ffffff\" data-titlehovercolor=\"#1d1e23\" data-animation=\"Slide\"\n     data-activetitle=\"#1d1e23\" data-activeicon=\"\" data-activebg=\"#ffffff\" data-scroll = \"on\" data-activeindex=\"1\" >\n     <dl><dt class=\"\">\n\t        \t<a class=\"ult-tabto-actitle withBorder ult_a \" id=\"1512642751410-8baea-301a\" style=\"color:#b6b8ba;;background-color:#ffffff;border-bottom-color:transparent;border-bottom-width:0px;border-bottom-style:solid;\" href=\"#1512642751410-8baea-301a\">\n\t        \t\t<i class=\"accordion-icon\"><\/i>\n\t        \t\t\t<span class=\"ult_tab_main ult_ac_main ult_noacordicnBoth\">\n\n\t\t\t\t\t\t<span  data-ultimate-target='#advanced-tabs-wrap-3811 .ult-span-text'  data-responsive-json-new='{\"font-size\":\"desktop:14px;\",\"line-height\":\"\"}'  class=\"ult-span-text no_icon ult_acordian-text ult-responsive\" style=\"font-weight:bold;;color:inherit \" >DESCRIPTION<\/span>\n\t\t\t\t\t\t<\/span><\/a><\/dt>\n\t            \t\t<dd class=\"ult-tabto-accordionItem ult-tabto-accolapsed\">\n\t\t\t\t            <div class=\"ult-tabto-acontent\" style=\"color:#74777b;\">\n\t\t\t\t               [vc_column_text]<\/p>\n<p class=\"p1\">Juriidiline aadress on ettev\u00f5tte ametlikuks kontaktaadressiks ning see on kohustuslik igale Suurbritannias registreeritud ettev\u00f5ttele. Sellele saadetakse \u00e4riregistri ja maksuameti poolt k\u00f5ik ametlikud kirjad.<\/p>\n<p>Aadress on avalikult \u00e4riregistris n\u00e4htav, seega on \u00e4riaadressi lahendus heaks v\u00f5imaluseks hoida enda koduaadress privaatsena klientide, partnerite ja kolmandate osapoolte eest.<\/p>\n<p>&nbsp;<\/p>\n<p class=\"p1\"><b>Hinnas sisaldub:<\/b><\/p>\n<ul class=\"ul1\">\n<li>Juriidiline aadress ettev\u00f5tte registreerimiseks \u00e4riregistris (Companies House) ning maksuametis (HMRC)<\/li>\n<li>Posti sorteerimine, sk\u00e4nnimine ning edastamine e-maili teel kuni 10 kirja kuus<\/li>\n<li>M\u00fc\u00fcgiarvete moodul arvete koostamiseks ja v\u00e4ljasaatmiseks<\/li>\n<li>Ligip\u00e4\u00e4s <a href=\"http:\/\/www.1office.co\/my1office\">my1Office<\/a> keskkonda<\/li>\n<\/ul>\n<p>&nbsp;<\/p>\n<p class=\"p1\"><b>Saadaval lisatasu eest:<\/b><\/p>\n<ul>\n<li class=\"p3\"><a href=\"https:\/\/1office.co\/uk\/et\/toode\/virtuaalkontori-aadressi-pakett-juriidiline-tegevusaadress-londoni-kesklinnas\/\" target=\"_blank\" rel=\"noopener noreferrer\">Virtuaalkontori aadressi pakett (juriidiline + tegevusaadress + posti edastamine) Londoni kesklinnas \u00fcheks aastaks<\/a><\/li>\n<li>Kui eelistate kirjade edastamist posti teel, lisandub hinnale postikulu ning sekret\u00e4rit\u00f6\u00f6 tasu (\u00a320 tunnis).<\/li>\n<li>Kui teie ettev\u00f5ttele tuleb rohkem kui 10 kirja kuus, lisandub teenuse hinnale:\n<ul>\n<li>11-50 kirja kuus \u2013 \u00a320<\/li>\n<li>51-100 kirja kuus \u2013 \u00a336<\/li>\n<li>Iga j\u00e4rgneva 50 kirja kohta \u00a316<\/li>\n<\/ul>\n<\/li>\n<\/ul>\n<p><strong>T\u00e4htis informatsioon:<\/strong><\/p>\n<ul class=\"ul1\">\n<li class=\"li1\">Teenus on perioodiline. Tasu j\u00e4rgmise aasta perioodi eest v\u00f5etakse krediitkaardilt automaatselt maha \u00fcks kuu enne uue perioodi algust.<\/li>\n<li class=\"li1\">Aastane teenuseperiood algab sellest kuup\u00e4evast, millal teenus osteti.<\/li>\n<\/ul>\n<p>[\/vc_column_text]\n\t\t\t\t            <\/div>\n\t        \t\t\t<\/dd>\n    \t<\/dl>\n    <!--<div class=\"extraborder\" style=\"background-color:#ffffff\"><\/div>-->\n<\/div>\n\n<\/div>[\/vc_column][\/vc_row]<\/p>\n<\/div>","protected":false},"excerpt":{"rendered":"<p class=\"p1\">Suurbritannias on kohustuslik k\u00f5ik ettev\u00f5tted, mis soovivad seaduslikult Suurbritannias tegutseda, registreerida \u00e4riregistris (Companies House) ja maksuametis (HMRC) kasutades Suurbritannia kohalikku aadressi. See teenus sisaldab ka m\u00fc\u00fcgiarvete moodulit, mis v\u00f5imaldab mugavalt m\u00fc\u00fcgiarveid koostada ja v\u00e4lja saata.<\/p>\n","protected":false},"featured_media":57906,"template":"","meta":{"_acf_changed":false,"inline_featured_image":false},"product_brand":[],"product_cat":[308],"product_tag":[],"class_list":{"0":"post-58716","1":"product","2":"type-product","3":"status-publish","4":"has-post-thumbnail","6":"product_cat-ettevotte-alustamine","7":"description-off","9":"first","10":"instock","11":"sale","12":"virtual","13":"taxable","14":"purchasable","15":"product-type-subscription"},"bundled_by":[],"bundle_stock_status":"instock","bundle_stock_quantity":null,"bundle_virtual":false,"bundle_layout":"","bundle_add_to_cart_form_location":"","bundle_editable_in_cart":false,"bundle_sold_individually_context":"","bundle_item_grouping":"","bundle_min_size":"","bundle_max_size":"","bundle_price":[],"bundled_items":[],"bundle_sell_ids":[],"acf":[],"yoast_head":"<!-- This site is optimized with the Yoast SEO Premium plugin v22.1 (Yoast SEO v27.0) - https:\/\/yoast.com\/product\/yoast-seo-premium-wordpress\/ -->\n<title>Juriidiline aadress (registered address) posti edastamise teenusega Londoni kesklinnas - 1Office UK<\/title>\n<meta name=\"robots\" content=\"index, follow, max-snippet:-1, max-image-preview:large, max-video-preview:-1\" \/>\n<link rel=\"canonical\" href=\"https:\/\/1office.co\/uk\/et\/toode\/juriidiline-aadress-registered-address-londoni-kesklinnas\/\" \/>\n<meta property=\"og:locale\" content=\"et_EE\" \/>\n<meta property=\"og:type\" content=\"article\" \/>\n<meta property=\"og:title\" content=\"Juriidiline aadress (registered address) posti edastamise teenusega Londoni kesklinnas\" \/>\n<meta property=\"og:description\" content=\"Suurbritannias on kohustuslik k\u00f5ik ettev\u00f5tted, mis soovivad seaduslikult Suurbritannias tegutseda, registreerida \u00e4riregistris (Companies House) ja maksuametis (HMRC) kasutades Suurbritannia kohalikku aadressi. See teenus sisaldab ka m\u00fc\u00fcgiarvete moodulit, mis v\u00f5imaldab mugavalt m\u00fc\u00fcgiarveid koostada ja v\u00e4lja saata.\" \/>\n<meta property=\"og:url\" content=\"https:\/\/1office.co\/uk\/et\/toode\/juriidiline-aadress-registered-address-londoni-kesklinnas\/\" \/>\n<meta property=\"og:site_name\" content=\"1Office UK\" \/>\n<meta property=\"article:modified_time\" content=\"2023-05-30T07:22:20+00:00\" \/>\n<meta property=\"og:image\" content=\"https:\/\/1office.co\/uk\/wp-content\/uploads\/sites\/14\/2017\/08\/pexels-photo-461077.jpeg\" \/>\n\t<meta property=\"og:image:width\" content=\"525\" \/>\n\t<meta property=\"og:image:height\" content=\"350\" \/>\n\t<meta property=\"og:image:type\" content=\"image\/jpeg\" \/>\n<meta name=\"twitter:card\" content=\"summary_large_image\" \/>\n<meta name=\"twitter:label1\" content=\"Est. reading time\" \/>\n\t<meta name=\"twitter:data1\" content=\"1 minut\" \/>\n<script type=\"application\/ld+json\" class=\"yoast-schema-graph\">{\"@context\":\"https:\/\/schema.org\",\"@graph\":[{\"@type\":\"WebPage\",\"@id\":\"https:\/\/1office.co\/uk\/et\/toode\/juriidiline-aadress-registered-address-londoni-kesklinnas\/\",\"url\":\"https:\/\/1office.co\/uk\/et\/toode\/juriidiline-aadress-registered-address-londoni-kesklinnas\/\",\"name\":\"Juriidiline aadress (registered address) posti edastamise teenusega Londoni kesklinnas - 1Office UK\",\"isPartOf\":{\"@id\":\"https:\/\/1office.co\/uk\/#website\"},\"primaryImageOfPage\":{\"@id\":\"https:\/\/1office.co\/uk\/et\/toode\/juriidiline-aadress-registered-address-londoni-kesklinnas\/#primaryimage\"},\"image\":{\"@id\":\"https:\/\/1office.co\/uk\/et\/toode\/juriidiline-aadress-registered-address-londoni-kesklinnas\/#primaryimage\"},\"thumbnailUrl\":\"https:\/\/1office.co\/uk\/wp-content\/uploads\/sites\/14\/2017\/08\/pexels-photo-461077.jpeg\",\"datePublished\":\"2020-06-19T06:40:34+00:00\",\"dateModified\":\"2023-05-30T07:22:20+00:00\",\"breadcrumb\":{\"@id\":\"https:\/\/1office.co\/uk\/et\/toode\/juriidiline-aadress-registered-address-londoni-kesklinnas\/#breadcrumb\"},\"inLanguage\":\"et\",\"potentialAction\":[{\"@type\":\"ReadAction\",\"target\":[\"https:\/\/1office.co\/uk\/et\/toode\/juriidiline-aadress-registered-address-londoni-kesklinnas\/\"]}]},{\"@type\":\"ImageObject\",\"inLanguage\":\"et\",\"@id\":\"https:\/\/1office.co\/uk\/et\/toode\/juriidiline-aadress-registered-address-londoni-kesklinnas\/#primaryimage\",\"url\":\"https:\/\/1office.co\/uk\/wp-content\/uploads\/sites\/14\/2017\/08\/pexels-photo-461077.jpeg\",\"contentUrl\":\"https:\/\/1office.co\/uk\/wp-content\/uploads\/sites\/14\/2017\/08\/pexels-photo-461077.jpeg\",\"width\":525,\"height\":350,\"caption\":\"Confirmation statement\"},{\"@type\":\"BreadcrumbList\",\"@id\":\"https:\/\/1office.co\/uk\/et\/toode\/juriidiline-aadress-registered-address-londoni-kesklinnas\/#breadcrumb\",\"itemListElement\":[{\"@type\":\"ListItem\",\"position\":1,\"name\":\"Home\",\"item\":\"https:\/\/1office.co\/uk\/et\/\"},{\"@type\":\"ListItem\",\"position\":2,\"name\":\"Services Shop\",\"item\":\"https:\/\/1office.co\/uk\/our-services\/\"},{\"@type\":\"ListItem\",\"position\":3,\"name\":\"Juriidiline aadress (registered address) posti edastamise teenusega Londoni kesklinnas\"}]},{\"@type\":\"WebSite\",\"@id\":\"https:\/\/1office.co\/uk\/#website\",\"url\":\"https:\/\/1office.co\/uk\/\",\"name\":\"1Office UK\",\"description\":\"Making Business Simple\",\"potentialAction\":[{\"@type\":\"SearchAction\",\"target\":{\"@type\":\"EntryPoint\",\"urlTemplate\":\"https:\/\/1office.co\/uk\/?s={search_term_string}\"},\"query-input\":{\"@type\":\"PropertyValueSpecification\",\"valueRequired\":true,\"valueName\":\"search_term_string\"}}],\"inLanguage\":\"et\"}]}<\/script>\n<!-- \/ Yoast SEO Premium plugin. -->","yoast_head_json":{"title":"Juriidiline aadress (registered address) posti edastamise teenusega Londoni kesklinnas - 1Office UK","robots":{"index":"index","follow":"follow","max-snippet":"max-snippet:-1","max-image-preview":"max-image-preview:large","max-video-preview":"max-video-preview:-1"},"canonical":"https:\/\/1office.co\/uk\/et\/toode\/juriidiline-aadress-registered-address-londoni-kesklinnas\/","og_locale":"et_EE","og_type":"article","og_title":"Juriidiline aadress (registered address) posti edastamise teenusega Londoni kesklinnas","og_description":"Suurbritannias on kohustuslik k\u00f5ik ettev\u00f5tted, mis soovivad seaduslikult Suurbritannias tegutseda, registreerida \u00e4riregistris (Companies House) ja maksuametis (HMRC) kasutades Suurbritannia kohalikku aadressi. See teenus sisaldab ka m\u00fc\u00fcgiarvete moodulit, mis v\u00f5imaldab mugavalt m\u00fc\u00fcgiarveid koostada ja v\u00e4lja saata.","og_url":"https:\/\/1office.co\/uk\/et\/toode\/juriidiline-aadress-registered-address-londoni-kesklinnas\/","og_site_name":"1Office UK","article_modified_time":"2023-05-30T07:22:20+00:00","og_image":[{"width":525,"height":350,"url":"https:\/\/1office.co\/uk\/wp-content\/uploads\/sites\/14\/2017\/08\/pexels-photo-461077.jpeg","type":"image\/jpeg"}],"twitter_card":"summary_large_image","twitter_misc":{"Est. reading time":"1 minut"},"schema":{"@context":"https:\/\/schema.org","@graph":[{"@type":"WebPage","@id":"https:\/\/1office.co\/uk\/et\/toode\/juriidiline-aadress-registered-address-londoni-kesklinnas\/","url":"https:\/\/1office.co\/uk\/et\/toode\/juriidiline-aadress-registered-address-londoni-kesklinnas\/","name":"Juriidiline aadress (registered address) posti edastamise teenusega Londoni kesklinnas - 1Office UK","isPartOf":{"@id":"https:\/\/1office.co\/uk\/#website"},"primaryImageOfPage":{"@id":"https:\/\/1office.co\/uk\/et\/toode\/juriidiline-aadress-registered-address-londoni-kesklinnas\/#primaryimage"},"image":{"@id":"https:\/\/1office.co\/uk\/et\/toode\/juriidiline-aadress-registered-address-londoni-kesklinnas\/#primaryimage"},"thumbnailUrl":"https:\/\/1office.co\/uk\/wp-content\/uploads\/sites\/14\/2017\/08\/pexels-photo-461077.jpeg","datePublished":"2020-06-19T06:40:34+00:00","dateModified":"2023-05-30T07:22:20+00:00","breadcrumb":{"@id":"https:\/\/1office.co\/uk\/et\/toode\/juriidiline-aadress-registered-address-londoni-kesklinnas\/#breadcrumb"},"inLanguage":"et","potentialAction":[{"@type":"ReadAction","target":["https:\/\/1office.co\/uk\/et\/toode\/juriidiline-aadress-registered-address-londoni-kesklinnas\/"]}]},{"@type":"ImageObject","inLanguage":"et","@id":"https:\/\/1office.co\/uk\/et\/toode\/juriidiline-aadress-registered-address-londoni-kesklinnas\/#primaryimage","url":"https:\/\/1office.co\/uk\/wp-content\/uploads\/sites\/14\/2017\/08\/pexels-photo-461077.jpeg","contentUrl":"https:\/\/1office.co\/uk\/wp-content\/uploads\/sites\/14\/2017\/08\/pexels-photo-461077.jpeg","width":525,"height":350,"caption":"Confirmation statement"},{"@type":"BreadcrumbList","@id":"https:\/\/1office.co\/uk\/et\/toode\/juriidiline-aadress-registered-address-londoni-kesklinnas\/#breadcrumb","itemListElement":[{"@type":"ListItem","position":1,"name":"Home","item":"https:\/\/1office.co\/uk\/et\/"},{"@type":"ListItem","position":2,"name":"Services Shop","item":"https:\/\/1office.co\/uk\/our-services\/"},{"@type":"ListItem","position":3,"name":"Juriidiline aadress (registered address) posti edastamise teenusega Londoni kesklinnas"}]},{"@type":"WebSite","@id":"https:\/\/1office.co\/uk\/#website","url":"https:\/\/1office.co\/uk\/","name":"1Office UK","description":"Making Business Simple","potentialAction":[{"@type":"SearchAction","target":{"@type":"EntryPoint","urlTemplate":"https:\/\/1office.co\/uk\/?s={search_term_string}"},"query-input":{"@type":"PropertyValueSpecification","valueRequired":true,"valueName":"search_term_string"}}],"inLanguage":"et"}]}},"_links":{"self":[{"href":"https:\/\/1office.co\/uk\/et\/wp-json\/wp\/v2\/product\/58716","targetHints":{"allow":["GET"]}}],"collection":[{"href":"https:\/\/1office.co\/uk\/et\/wp-json\/wp\/v2\/product"}],"about":[{"href":"https:\/\/1office.co\/uk\/et\/wp-json\/wp\/v2\/types\/product"}],"wp:featuredmedia":[{"embeddable":true,"href":"https:\/\/1office.co\/uk\/et\/wp-json\/wp\/v2\/media\/57906"}],"wp:attachment":[{"href":"https:\/\/1office.co\/uk\/et\/wp-json\/wp\/v2\/media?parent=58716"}],"wp:term":[{"taxonomy":"product_brand","embeddable":true,"href":"https:\/\/1office.co\/uk\/et\/wp-json\/wp\/v2\/product_brand?post=58716"},{"taxonomy":"product_cat","embeddable":true,"href":"https:\/\/1office.co\/uk\/et\/wp-json\/wp\/v2\/product_cat?post=58716"},{"taxonomy":"product_tag","embeddable":true,"href":"https:\/\/1office.co\/uk\/et\/wp-json\/wp\/v2\/product_tag?post=58716"}],"curies":[{"name":"wp","href":"https:\/\/api.w.org\/{rel}","templated":true}]}}