{"id":58718,"date":"2020-06-19T07:00:29","date_gmt":"2020-06-19T07:00:29","guid":{"rendered":"https:\/\/1office.co\/uk\/?post_type=product&#038;p=58718"},"modified":"2023-05-30T07:27:02","modified_gmt":"2023-05-30T07:27:02","slug":"andmete-kinnituse-aruanne-jatkuteenus","status":"publish","type":"product","link":"https:\/\/1office.co\/uk\/et\/toode\/andmete-kinnituse-aruanne-jatkuteenus\/","title":{"rendered":"Andmete kinnituse aruanne &#8211; j\u00e4tkuteenus"},"content":{"rendered":"<div class=\"wpb-content-wrapper\"><p>[vc_row][vc_column]<div id=\"advanced-tabs-desc-wrap-6285\" class=\"ult_tabs product_tabs\" style=\" \" data-tabsstyle=\"style1\"\n data-titlebg=\"#ffffff\" data-titlecolor=\"#b6b8ba\" data-fullheight=\"off\"\n data-titlehoverbg=\"#ffffff\" data-titlehovercolor=\"#1d1e23\"\n data-rotatetabs=\"0\" data-responsivemode=\"Both\" data-animation=\"Slide\"\ndata-activetitle=\"#1d1e23\" data-activeicon=\"\" data-activebg=\"#ffffff\"  data-respmode=\"Tabs\" data-respwidth=\"400\" data-scroll = \"on\" data-activeindex=\"1\"><ul id=advanced-tabs-wrap-8385 class=\"ult_tabmenu style1 \" style=\"\"><li class=\"ult_tab_li  \" data-iconcolor=\"#74777b\" data-iconhover=\"#ffffff\" style=\"background-color:#ffffff;border-color:transparent;border-width:0px;border-style:solid;border-top-right-radius:8px;\">\n\t\t\t\t\t<a href=\"#1512642751410-8ee0b-c3ff\"  id=\"1512642751410-8ee0b-c3ff\"  style=\"color:#b6b8ba;; padding:15px; \" class=\"ult_a  \">\n\t\t\t\t\t     <span class=\"ult_tab_main Both \">\n\t\t\t\t\t \t\t <span class=\"ult_tab_section\">\n\t\t\t\t\t   \t\t\t<span  data-ultimate-target='#advanced-tabs-wrap-8385 .ult-span-text'  data-responsive-json-new='{\"font-size\":\"desktop:14px;\",\"line-height\":\"\"}'  class=\"ult-span-text no_icon ult_tab_display_text ult-responsive\" style=\"font-weight:bold;;\">Kirjeldus<\/span>\n\t\t\t\t\t   \t\t<\/span>\n\t\t\t\t\t\t<\/span>\n\t\t\t\t\t<\/a>\n\t\t\t\t\t<\/li><\/ul><div  data-ultimate-target='#advanced-tabs-desc-wrap-6285 .ult_tabcontent .ult_tab_min_contain  p'  data-responsive-json-new='{\"font-size\":\"\",\"line-height\":\"\"}' class=\"ult_tabcontent ult-responsive style1\" style=\"color:#74777b;\"><div class=\"ult_tab_min_contain \" >\n\t\t\t<div  class=\"ult_tabitemname\"  >\n\t\t\t\t[vc_column_text]Andmete kinnituse aruanne on vajalik seet\u00f5ttu, et \u00e4riregistris ning avalikes andmetes kuvatavad andmed oleks \u00f5iged ning ajakohased. Aruande peab esitama 14 p\u00e4eva jooksul ettev\u00f5tte asutamise aastap\u00e4evast v\u00f5i eelmise majandusaasta aruande esitamisest.<br \/>\nAndmete kinnituse aruande esitamine on kohustuslik ka juhul, kui ettev\u00f5tte andmed ei ole muutunud.<\/p>\n<p><strong>Hinnas sisaldub:<\/strong><\/p>\n<ul>\n<li>Ettev\u00f5tte ning osanike andmete ette valmistamine<\/li>\n<li>Andmete kinnituse aruande esitamine \u00e4riregistrile<\/li>\n<\/ul>\n<p><strong>T\u00e4htis informatsioon:<\/strong><\/p>\n<ul class=\"ul1\">\n<li class=\"li1\">Teenus on perioodiline. Tasu j\u00e4rgmise aasta perioodi eest v\u00f5etakse krediitkaardilt automaatselt.<\/li>\n<\/ul>\n<p>[\/vc_column_text]\n\t\t\t<\/div><\/div><\/div><\/div><div class=\"ult_acord advanced-tabs-desc-wrap-6285\">\n   <div class=\"ult-tabto-accordion \" style=\"width:;\"\n    data-titlecolor=\"#b6b8ba\"  data-titlebg=\"#ffffff\"\n     data-titlehoverbg=\"#ffffff\" data-titlehovercolor=\"#1d1e23\" data-animation=\"Slide\"\n     data-activetitle=\"#1d1e23\" data-activeicon=\"\" data-activebg=\"#ffffff\" data-scroll = \"on\" data-activeindex=\"1\" >\n     <dl><dt class=\"\">\n\t        \t<a class=\"ult-tabto-actitle withBorder ult_a \" id=\"1512642751410-8ee0b-c3ff\" style=\"color:#b6b8ba;;background-color:#ffffff;border-bottom-color:transparent;border-bottom-width:0px;border-bottom-style:solid;\" href=\"#1512642751410-8ee0b-c3ff\">\n\t        \t\t<i class=\"accordion-icon\"><\/i>\n\t        \t\t\t<span class=\"ult_tab_main ult_ac_main ult_noacordicnBoth\">\n\n\t\t\t\t\t\t<span  data-ultimate-target='#advanced-tabs-wrap-8385 .ult-span-text'  data-responsive-json-new='{\"font-size\":\"desktop:14px;\",\"line-height\":\"\"}'  class=\"ult-span-text no_icon ult_acordian-text ult-responsive\" style=\"font-weight:bold;;color:inherit \" >Kirjeldus<\/span>\n\t\t\t\t\t\t<\/span><\/a><\/dt>\n\t            \t\t<dd class=\"ult-tabto-accordionItem ult-tabto-accolapsed\">\n\t\t\t\t            <div class=\"ult-tabto-acontent\" style=\"color:#74777b;\">\n\t\t\t\t               [vc_column_text]Andmete kinnituse aruanne on vajalik seet\u00f5ttu, et \u00e4riregistris ning avalikes andmetes kuvatavad andmed oleks \u00f5iged ning ajakohased. Aruande peab esitama 14 p\u00e4eva jooksul ettev\u00f5tte asutamise aastap\u00e4evast v\u00f5i eelmise majandusaasta aruande esitamisest.<br \/>\nAndmete kinnituse aruande esitamine on kohustuslik ka juhul, kui ettev\u00f5tte andmed ei ole muutunud.<\/p>\n<p><strong>Hinnas sisaldub:<\/strong><\/p>\n<ul>\n<li>Ettev\u00f5tte ning osanike andmete ette valmistamine<\/li>\n<li>Andmete kinnituse aruande esitamine \u00e4riregistrile<\/li>\n<\/ul>\n<p><strong>T\u00e4htis informatsioon:<\/strong><\/p>\n<ul class=\"ul1\">\n<li class=\"li1\">Teenus on perioodiline. Tasu j\u00e4rgmise aasta perioodi eest v\u00f5etakse krediitkaardilt automaatselt.<\/li>\n<\/ul>\n<p>[\/vc_column_text]\n\t\t\t\t            <\/div>\n\t        \t\t\t<\/dd>\n    \t<\/dl>\n    <!--<div class=\"extraborder\" style=\"background-color:#ffffff\"><\/div>-->\n<\/div>\n\n<\/div>[\/vc_column][\/vc_row]<\/p>\n<\/div>","protected":false},"excerpt":{"rendered":"<p>K\u00f5ik Suurbritannias registreeritud ettev\u00f5tted peavad v\u00e4hemalt korra 12 kuu jooksul esitama \u00e4riregistrile kinnituse andmete \u00f5igsuse kohta.<\/p>\n","protected":false},"featured_media":57906,"template":"","meta":{"_acf_changed":false,"inline_featured_image":false},"product_brand":[],"product_cat":[308],"product_tag":[315],"class_list":{"0":"post-58718","1":"product","2":"type-product","3":"status-publish","4":"has-post-thumbnail","6":"product_cat-ettevotte-alustamine","7":"product_tag-uk-et","8":"description-off","10":"first","11":"instock","12":"virtual","13":"taxable","14":"purchasable","15":"product-type-subscription"},"bundled_by":[],"bundle_stock_status":"instock","bundle_stock_quantity":null,"bundle_virtual":false,"bundle_layout":"","bundle_add_to_cart_form_location":"","bundle_editable_in_cart":false,"bundle_sold_individually_context":"","bundle_item_grouping":"","bundle_min_size":"","bundle_max_size":"","bundle_price":[],"bundled_items":[],"bundle_sell_ids":[],"acf":[],"yoast_head":"<!-- This site is optimized with the Yoast SEO Premium plugin v22.1 (Yoast SEO v27.0) - https:\/\/yoast.com\/product\/yoast-seo-premium-wordpress\/ -->\n<title>Andmete kinnituse aruanne - j\u00e4tkuteenus - 1Office UK<\/title>\n<meta name=\"description\" content=\"K\u00f5ik Suurbritannias registreeritud ettev\u00f5tted peavad v\u00e4hemalt korra 12 kuu jooksul esitama \u00e4riregistrile kinnituse andmete \u00f5igsuse kohta.\" \/>\n<meta name=\"robots\" content=\"noindex, nofollow\" \/>\n<meta property=\"og:locale\" content=\"et_EE\" \/>\n<meta property=\"og:type\" content=\"article\" \/>\n<meta property=\"og:title\" content=\"Andmete kinnituse aruanne - j\u00e4tkuteenus\" \/>\n<meta property=\"og:description\" content=\"K\u00f5ik Suurbritannias registreeritud ettev\u00f5tted peavad v\u00e4hemalt korra 12 kuu jooksul esitama \u00e4riregistrile kinnituse andmete \u00f5igsuse kohta.\" \/>\n<meta property=\"og:url\" content=\"https:\/\/1office.co\/uk\/et\/toode\/andmete-kinnituse-aruanne-jatkuteenus\/\" \/>\n<meta property=\"og:site_name\" content=\"1Office UK\" \/>\n<meta property=\"article:modified_time\" content=\"2023-05-30T07:27:02+00:00\" \/>\n<meta property=\"og:image\" content=\"https:\/\/1office.co\/uk\/wp-content\/uploads\/sites\/14\/2017\/08\/pexels-photo-461077.jpeg\" \/>\n\t<meta property=\"og:image:width\" content=\"525\" \/>\n\t<meta property=\"og:image:height\" content=\"350\" \/>\n\t<meta property=\"og:image:type\" content=\"image\/jpeg\" \/>\n<meta name=\"twitter:card\" content=\"summary_large_image\" \/>\n<meta name=\"twitter:label1\" content=\"Est. reading time\" \/>\n\t<meta name=\"twitter:data1\" content=\"1 minut\" \/>\n<script type=\"application\/ld+json\" class=\"yoast-schema-graph\">{\"@context\":\"https:\/\/schema.org\",\"@graph\":[{\"@type\":\"WebPage\",\"@id\":\"https:\/\/1office.co\/uk\/et\/toode\/andmete-kinnituse-aruanne-jatkuteenus\/\",\"url\":\"https:\/\/1office.co\/uk\/et\/toode\/andmete-kinnituse-aruanne-jatkuteenus\/\",\"name\":\"Andmete kinnituse aruanne - j\u00e4tkuteenus - 1Office UK\",\"isPartOf\":{\"@id\":\"https:\/\/1office.co\/uk\/#website\"},\"primaryImageOfPage\":{\"@id\":\"https:\/\/1office.co\/uk\/et\/toode\/andmete-kinnituse-aruanne-jatkuteenus\/#primaryimage\"},\"image\":{\"@id\":\"https:\/\/1office.co\/uk\/et\/toode\/andmete-kinnituse-aruanne-jatkuteenus\/#primaryimage\"},\"thumbnailUrl\":\"https:\/\/1office.co\/uk\/wp-content\/uploads\/sites\/14\/2017\/08\/pexels-photo-461077.jpeg\",\"datePublished\":\"2020-06-19T07:00:29+00:00\",\"dateModified\":\"2023-05-30T07:27:02+00:00\",\"description\":\"K\u00f5ik Suurbritannias registreeritud ettev\u00f5tted peavad v\u00e4hemalt korra 12 kuu jooksul esitama \u00e4riregistrile kinnituse andmete \u00f5igsuse kohta.\",\"breadcrumb\":{\"@id\":\"https:\/\/1office.co\/uk\/et\/toode\/andmete-kinnituse-aruanne-jatkuteenus\/#breadcrumb\"},\"inLanguage\":\"et\",\"potentialAction\":[{\"@type\":\"ReadAction\",\"target\":[\"https:\/\/1office.co\/uk\/et\/toode\/andmete-kinnituse-aruanne-jatkuteenus\/\"]}]},{\"@type\":\"ImageObject\",\"inLanguage\":\"et\",\"@id\":\"https:\/\/1office.co\/uk\/et\/toode\/andmete-kinnituse-aruanne-jatkuteenus\/#primaryimage\",\"url\":\"https:\/\/1office.co\/uk\/wp-content\/uploads\/sites\/14\/2017\/08\/pexels-photo-461077.jpeg\",\"contentUrl\":\"https:\/\/1office.co\/uk\/wp-content\/uploads\/sites\/14\/2017\/08\/pexels-photo-461077.jpeg\",\"width\":525,\"height\":350,\"caption\":\"Confirmation statement\"},{\"@type\":\"BreadcrumbList\",\"@id\":\"https:\/\/1office.co\/uk\/et\/toode\/andmete-kinnituse-aruanne-jatkuteenus\/#breadcrumb\",\"itemListElement\":[{\"@type\":\"ListItem\",\"position\":1,\"name\":\"Home\",\"item\":\"https:\/\/1office.co\/uk\/et\/\"},{\"@type\":\"ListItem\",\"position\":2,\"name\":\"Services Shop\",\"item\":\"https:\/\/1office.co\/uk\/our-services\/\"},{\"@type\":\"ListItem\",\"position\":3,\"name\":\"Andmete kinnituse aruanne &#8211; j\u00e4tkuteenus\"}]},{\"@type\":\"WebSite\",\"@id\":\"https:\/\/1office.co\/uk\/#website\",\"url\":\"https:\/\/1office.co\/uk\/\",\"name\":\"1Office UK\",\"description\":\"Making Business Simple\",\"potentialAction\":[{\"@type\":\"SearchAction\",\"target\":{\"@type\":\"EntryPoint\",\"urlTemplate\":\"https:\/\/1office.co\/uk\/?s={search_term_string}\"},\"query-input\":{\"@type\":\"PropertyValueSpecification\",\"valueRequired\":true,\"valueName\":\"search_term_string\"}}],\"inLanguage\":\"et\"}]}<\/script>\n<!-- \/ Yoast SEO Premium plugin. -->","yoast_head_json":{"title":"Andmete kinnituse aruanne - j\u00e4tkuteenus - 1Office UK","description":"K\u00f5ik Suurbritannias registreeritud ettev\u00f5tted peavad v\u00e4hemalt korra 12 kuu jooksul esitama \u00e4riregistrile kinnituse andmete \u00f5igsuse kohta.","robots":{"index":"noindex","follow":"nofollow"},"og_locale":"et_EE","og_type":"article","og_title":"Andmete kinnituse aruanne - j\u00e4tkuteenus","og_description":"K\u00f5ik Suurbritannias registreeritud ettev\u00f5tted peavad v\u00e4hemalt korra 12 kuu jooksul esitama \u00e4riregistrile kinnituse andmete \u00f5igsuse kohta.","og_url":"https:\/\/1office.co\/uk\/et\/toode\/andmete-kinnituse-aruanne-jatkuteenus\/","og_site_name":"1Office UK","article_modified_time":"2023-05-30T07:27:02+00:00","og_image":[{"width":525,"height":350,"url":"https:\/\/1office.co\/uk\/wp-content\/uploads\/sites\/14\/2017\/08\/pexels-photo-461077.jpeg","type":"image\/jpeg"}],"twitter_card":"summary_large_image","twitter_misc":{"Est. reading time":"1 minut"},"schema":{"@context":"https:\/\/schema.org","@graph":[{"@type":"WebPage","@id":"https:\/\/1office.co\/uk\/et\/toode\/andmete-kinnituse-aruanne-jatkuteenus\/","url":"https:\/\/1office.co\/uk\/et\/toode\/andmete-kinnituse-aruanne-jatkuteenus\/","name":"Andmete kinnituse aruanne - j\u00e4tkuteenus - 1Office UK","isPartOf":{"@id":"https:\/\/1office.co\/uk\/#website"},"primaryImageOfPage":{"@id":"https:\/\/1office.co\/uk\/et\/toode\/andmete-kinnituse-aruanne-jatkuteenus\/#primaryimage"},"image":{"@id":"https:\/\/1office.co\/uk\/et\/toode\/andmete-kinnituse-aruanne-jatkuteenus\/#primaryimage"},"thumbnailUrl":"https:\/\/1office.co\/uk\/wp-content\/uploads\/sites\/14\/2017\/08\/pexels-photo-461077.jpeg","datePublished":"2020-06-19T07:00:29+00:00","dateModified":"2023-05-30T07:27:02+00:00","description":"K\u00f5ik Suurbritannias registreeritud ettev\u00f5tted peavad v\u00e4hemalt korra 12 kuu jooksul esitama \u00e4riregistrile kinnituse andmete \u00f5igsuse kohta.","breadcrumb":{"@id":"https:\/\/1office.co\/uk\/et\/toode\/andmete-kinnituse-aruanne-jatkuteenus\/#breadcrumb"},"inLanguage":"et","potentialAction":[{"@type":"ReadAction","target":["https:\/\/1office.co\/uk\/et\/toode\/andmete-kinnituse-aruanne-jatkuteenus\/"]}]},{"@type":"ImageObject","inLanguage":"et","@id":"https:\/\/1office.co\/uk\/et\/toode\/andmete-kinnituse-aruanne-jatkuteenus\/#primaryimage","url":"https:\/\/1office.co\/uk\/wp-content\/uploads\/sites\/14\/2017\/08\/pexels-photo-461077.jpeg","contentUrl":"https:\/\/1office.co\/uk\/wp-content\/uploads\/sites\/14\/2017\/08\/pexels-photo-461077.jpeg","width":525,"height":350,"caption":"Confirmation statement"},{"@type":"BreadcrumbList","@id":"https:\/\/1office.co\/uk\/et\/toode\/andmete-kinnituse-aruanne-jatkuteenus\/#breadcrumb","itemListElement":[{"@type":"ListItem","position":1,"name":"Home","item":"https:\/\/1office.co\/uk\/et\/"},{"@type":"ListItem","position":2,"name":"Services Shop","item":"https:\/\/1office.co\/uk\/our-services\/"},{"@type":"ListItem","position":3,"name":"Andmete kinnituse aruanne &#8211; j\u00e4tkuteenus"}]},{"@type":"WebSite","@id":"https:\/\/1office.co\/uk\/#website","url":"https:\/\/1office.co\/uk\/","name":"1Office UK","description":"Making Business Simple","potentialAction":[{"@type":"SearchAction","target":{"@type":"EntryPoint","urlTemplate":"https:\/\/1office.co\/uk\/?s={search_term_string}"},"query-input":{"@type":"PropertyValueSpecification","valueRequired":true,"valueName":"search_term_string"}}],"inLanguage":"et"}]}},"_links":{"self":[{"href":"https:\/\/1office.co\/uk\/et\/wp-json\/wp\/v2\/product\/58718","targetHints":{"allow":["GET"]}}],"collection":[{"href":"https:\/\/1office.co\/uk\/et\/wp-json\/wp\/v2\/product"}],"about":[{"href":"https:\/\/1office.co\/uk\/et\/wp-json\/wp\/v2\/types\/product"}],"wp:featuredmedia":[{"embeddable":true,"href":"https:\/\/1office.co\/uk\/et\/wp-json\/wp\/v2\/media\/57906"}],"wp:attachment":[{"href":"https:\/\/1office.co\/uk\/et\/wp-json\/wp\/v2\/media?parent=58718"}],"wp:term":[{"taxonomy":"product_brand","embeddable":true,"href":"https:\/\/1office.co\/uk\/et\/wp-json\/wp\/v2\/product_brand?post=58718"},{"taxonomy":"product_cat","embeddable":true,"href":"https:\/\/1office.co\/uk\/et\/wp-json\/wp\/v2\/product_cat?post=58718"},{"taxonomy":"product_tag","embeddable":true,"href":"https:\/\/1office.co\/uk\/et\/wp-json\/wp\/v2\/product_tag?post=58718"}],"curies":[{"name":"wp","href":"https:\/\/api.w.org\/{rel}","templated":true}]}}