{"id":58737,"date":"2020-06-26T07:53:10","date_gmt":"2020-06-26T07:53:11","guid":{"rendered":"https:\/\/1office.co\/uk\/?post_type=product&#038;p=58737"},"modified":"2023-05-30T08:02:18","modified_gmt":"2023-05-30T08:02:18","slug":"virtuaalkontori-aadressi-pakett-juriidiline-tegevusaadress-londoni-kesklinnas-erilahendus","status":"publish","type":"product","link":"https:\/\/1office.co\/uk\/et\/toode\/virtuaalkontori-aadressi-pakett-juriidiline-tegevusaadress-londoni-kesklinnas-erilahendus\/","title":{"rendered":"Virtuaalkontori aadressi pakett (juriidiline + tegevusaadress) Londoni kesklinnas &#8211; erilahendus"},"content":{"rendered":"<div class=\"wpb-content-wrapper\"><p>[vc_row][vc_column]<div id=\"advanced-tabs-desc-wrap-2205\" class=\"ult_tabs product_tabs\" style=\" \" data-tabsstyle=\"style1\"\n data-titlebg=\"#ffffff\" data-titlecolor=\"#b6b8ba\" data-fullheight=\"off\"\n data-titlehoverbg=\"#ffffff\" data-titlehovercolor=\"#1d1e23\"\n data-rotatetabs=\"0\" data-responsivemode=\"Both\" data-animation=\"Slide\"\ndata-activetitle=\"#1d1e23\" data-activeicon=\"\" data-activebg=\"#ffffff\"  data-respmode=\"Tabs\" data-respwidth=\"400\" data-scroll = \"on\" data-activeindex=\"1\"><ul id=advanced-tabs-wrap-8627 class=\"ult_tabmenu style1 \" style=\"\"><li class=\"ult_tab_li  \" data-iconcolor=\"#74777b\" data-iconhover=\"#ffffff\" style=\"background-color:#ffffff;border-color:transparent;border-width:0px;border-style:solid;border-top-right-radius:8px;\">\n\t\t\t\t\t<a href=\"#1512642751410-8baea-301a\"  id=\"1512642751410-8baea-301a\"  style=\"color:#b6b8ba;; padding:15px; \" class=\"ult_a  \">\n\t\t\t\t\t     <span class=\"ult_tab_main Both \">\n\t\t\t\t\t \t\t <span class=\"ult_tab_section\">\n\t\t\t\t\t   \t\t\t<span  data-ultimate-target='#advanced-tabs-wrap-8627 .ult-span-text'  data-responsive-json-new='{\"font-size\":\"desktop:14px;\",\"line-height\":\"\"}'  class=\"ult-span-text no_icon ult_tab_display_text ult-responsive\" style=\"font-weight:bold;;\">Kirjeldus<\/span>\n\t\t\t\t\t   \t\t<\/span>\n\t\t\t\t\t\t<\/span>\n\t\t\t\t\t<\/a>\n\t\t\t\t\t<\/li><\/ul><div  data-ultimate-target='#advanced-tabs-desc-wrap-2205 .ult_tabcontent .ult_tab_min_contain  p'  data-responsive-json-new='{\"font-size\":\"\",\"line-height\":\"\"}' class=\"ult_tabcontent ult-responsive style1\" style=\"color:#74777b;\"><div class=\"ult_tab_min_contain \" >\n\t\t\t<div  class=\"ult_tabitemname\"  >\n\t\t\t\t[vc_column_text]Suurbritannias on kohustuslik k\u00f5ik ettev\u00f5tted, mis soovivad seaduslikult Suurbritannias tegutseda, registreerida \u00e4riregistris (Companies House) ja maksuametis (HMRC) kasutades Suurbritannia kohalikku aadressi (Registered address). \u00c4riregister n\u00f5uab ka ettev\u00f5tte osanike ja partnerite jaoks avalikult k\u00e4ttesaadavat kohalikku aadressi (Directors&#8217; service address).<\/p>\n<p>K\u00f5ik ametlikud dokumendid \u00e4riregistri ja maksuameti poolt saadetakse sellele aadressile. Aadress kantakse ka sisse \u00e4riregistrisse ja on avalikult k\u00e4ttesaadav. \u00c4riaadressi lahendus on heaks v\u00f5imaluseks hoida enda koduaadress privaatsena klientide, partnerite ja kolmandate osapoolte eest.<\/p>\n<p><strong>Hinnas sisaldub:<\/strong><\/p>\n<ul>\n<li>Juriidiline aadress (Registered address) ettev\u00f5tte registreerimiseks \u00e4riregistris ning maksuametis<\/li>\n<li>Ettev\u00f5tte tegevusaadress (Directors&#8217; service address) kuni kolmele isikule<\/li>\n<li>Posti sorteerimine ning selle edastamine e-posti teel kirja saabumise p\u00e4eval<\/li>\n<\/ul>\n<p><strong>Saadaval lisatasu eest:<\/strong><\/p>\n<ul>\n<li>Kui soovid tegevusaadressi rohkem kui kolmele isikule, lisandub iga j\u00e4rgneva inimese eest \u00a350.<\/li>\n<\/ul>\n<p><strong>T\u00e4htis informatsioon:<\/strong><\/p>\n<ul class=\"ul1\">\n<li class=\"li1\">Teenus on perioodiline. Tasu j\u00e4rgmise aasta perioodi eest v\u00f5etakse krediitkaardilt automaatselt maha \u00fcks kuu enne uue perioodi algust.<\/li>\n<li class=\"li1\">Aastane teenuseperiood algab sellest kuup\u00e4evast, millal teenus osteti.<\/li>\n<\/ul>\n<p>[\/vc_column_text]\n\t\t\t<\/div><\/div><\/div><\/div><div class=\"ult_acord advanced-tabs-desc-wrap-2205\">\n   <div class=\"ult-tabto-accordion \" style=\"width:;\"\n    data-titlecolor=\"#b6b8ba\"  data-titlebg=\"#ffffff\"\n     data-titlehoverbg=\"#ffffff\" data-titlehovercolor=\"#1d1e23\" data-animation=\"Slide\"\n     data-activetitle=\"#1d1e23\" data-activeicon=\"\" data-activebg=\"#ffffff\" data-scroll = \"on\" data-activeindex=\"1\" >\n     <dl><dt class=\"\">\n\t        \t<a class=\"ult-tabto-actitle withBorder ult_a \" id=\"1512642751410-8baea-301a\" style=\"color:#b6b8ba;;background-color:#ffffff;border-bottom-color:transparent;border-bottom-width:0px;border-bottom-style:solid;\" href=\"#1512642751410-8baea-301a\">\n\t        \t\t<i class=\"accordion-icon\"><\/i>\n\t        \t\t\t<span class=\"ult_tab_main ult_ac_main ult_noacordicnBoth\">\n\n\t\t\t\t\t\t<span  data-ultimate-target='#advanced-tabs-wrap-8627 .ult-span-text'  data-responsive-json-new='{\"font-size\":\"desktop:14px;\",\"line-height\":\"\"}'  class=\"ult-span-text no_icon ult_acordian-text ult-responsive\" style=\"font-weight:bold;;color:inherit \" >Kirjeldus<\/span>\n\t\t\t\t\t\t<\/span><\/a><\/dt>\n\t            \t\t<dd class=\"ult-tabto-accordionItem ult-tabto-accolapsed\">\n\t\t\t\t            <div class=\"ult-tabto-acontent\" style=\"color:#74777b;\">\n\t\t\t\t               [vc_column_text]Suurbritannias on kohustuslik k\u00f5ik ettev\u00f5tted, mis soovivad seaduslikult Suurbritannias tegutseda, registreerida \u00e4riregistris (Companies House) ja maksuametis (HMRC) kasutades Suurbritannia kohalikku aadressi (Registered address). \u00c4riregister n\u00f5uab ka ettev\u00f5tte osanike ja partnerite jaoks avalikult k\u00e4ttesaadavat kohalikku aadressi (Directors&#8217; service address).<\/p>\n<p>K\u00f5ik ametlikud dokumendid \u00e4riregistri ja maksuameti poolt saadetakse sellele aadressile. Aadress kantakse ka sisse \u00e4riregistrisse ja on avalikult k\u00e4ttesaadav. \u00c4riaadressi lahendus on heaks v\u00f5imaluseks hoida enda koduaadress privaatsena klientide, partnerite ja kolmandate osapoolte eest.<\/p>\n<p><strong>Hinnas sisaldub:<\/strong><\/p>\n<ul>\n<li>Juriidiline aadress (Registered address) ettev\u00f5tte registreerimiseks \u00e4riregistris ning maksuametis<\/li>\n<li>Ettev\u00f5tte tegevusaadress (Directors&#8217; service address) kuni kolmele isikule<\/li>\n<li>Posti sorteerimine ning selle edastamine e-posti teel kirja saabumise p\u00e4eval<\/li>\n<\/ul>\n<p><strong>Saadaval lisatasu eest:<\/strong><\/p>\n<ul>\n<li>Kui soovid tegevusaadressi rohkem kui kolmele isikule, lisandub iga j\u00e4rgneva inimese eest \u00a350.<\/li>\n<\/ul>\n<p><strong>T\u00e4htis informatsioon:<\/strong><\/p>\n<ul class=\"ul1\">\n<li class=\"li1\">Teenus on perioodiline. Tasu j\u00e4rgmise aasta perioodi eest v\u00f5etakse krediitkaardilt automaatselt maha \u00fcks kuu enne uue perioodi algust.<\/li>\n<li class=\"li1\">Aastane teenuseperiood algab sellest kuup\u00e4evast, millal teenus osteti.<\/li>\n<\/ul>\n<p>[\/vc_column_text]\n\t\t\t\t            <\/div>\n\t        \t\t\t<\/dd>\n    \t<\/dl>\n    <!--<div class=\"extraborder\" style=\"background-color:#ffffff\"><\/div>-->\n<\/div>\n\n<\/div>[\/vc_column][\/vc_row]<\/p>\n<\/div>","protected":false},"excerpt":{"rendered":"<p>Muuda enda ettev\u00f5tte esmamulje suurep\u00e4raseks Londoni kesklinnas asuva \u00e4riaadressiga. Pakett sisaldab nii juriidilist aadressi (registered address) kui ka tegevusaadressi (directors&#8217; service address), mis on m\u00f5lemad vajalikud \u00e4riregistris (Companies House) ja maksuametis (HMRC) registreerimiseks.<\/p>\n","protected":false},"featured_media":53904,"template":"","meta":{"_acf_changed":false,"inline_featured_image":false},"product_brand":[],"product_cat":[351],"product_tag":[315],"class_list":{"0":"post-58737","1":"product","2":"type-product","3":"status-publish","4":"has-post-thumbnail","6":"product_cat-uncategorized-et","7":"product_tag-uk-et","8":"description-off","10":"first","11":"instock","12":"taxable","13":"shipping-taxable","14":"purchasable","15":"product-type-variable-subscription"},"bundled_by":[],"bundle_stock_status":"instock","bundle_stock_quantity":null,"bundle_virtual":false,"bundle_layout":"","bundle_add_to_cart_form_location":"","bundle_editable_in_cart":false,"bundle_sold_individually_context":"","bundle_item_grouping":"","bundle_min_size":"","bundle_max_size":"","bundle_price":[],"bundled_items":[],"bundle_sell_ids":[],"acf":[],"yoast_head":"<!-- This site is optimized with the Yoast SEO Premium plugin v22.1 (Yoast SEO v27.0) - https:\/\/yoast.com\/product\/yoast-seo-premium-wordpress\/ -->\n<title>Virtuaalkontori aadressi pakett (juriidiline + tegevusaadress) Londoni kesklinnas - erilahendus - 1Office UK<\/title>\n<meta name=\"description\" content=\"Iga Suurbritannias registreeritud ettev\u00f5te vajab kohalikku \u00e4riaadressi. Lisaks on see paindlik lahendus ettev\u00f5tetele, kelle jaoks pole f\u00fc\u00fcsilise kontori olemasolu vajalik v\u00f5i kelle kontor ei asu Londonis.\" \/>\n<meta name=\"robots\" content=\"noindex, nofollow\" \/>\n<meta property=\"og:locale\" content=\"et_EE\" \/>\n<meta property=\"og:type\" content=\"article\" \/>\n<meta property=\"og:title\" content=\"Virtuaalkontori aadressi pakett (juriidiline + tegevusaadress) Londoni kesklinnas - erilahendus\" \/>\n<meta property=\"og:description\" content=\"Iga Suurbritannias registreeritud ettev\u00f5te vajab kohalikku \u00e4riaadressi. Lisaks on see paindlik lahendus ettev\u00f5tetele, kelle jaoks pole f\u00fc\u00fcsilise kontori olemasolu vajalik v\u00f5i kelle kontor ei asu Londonis.\" \/>\n<meta property=\"og:url\" content=\"https:\/\/1office.co\/uk\/et\/toode\/virtuaalkontori-aadressi-pakett-juriidiline-tegevusaadress-londoni-kesklinnas-erilahendus\/\" \/>\n<meta property=\"og:site_name\" content=\"1Office UK\" \/>\n<meta property=\"article:modified_time\" content=\"2023-05-30T08:02:18+00:00\" \/>\n<meta property=\"og:image\" content=\"https:\/\/1office.co\/uk\/wp-content\/uploads\/sites\/14\/2017\/08\/virtual-office.jpg\" \/>\n\t<meta property=\"og:image:width\" content=\"800\" \/>\n\t<meta property=\"og:image:height\" content=\"533\" \/>\n\t<meta property=\"og:image:type\" content=\"image\/jpeg\" \/>\n<meta name=\"twitter:card\" content=\"summary_large_image\" \/>\n<meta name=\"twitter:label1\" content=\"Est. reading time\" \/>\n\t<meta name=\"twitter:data1\" content=\"1 minut\" \/>\n<script type=\"application\/ld+json\" class=\"yoast-schema-graph\">{\"@context\":\"https:\/\/schema.org\",\"@graph\":[{\"@type\":\"WebPage\",\"@id\":\"https:\/\/1office.co\/uk\/et\/toode\/virtuaalkontori-aadressi-pakett-juriidiline-tegevusaadress-londoni-kesklinnas-erilahendus\/\",\"url\":\"https:\/\/1office.co\/uk\/et\/toode\/virtuaalkontori-aadressi-pakett-juriidiline-tegevusaadress-londoni-kesklinnas-erilahendus\/\",\"name\":\"Virtuaalkontori aadressi pakett (juriidiline + tegevusaadress) Londoni kesklinnas - erilahendus - 1Office UK\",\"isPartOf\":{\"@id\":\"https:\/\/1office.co\/uk\/#website\"},\"primaryImageOfPage\":{\"@id\":\"https:\/\/1office.co\/uk\/et\/toode\/virtuaalkontori-aadressi-pakett-juriidiline-tegevusaadress-londoni-kesklinnas-erilahendus\/#primaryimage\"},\"image\":{\"@id\":\"https:\/\/1office.co\/uk\/et\/toode\/virtuaalkontori-aadressi-pakett-juriidiline-tegevusaadress-londoni-kesklinnas-erilahendus\/#primaryimage\"},\"thumbnailUrl\":\"https:\/\/1office.co\/uk\/wp-content\/uploads\/sites\/14\/2017\/08\/virtual-office.jpg\",\"datePublished\":\"2020-06-26T07:53:11+00:00\",\"dateModified\":\"2023-05-30T08:02:18+00:00\",\"description\":\"Iga Suurbritannias registreeritud ettev\u00f5te vajab kohalikku \u00e4riaadressi. Lisaks on see paindlik lahendus ettev\u00f5tetele, kelle jaoks pole f\u00fc\u00fcsilise kontori olemasolu vajalik v\u00f5i kelle kontor ei asu Londonis.\",\"breadcrumb\":{\"@id\":\"https:\/\/1office.co\/uk\/et\/toode\/virtuaalkontori-aadressi-pakett-juriidiline-tegevusaadress-londoni-kesklinnas-erilahendus\/#breadcrumb\"},\"inLanguage\":\"et\",\"potentialAction\":[{\"@type\":\"ReadAction\",\"target\":[\"https:\/\/1office.co\/uk\/et\/toode\/virtuaalkontori-aadressi-pakett-juriidiline-tegevusaadress-londoni-kesklinnas-erilahendus\/\"]}]},{\"@type\":\"ImageObject\",\"inLanguage\":\"et\",\"@id\":\"https:\/\/1office.co\/uk\/et\/toode\/virtuaalkontori-aadressi-pakett-juriidiline-tegevusaadress-londoni-kesklinnas-erilahendus\/#primaryimage\",\"url\":\"https:\/\/1office.co\/uk\/wp-content\/uploads\/sites\/14\/2017\/08\/virtual-office.jpg\",\"contentUrl\":\"https:\/\/1office.co\/uk\/wp-content\/uploads\/sites\/14\/2017\/08\/virtual-office.jpg\",\"width\":800,\"height\":533},{\"@type\":\"BreadcrumbList\",\"@id\":\"https:\/\/1office.co\/uk\/et\/toode\/virtuaalkontori-aadressi-pakett-juriidiline-tegevusaadress-londoni-kesklinnas-erilahendus\/#breadcrumb\",\"itemListElement\":[{\"@type\":\"ListItem\",\"position\":1,\"name\":\"Home\",\"item\":\"https:\/\/1office.co\/uk\/et\/\"},{\"@type\":\"ListItem\",\"position\":2,\"name\":\"Services Shop\",\"item\":\"https:\/\/1office.co\/uk\/our-services\/\"},{\"@type\":\"ListItem\",\"position\":3,\"name\":\"Virtuaalkontori aadressi pakett (juriidiline + tegevusaadress) Londoni kesklinnas &#8211; erilahendus\"}]},{\"@type\":\"WebSite\",\"@id\":\"https:\/\/1office.co\/uk\/#website\",\"url\":\"https:\/\/1office.co\/uk\/\",\"name\":\"1Office UK\",\"description\":\"Making Business Simple\",\"potentialAction\":[{\"@type\":\"SearchAction\",\"target\":{\"@type\":\"EntryPoint\",\"urlTemplate\":\"https:\/\/1office.co\/uk\/?s={search_term_string}\"},\"query-input\":{\"@type\":\"PropertyValueSpecification\",\"valueRequired\":true,\"valueName\":\"search_term_string\"}}],\"inLanguage\":\"et\"}]}<\/script>\n<!-- \/ Yoast SEO Premium plugin. -->","yoast_head_json":{"title":"Virtuaalkontori aadressi pakett (juriidiline + tegevusaadress) Londoni kesklinnas - erilahendus - 1Office UK","description":"Iga Suurbritannias registreeritud ettev\u00f5te vajab kohalikku \u00e4riaadressi. Lisaks on see paindlik lahendus ettev\u00f5tetele, kelle jaoks pole f\u00fc\u00fcsilise kontori olemasolu vajalik v\u00f5i kelle kontor ei asu Londonis.","robots":{"index":"noindex","follow":"nofollow"},"og_locale":"et_EE","og_type":"article","og_title":"Virtuaalkontori aadressi pakett (juriidiline + tegevusaadress) Londoni kesklinnas - erilahendus","og_description":"Iga Suurbritannias registreeritud ettev\u00f5te vajab kohalikku \u00e4riaadressi. Lisaks on see paindlik lahendus ettev\u00f5tetele, kelle jaoks pole f\u00fc\u00fcsilise kontori olemasolu vajalik v\u00f5i kelle kontor ei asu Londonis.","og_url":"https:\/\/1office.co\/uk\/et\/toode\/virtuaalkontori-aadressi-pakett-juriidiline-tegevusaadress-londoni-kesklinnas-erilahendus\/","og_site_name":"1Office UK","article_modified_time":"2023-05-30T08:02:18+00:00","og_image":[{"width":800,"height":533,"url":"https:\/\/1office.co\/uk\/wp-content\/uploads\/sites\/14\/2017\/08\/virtual-office.jpg","type":"image\/jpeg"}],"twitter_card":"summary_large_image","twitter_misc":{"Est. reading time":"1 minut"},"schema":{"@context":"https:\/\/schema.org","@graph":[{"@type":"WebPage","@id":"https:\/\/1office.co\/uk\/et\/toode\/virtuaalkontori-aadressi-pakett-juriidiline-tegevusaadress-londoni-kesklinnas-erilahendus\/","url":"https:\/\/1office.co\/uk\/et\/toode\/virtuaalkontori-aadressi-pakett-juriidiline-tegevusaadress-londoni-kesklinnas-erilahendus\/","name":"Virtuaalkontori aadressi pakett (juriidiline + tegevusaadress) Londoni kesklinnas - erilahendus - 1Office UK","isPartOf":{"@id":"https:\/\/1office.co\/uk\/#website"},"primaryImageOfPage":{"@id":"https:\/\/1office.co\/uk\/et\/toode\/virtuaalkontori-aadressi-pakett-juriidiline-tegevusaadress-londoni-kesklinnas-erilahendus\/#primaryimage"},"image":{"@id":"https:\/\/1office.co\/uk\/et\/toode\/virtuaalkontori-aadressi-pakett-juriidiline-tegevusaadress-londoni-kesklinnas-erilahendus\/#primaryimage"},"thumbnailUrl":"https:\/\/1office.co\/uk\/wp-content\/uploads\/sites\/14\/2017\/08\/virtual-office.jpg","datePublished":"2020-06-26T07:53:11+00:00","dateModified":"2023-05-30T08:02:18+00:00","description":"Iga Suurbritannias registreeritud ettev\u00f5te vajab kohalikku \u00e4riaadressi. Lisaks on see paindlik lahendus ettev\u00f5tetele, kelle jaoks pole f\u00fc\u00fcsilise kontori olemasolu vajalik v\u00f5i kelle kontor ei asu Londonis.","breadcrumb":{"@id":"https:\/\/1office.co\/uk\/et\/toode\/virtuaalkontori-aadressi-pakett-juriidiline-tegevusaadress-londoni-kesklinnas-erilahendus\/#breadcrumb"},"inLanguage":"et","potentialAction":[{"@type":"ReadAction","target":["https:\/\/1office.co\/uk\/et\/toode\/virtuaalkontori-aadressi-pakett-juriidiline-tegevusaadress-londoni-kesklinnas-erilahendus\/"]}]},{"@type":"ImageObject","inLanguage":"et","@id":"https:\/\/1office.co\/uk\/et\/toode\/virtuaalkontori-aadressi-pakett-juriidiline-tegevusaadress-londoni-kesklinnas-erilahendus\/#primaryimage","url":"https:\/\/1office.co\/uk\/wp-content\/uploads\/sites\/14\/2017\/08\/virtual-office.jpg","contentUrl":"https:\/\/1office.co\/uk\/wp-content\/uploads\/sites\/14\/2017\/08\/virtual-office.jpg","width":800,"height":533},{"@type":"BreadcrumbList","@id":"https:\/\/1office.co\/uk\/et\/toode\/virtuaalkontori-aadressi-pakett-juriidiline-tegevusaadress-londoni-kesklinnas-erilahendus\/#breadcrumb","itemListElement":[{"@type":"ListItem","position":1,"name":"Home","item":"https:\/\/1office.co\/uk\/et\/"},{"@type":"ListItem","position":2,"name":"Services Shop","item":"https:\/\/1office.co\/uk\/our-services\/"},{"@type":"ListItem","position":3,"name":"Virtuaalkontori aadressi pakett (juriidiline + tegevusaadress) Londoni kesklinnas &#8211; erilahendus"}]},{"@type":"WebSite","@id":"https:\/\/1office.co\/uk\/#website","url":"https:\/\/1office.co\/uk\/","name":"1Office UK","description":"Making Business Simple","potentialAction":[{"@type":"SearchAction","target":{"@type":"EntryPoint","urlTemplate":"https:\/\/1office.co\/uk\/?s={search_term_string}"},"query-input":{"@type":"PropertyValueSpecification","valueRequired":true,"valueName":"search_term_string"}}],"inLanguage":"et"}]}},"_links":{"self":[{"href":"https:\/\/1office.co\/uk\/et\/wp-json\/wp\/v2\/product\/58737","targetHints":{"allow":["GET"]}}],"collection":[{"href":"https:\/\/1office.co\/uk\/et\/wp-json\/wp\/v2\/product"}],"about":[{"href":"https:\/\/1office.co\/uk\/et\/wp-json\/wp\/v2\/types\/product"}],"wp:featuredmedia":[{"embeddable":true,"href":"https:\/\/1office.co\/uk\/et\/wp-json\/wp\/v2\/media\/53904"}],"wp:attachment":[{"href":"https:\/\/1office.co\/uk\/et\/wp-json\/wp\/v2\/media?parent=58737"}],"wp:term":[{"taxonomy":"product_brand","embeddable":true,"href":"https:\/\/1office.co\/uk\/et\/wp-json\/wp\/v2\/product_brand?post=58737"},{"taxonomy":"product_cat","embeddable":true,"href":"https:\/\/1office.co\/uk\/et\/wp-json\/wp\/v2\/product_cat?post=58737"},{"taxonomy":"product_tag","embeddable":true,"href":"https:\/\/1office.co\/uk\/et\/wp-json\/wp\/v2\/product_tag?post=58737"}],"curies":[{"name":"wp","href":"https:\/\/api.w.org\/{rel}","templated":true}]}}