{"id":59125,"date":"2020-09-23T08:03:43","date_gmt":"2020-09-23T08:03:44","guid":{"rendered":"https:\/\/1office.co\/uk\/?post_type=product&#038;p=59125"},"modified":"2023-05-30T07:20:47","modified_gmt":"2023-05-30T07:20:47","slug":"ettevotte-asutamine-ltd-1officei-ettevotte-asutamise-portaalis","status":"publish","type":"product","link":"https:\/\/1office.co\/uk\/et\/toode\/ettevotte-asutamine-ltd-1officei-ettevotte-asutamise-portaalis\/","title":{"rendered":"Ettev\u00f5tte asutamine Ltd &#8211; 1Office&#8217;i ettev\u00f5tte asutamise portaalis"},"content":{"rendered":"<div class=\"wpb-content-wrapper\"><p>[vc_row][vc_column]<div id=\"advanced-tabs-desc-wrap-1205\" class=\"ult_tabs product_tabs\" style=\" \" data-tabsstyle=\"style1\"\n data-titlebg=\"#ffffff\" data-titlecolor=\"#b6b8ba\" data-fullheight=\"off\"\n data-titlehoverbg=\"#ffffff\" data-titlehovercolor=\"#1d1e23\"\n data-rotatetabs=\"0\" data-responsivemode=\"Both\" data-animation=\"Slide\"\ndata-activetitle=\"#1d1e23\" data-activeicon=\"\" data-activebg=\"#ffffff\"  data-respmode=\"Tabs\" data-respwidth=\"400\" data-scroll = \"on\" data-activeindex=\"1\"><ul id=advanced-tabs-wrap-7969 class=\"ult_tabmenu style1 \" style=\"\"><li class=\"ult_tab_li  \" data-iconcolor=\"#74777b\" data-iconhover=\"#ffffff\" style=\"background-color:#ffffff;border-color:transparent;border-width:0px;border-style:solid;border-top-right-radius:8px;\">\n\t\t\t\t\t<a href=\"#1512642751410-807e9-673f\"  id=\"1512642751410-807e9-673f\"  style=\"color:#b6b8ba;; padding:15px; \" class=\"ult_a  \">\n\t\t\t\t\t     <span class=\"ult_tab_main Both \">\n\t\t\t\t\t \t\t <span class=\"ult_tab_section\">\n\t\t\t\t\t   \t\t\t<span  data-ultimate-target='#advanced-tabs-wrap-7969 .ult-span-text'  data-responsive-json-new='{\"font-size\":\"desktop:14px;\",\"line-height\":\"\"}'  class=\"ult-span-text no_icon ult_tab_display_text ult-responsive\" style=\"font-weight:bold;;\">Kirjeldus<\/span>\n\t\t\t\t\t   \t\t<\/span>\n\t\t\t\t\t\t<\/span>\n\t\t\t\t\t<\/a>\n\t\t\t\t\t<\/li><\/ul><div  data-ultimate-target='#advanced-tabs-desc-wrap-1205 .ult_tabcontent .ult_tab_min_contain  p'  data-responsive-json-new='{\"font-size\":\"\",\"line-height\":\"\"}' class=\"ult_tabcontent ult-responsive style1\" style=\"color:#74777b;\"><div class=\"ult_tab_min_contain \" >\n\t\t\t<div  class=\"ult_tabitemname\"  >\n\t\t\t\t[vc_column_text]Ettev\u00f5tte asutamine meie Ettev\u00f5tte Asutamise Portaalis v\u00f5tab k\u00f5igest 20 minutit. P\u00e4rast konto loomist tuleb t\u00e4ita lihtne vorm ning ettev\u00f5te asutatakse 1-2 t\u00f6\u00f6p\u00e4eva jooksul.<\/p>\n<p>Portaal on sobilik nii UK residentidele kui ka mitteresidentidele. Portaalis saab ettev\u00f5ttele lisada ka kohaliku aadressi (Registered address), mis on kohustuslik k\u00f5ikidele UK ettev\u00f5tetele. \u00c4riregister n\u00f5uab ka ettev\u00f5tte osanike ja partnerite jaoks avalikult k\u00e4ttesaadavat kohalikku aadressi (Directors\u2019 service address), mille saab samuti portaalist lisaks tellida. \u00c4riaadressi lahendus on heaks v\u00f5imaluseks hoida enda koduaadress privaatsena klientide, partnerite ja kolmandate osapoolte eest.<\/p>\n<p><strong>Ettev\u00f5tlusvormid, mida aitame asutada:<\/strong><\/p>\n<ul>\n<li>osa\u00fching (Ltd)<\/li>\n<li>FIE<\/li>\n<li>T\u00e4is\u00fching<\/li>\n<li>Usaldus\u00fching<\/li>\n<\/ul>\n<p>Osa\u00fchingut on v\u00f5imalik asutada otse portaalist, kui oled aga huvitatud teistest ettev\u00f5tlusvormidest, v\u00f5ta meiega \u00fchendust.<\/p>\n<p><strong>Hinnas siasaldub:<\/strong><\/p>\n<ul>\n<li>Riigil\u00f5iv<\/li>\n<li>Mugav iseteenindusportaal<\/li>\n<li>Tehniline tugi<\/li>\n<li>P\u00f5hikirja n\u00e4idis<\/li>\n<li>Osakud<\/li>\n<li>Registreerimisdokumentide esitamine \u00e4riregistrile<\/li>\n<li>Ligip\u00e4\u00e4s <a href=\"http:\/\/www.1office.co\/my1office\">my1Office<\/a> keskkonda<\/li>\n<\/ul>\n<p><strong>Saadaval lisatasu eest: <\/strong><strong>\u00a0<\/strong><\/p>\n<ul>\n<li><u><a href=\"https:\/\/1office.co\/uk\/et\/toode\/virtuaalkontori-aadressi-pakett-juriidiline-tegevusaadress-londoni-kesklinnas\/\" target=\"_blank\" rel=\"noopener noreferrer\">Virtuaalkontori aadressi pakett (juriidiline + tegevusaadress) Londoni kesklinnas<\/a><\/u><\/li>\n<li><u><a href=\"https:\/\/1office.co\/uk\/et\/toode\/juriidiline-aadress-registered-address-londoni-kesklinnas\/\" target=\"_blank\" rel=\"noopener noreferrer\">Juriidiline aadress (registered address) Londoni kesklinnas<\/a><\/u><\/li>\n<li><u><a href=\"https:\/\/1office.co\/uk\/et\/toode\/raamatupidamisdokumentide-sisestamine\/\" target=\"_blank\" rel=\"noopener noreferrer\">Raamatupidamisteenus<\/a><\/u><\/li>\n<li><u><a href=\"https:\/\/1office.co\/uk\/et\/toode\/certificate-of-good-standing\/\" target=\"_blank\" rel=\"noopener noreferrer\">Registriv\u00e4ljav\u00f5te (Certificate of Good standing)<\/a><\/u><\/li>\n<\/ul>\n<p><strong>Protsessi k\u00e4ik:<\/strong><\/p>\n<ul>\n<li>Loo konto ja logi sisse<\/li>\n<li>T\u00e4ida ettev\u00f5tte asutamise vorm<\/li>\n<li>Vali vajalikud lisateenused (aadressiteenus, raamatupidamine, IBAN konto)<\/li>\n<li>P\u00e4rast makse sooritamist saadame KYC* vormi, mis tuleb t\u00e4ita esimesel v\u00f5imalusel<\/li>\n<li>Ettev\u00f5te registreeritakse 1-2 t\u00f6\u00f6p\u00e4eva jooksul<\/li>\n<\/ul>\n<p><strong>T\u00e4htis informatsioon:<\/strong><\/p>\n<ul>\n<li>Portaal on sobilik eraisikutele. Kui soovid ettev\u00f5tte asutada juriidilise isikuna, <a href=\"mailto:sales@1office.co\" target=\"_blank\" rel=\"noopener noreferrer\"><u>v\u00f5ta meiega eraldi \u00fchendust.<\/u><\/a><\/li>\n<\/ul>\n<p>*KYC (Know Your Client) \u2013 protsess vastamaks meetmetele, mis on meile kehtestatud EU regulatsioonide poolt. Tuginedes KYC protsessile kogume, uuendame ja hoiustame iga enda kliendi andmeid.[\/vc_column_text]\n\t\t\t<\/div><\/div><\/div><\/div><div class=\"ult_acord advanced-tabs-desc-wrap-1205\">\n   <div class=\"ult-tabto-accordion \" style=\"width:;\"\n    data-titlecolor=\"#b6b8ba\"  data-titlebg=\"#ffffff\"\n     data-titlehoverbg=\"#ffffff\" data-titlehovercolor=\"#1d1e23\" data-animation=\"Slide\"\n     data-activetitle=\"#1d1e23\" data-activeicon=\"\" data-activebg=\"#ffffff\" data-scroll = \"on\" data-activeindex=\"1\" >\n     <dl><dt class=\"\">\n\t        \t<a class=\"ult-tabto-actitle withBorder ult_a \" id=\"1512642751410-807e9-673f\" style=\"color:#b6b8ba;;background-color:#ffffff;border-bottom-color:transparent;border-bottom-width:0px;border-bottom-style:solid;\" href=\"#1512642751410-807e9-673f\">\n\t        \t\t<i class=\"accordion-icon\"><\/i>\n\t        \t\t\t<span class=\"ult_tab_main ult_ac_main ult_noacordicnBoth\">\n\n\t\t\t\t\t\t<span  data-ultimate-target='#advanced-tabs-wrap-7969 .ult-span-text'  data-responsive-json-new='{\"font-size\":\"desktop:14px;\",\"line-height\":\"\"}'  class=\"ult-span-text no_icon ult_acordian-text ult-responsive\" style=\"font-weight:bold;;color:inherit \" >Kirjeldus<\/span>\n\t\t\t\t\t\t<\/span><\/a><\/dt>\n\t            \t\t<dd class=\"ult-tabto-accordionItem ult-tabto-accolapsed\">\n\t\t\t\t            <div class=\"ult-tabto-acontent\" style=\"color:#74777b;\">\n\t\t\t\t               [vc_column_text]Ettev\u00f5tte asutamine meie Ettev\u00f5tte Asutamise Portaalis v\u00f5tab k\u00f5igest 20 minutit. P\u00e4rast konto loomist tuleb t\u00e4ita lihtne vorm ning ettev\u00f5te asutatakse 1-2 t\u00f6\u00f6p\u00e4eva jooksul.<\/p>\n<p>Portaal on sobilik nii UK residentidele kui ka mitteresidentidele. Portaalis saab ettev\u00f5ttele lisada ka kohaliku aadressi (Registered address), mis on kohustuslik k\u00f5ikidele UK ettev\u00f5tetele. \u00c4riregister n\u00f5uab ka ettev\u00f5tte osanike ja partnerite jaoks avalikult k\u00e4ttesaadavat kohalikku aadressi (Directors\u2019 service address), mille saab samuti portaalist lisaks tellida. \u00c4riaadressi lahendus on heaks v\u00f5imaluseks hoida enda koduaadress privaatsena klientide, partnerite ja kolmandate osapoolte eest.<\/p>\n<p><strong>Ettev\u00f5tlusvormid, mida aitame asutada:<\/strong><\/p>\n<ul>\n<li>osa\u00fching (Ltd)<\/li>\n<li>FIE<\/li>\n<li>T\u00e4is\u00fching<\/li>\n<li>Usaldus\u00fching<\/li>\n<\/ul>\n<p>Osa\u00fchingut on v\u00f5imalik asutada otse portaalist, kui oled aga huvitatud teistest ettev\u00f5tlusvormidest, v\u00f5ta meiega \u00fchendust.<\/p>\n<p><strong>Hinnas siasaldub:<\/strong><\/p>\n<ul>\n<li>Riigil\u00f5iv<\/li>\n<li>Mugav iseteenindusportaal<\/li>\n<li>Tehniline tugi<\/li>\n<li>P\u00f5hikirja n\u00e4idis<\/li>\n<li>Osakud<\/li>\n<li>Registreerimisdokumentide esitamine \u00e4riregistrile<\/li>\n<li>Ligip\u00e4\u00e4s <a href=\"http:\/\/www.1office.co\/my1office\">my1Office<\/a> keskkonda<\/li>\n<\/ul>\n<p><strong>Saadaval lisatasu eest: <\/strong><strong>\u00a0<\/strong><\/p>\n<ul>\n<li><u><a href=\"https:\/\/1office.co\/uk\/et\/toode\/virtuaalkontori-aadressi-pakett-juriidiline-tegevusaadress-londoni-kesklinnas\/\" target=\"_blank\" rel=\"noopener noreferrer\">Virtuaalkontori aadressi pakett (juriidiline + tegevusaadress) Londoni kesklinnas<\/a><\/u><\/li>\n<li><u><a href=\"https:\/\/1office.co\/uk\/et\/toode\/juriidiline-aadress-registered-address-londoni-kesklinnas\/\" target=\"_blank\" rel=\"noopener noreferrer\">Juriidiline aadress (registered address) Londoni kesklinnas<\/a><\/u><\/li>\n<li><u><a href=\"https:\/\/1office.co\/uk\/et\/toode\/raamatupidamisdokumentide-sisestamine\/\" target=\"_blank\" rel=\"noopener noreferrer\">Raamatupidamisteenus<\/a><\/u><\/li>\n<li><u><a href=\"https:\/\/1office.co\/uk\/et\/toode\/certificate-of-good-standing\/\" target=\"_blank\" rel=\"noopener noreferrer\">Registriv\u00e4ljav\u00f5te (Certificate of Good standing)<\/a><\/u><\/li>\n<\/ul>\n<p><strong>Protsessi k\u00e4ik:<\/strong><\/p>\n<ul>\n<li>Loo konto ja logi sisse<\/li>\n<li>T\u00e4ida ettev\u00f5tte asutamise vorm<\/li>\n<li>Vali vajalikud lisateenused (aadressiteenus, raamatupidamine, IBAN konto)<\/li>\n<li>P\u00e4rast makse sooritamist saadame KYC* vormi, mis tuleb t\u00e4ita esimesel v\u00f5imalusel<\/li>\n<li>Ettev\u00f5te registreeritakse 1-2 t\u00f6\u00f6p\u00e4eva jooksul<\/li>\n<\/ul>\n<p><strong>T\u00e4htis informatsioon:<\/strong><\/p>\n<ul>\n<li>Portaal on sobilik eraisikutele. Kui soovid ettev\u00f5tte asutada juriidilise isikuna, <a href=\"mailto:sales@1office.co\" target=\"_blank\" rel=\"noopener noreferrer\"><u>v\u00f5ta meiega eraldi \u00fchendust.<\/u><\/a><\/li>\n<\/ul>\n<p>*KYC (Know Your Client) \u2013 protsess vastamaks meetmetele, mis on meile kehtestatud EU regulatsioonide poolt. Tuginedes KYC protsessile kogume, uuendame ja hoiustame iga enda kliendi andmeid.[\/vc_column_text]\n\t\t\t\t            <\/div>\n\t        \t\t\t<\/dd>\n    \t<\/dl>\n    <!--<div class=\"extraborder\" style=\"background-color:#ffffff\"><\/div>-->\n<\/div>\n\n<\/div>[\/vc_column][\/vc_row]<\/p>\n<\/div>","protected":false},"excerpt":{"rendered":"<p>Teenus on sobiv iga\u00fchele, kes ei soovi ettev\u00f5tte asutamisega ise vaeva n\u00e4ha.<\/p>\n","protected":false},"featured_media":54271,"template":"","meta":{"_acf_changed":false,"inline_featured_image":false},"product_brand":[],"product_cat":[351],"product_tag":[315],"class_list":{"0":"post-59125","1":"product","2":"type-product","3":"status-publish","4":"has-post-thumbnail","6":"product_cat-uncategorized-et","7":"product_tag-uk-et","8":"description-off","10":"first","11":"instock","12":"taxable","13":"shipping-taxable","14":"product-type-external"},"bundled_by":[],"bundle_stock_status":"instock","bundle_stock_quantity":null,"bundle_virtual":false,"bundle_layout":"","bundle_add_to_cart_form_location":"","bundle_editable_in_cart":false,"bundle_sold_individually_context":"","bundle_item_grouping":"","bundle_min_size":"","bundle_max_size":"","bundle_price":[],"bundled_items":[],"bundle_sell_ids":[],"acf":[],"yoast_head":"<!-- This site is optimized with the Yoast SEO Premium plugin v22.1 (Yoast SEO v27.0) - https:\/\/yoast.com\/product\/yoast-seo-premium-wordpress\/ -->\n<title>Ettev\u00f5tte asutamine Ltd - 1Office&#039;i ettev\u00f5tte asutamise portaalis - 1Office UK<\/title>\n<meta name=\"description\" content=\"Teenus on sobiv iga\u00fchele, kes ei soovi ettev\u00f5tte asutamisega ise vaeva n\u00e4ha.\" \/>\n<meta name=\"robots\" content=\"index, follow, max-snippet:-1, max-image-preview:large, max-video-preview:-1\" \/>\n<link rel=\"canonical\" href=\"https:\/\/1office.co\/uk\/et\/toode\/ettevotte-asutamine-ltd-1officei-ettevotte-asutamise-portaalis\/\" \/>\n<meta property=\"og:locale\" content=\"et_EE\" \/>\n<meta property=\"og:type\" content=\"article\" \/>\n<meta property=\"og:title\" content=\"Ettev\u00f5tte asutamine Ltd - 1Office&#039;i ettev\u00f5tte asutamise portaalis\" \/>\n<meta property=\"og:description\" content=\"Teenus on sobiv iga\u00fchele, kes ei soovi ettev\u00f5tte asutamisega ise vaeva n\u00e4ha.\" \/>\n<meta property=\"og:url\" content=\"https:\/\/1office.co\/uk\/et\/toode\/ettevotte-asutamine-ltd-1officei-ettevotte-asutamise-portaalis\/\" \/>\n<meta property=\"og:site_name\" content=\"1Office UK\" \/>\n<meta property=\"article:modified_time\" content=\"2023-05-30T07:20:47+00:00\" \/>\n<meta property=\"og:image\" content=\"https:\/\/1office.co\/uk\/wp-content\/uploads\/sites\/14\/2017\/08\/company-formation.jpg\" \/>\n\t<meta property=\"og:image:width\" content=\"1200\" \/>\n\t<meta property=\"og:image:height\" content=\"800\" \/>\n\t<meta property=\"og:image:type\" content=\"image\/jpeg\" \/>\n<meta name=\"twitter:card\" content=\"summary_large_image\" \/>\n<meta name=\"twitter:label1\" content=\"Est. reading time\" \/>\n\t<meta name=\"twitter:data1\" content=\"2 minutit\" \/>\n<script type=\"application\/ld+json\" class=\"yoast-schema-graph\">{\"@context\":\"https:\/\/schema.org\",\"@graph\":[{\"@type\":\"WebPage\",\"@id\":\"https:\/\/1office.co\/uk\/et\/toode\/ettevotte-asutamine-ltd-1officei-ettevotte-asutamise-portaalis\/\",\"url\":\"https:\/\/1office.co\/uk\/et\/toode\/ettevotte-asutamine-ltd-1officei-ettevotte-asutamise-portaalis\/\",\"name\":\"Ettev\u00f5tte asutamine Ltd - 1Office'i ettev\u00f5tte asutamise portaalis - 1Office UK\",\"isPartOf\":{\"@id\":\"https:\/\/1office.co\/uk\/#website\"},\"primaryImageOfPage\":{\"@id\":\"https:\/\/1office.co\/uk\/et\/toode\/ettevotte-asutamine-ltd-1officei-ettevotte-asutamise-portaalis\/#primaryimage\"},\"image\":{\"@id\":\"https:\/\/1office.co\/uk\/et\/toode\/ettevotte-asutamine-ltd-1officei-ettevotte-asutamise-portaalis\/#primaryimage\"},\"thumbnailUrl\":\"https:\/\/1office.co\/uk\/wp-content\/uploads\/sites\/14\/2017\/08\/company-formation.jpg\",\"datePublished\":\"2020-09-23T08:03:44+00:00\",\"dateModified\":\"2023-05-30T07:20:47+00:00\",\"description\":\"Teenus on sobiv iga\u00fchele, kes ei soovi ettev\u00f5tte asutamisega ise vaeva n\u00e4ha.\",\"breadcrumb\":{\"@id\":\"https:\/\/1office.co\/uk\/et\/toode\/ettevotte-asutamine-ltd-1officei-ettevotte-asutamise-portaalis\/#breadcrumb\"},\"inLanguage\":\"et\",\"potentialAction\":[{\"@type\":\"ReadAction\",\"target\":[\"https:\/\/1office.co\/uk\/et\/toode\/ettevotte-asutamine-ltd-1officei-ettevotte-asutamise-portaalis\/\"]}]},{\"@type\":\"ImageObject\",\"inLanguage\":\"et\",\"@id\":\"https:\/\/1office.co\/uk\/et\/toode\/ettevotte-asutamine-ltd-1officei-ettevotte-asutamise-portaalis\/#primaryimage\",\"url\":\"https:\/\/1office.co\/uk\/wp-content\/uploads\/sites\/14\/2017\/08\/company-formation.jpg\",\"contentUrl\":\"https:\/\/1office.co\/uk\/wp-content\/uploads\/sites\/14\/2017\/08\/company-formation.jpg\",\"width\":1200,\"height\":800,\"caption\":\"UK Company Formation\"},{\"@type\":\"BreadcrumbList\",\"@id\":\"https:\/\/1office.co\/uk\/et\/toode\/ettevotte-asutamine-ltd-1officei-ettevotte-asutamise-portaalis\/#breadcrumb\",\"itemListElement\":[{\"@type\":\"ListItem\",\"position\":1,\"name\":\"Home\",\"item\":\"https:\/\/1office.co\/uk\/et\/\"},{\"@type\":\"ListItem\",\"position\":2,\"name\":\"Services Shop\",\"item\":\"https:\/\/1office.co\/uk\/our-services\/\"},{\"@type\":\"ListItem\",\"position\":3,\"name\":\"Ettev\u00f5tte asutamine Ltd &#8211; 1Office&#8217;i ettev\u00f5tte asutamise portaalis\"}]},{\"@type\":\"WebSite\",\"@id\":\"https:\/\/1office.co\/uk\/#website\",\"url\":\"https:\/\/1office.co\/uk\/\",\"name\":\"1Office UK\",\"description\":\"Making Business Simple\",\"potentialAction\":[{\"@type\":\"SearchAction\",\"target\":{\"@type\":\"EntryPoint\",\"urlTemplate\":\"https:\/\/1office.co\/uk\/?s={search_term_string}\"},\"query-input\":{\"@type\":\"PropertyValueSpecification\",\"valueRequired\":true,\"valueName\":\"search_term_string\"}}],\"inLanguage\":\"et\"}]}<\/script>\n<!-- \/ Yoast SEO Premium plugin. -->","yoast_head_json":{"title":"Ettev\u00f5tte asutamine Ltd - 1Office'i ettev\u00f5tte asutamise portaalis - 1Office UK","description":"Teenus on sobiv iga\u00fchele, kes ei soovi ettev\u00f5tte asutamisega ise vaeva n\u00e4ha.","robots":{"index":"index","follow":"follow","max-snippet":"max-snippet:-1","max-image-preview":"max-image-preview:large","max-video-preview":"max-video-preview:-1"},"canonical":"https:\/\/1office.co\/uk\/et\/toode\/ettevotte-asutamine-ltd-1officei-ettevotte-asutamise-portaalis\/","og_locale":"et_EE","og_type":"article","og_title":"Ettev\u00f5tte asutamine Ltd - 1Office'i ettev\u00f5tte asutamise portaalis","og_description":"Teenus on sobiv iga\u00fchele, kes ei soovi ettev\u00f5tte asutamisega ise vaeva n\u00e4ha.","og_url":"https:\/\/1office.co\/uk\/et\/toode\/ettevotte-asutamine-ltd-1officei-ettevotte-asutamise-portaalis\/","og_site_name":"1Office UK","article_modified_time":"2023-05-30T07:20:47+00:00","og_image":[{"width":1200,"height":800,"url":"https:\/\/1office.co\/uk\/wp-content\/uploads\/sites\/14\/2017\/08\/company-formation.jpg","type":"image\/jpeg"}],"twitter_card":"summary_large_image","twitter_misc":{"Est. reading time":"2 minutit"},"schema":{"@context":"https:\/\/schema.org","@graph":[{"@type":"WebPage","@id":"https:\/\/1office.co\/uk\/et\/toode\/ettevotte-asutamine-ltd-1officei-ettevotte-asutamise-portaalis\/","url":"https:\/\/1office.co\/uk\/et\/toode\/ettevotte-asutamine-ltd-1officei-ettevotte-asutamise-portaalis\/","name":"Ettev\u00f5tte asutamine Ltd - 1Office'i ettev\u00f5tte asutamise portaalis - 1Office UK","isPartOf":{"@id":"https:\/\/1office.co\/uk\/#website"},"primaryImageOfPage":{"@id":"https:\/\/1office.co\/uk\/et\/toode\/ettevotte-asutamine-ltd-1officei-ettevotte-asutamise-portaalis\/#primaryimage"},"image":{"@id":"https:\/\/1office.co\/uk\/et\/toode\/ettevotte-asutamine-ltd-1officei-ettevotte-asutamise-portaalis\/#primaryimage"},"thumbnailUrl":"https:\/\/1office.co\/uk\/wp-content\/uploads\/sites\/14\/2017\/08\/company-formation.jpg","datePublished":"2020-09-23T08:03:44+00:00","dateModified":"2023-05-30T07:20:47+00:00","description":"Teenus on sobiv iga\u00fchele, kes ei soovi ettev\u00f5tte asutamisega ise vaeva n\u00e4ha.","breadcrumb":{"@id":"https:\/\/1office.co\/uk\/et\/toode\/ettevotte-asutamine-ltd-1officei-ettevotte-asutamise-portaalis\/#breadcrumb"},"inLanguage":"et","potentialAction":[{"@type":"ReadAction","target":["https:\/\/1office.co\/uk\/et\/toode\/ettevotte-asutamine-ltd-1officei-ettevotte-asutamise-portaalis\/"]}]},{"@type":"ImageObject","inLanguage":"et","@id":"https:\/\/1office.co\/uk\/et\/toode\/ettevotte-asutamine-ltd-1officei-ettevotte-asutamise-portaalis\/#primaryimage","url":"https:\/\/1office.co\/uk\/wp-content\/uploads\/sites\/14\/2017\/08\/company-formation.jpg","contentUrl":"https:\/\/1office.co\/uk\/wp-content\/uploads\/sites\/14\/2017\/08\/company-formation.jpg","width":1200,"height":800,"caption":"UK Company Formation"},{"@type":"BreadcrumbList","@id":"https:\/\/1office.co\/uk\/et\/toode\/ettevotte-asutamine-ltd-1officei-ettevotte-asutamise-portaalis\/#breadcrumb","itemListElement":[{"@type":"ListItem","position":1,"name":"Home","item":"https:\/\/1office.co\/uk\/et\/"},{"@type":"ListItem","position":2,"name":"Services Shop","item":"https:\/\/1office.co\/uk\/our-services\/"},{"@type":"ListItem","position":3,"name":"Ettev\u00f5tte asutamine Ltd &#8211; 1Office&#8217;i ettev\u00f5tte asutamise portaalis"}]},{"@type":"WebSite","@id":"https:\/\/1office.co\/uk\/#website","url":"https:\/\/1office.co\/uk\/","name":"1Office UK","description":"Making Business Simple","potentialAction":[{"@type":"SearchAction","target":{"@type":"EntryPoint","urlTemplate":"https:\/\/1office.co\/uk\/?s={search_term_string}"},"query-input":{"@type":"PropertyValueSpecification","valueRequired":true,"valueName":"search_term_string"}}],"inLanguage":"et"}]}},"_links":{"self":[{"href":"https:\/\/1office.co\/uk\/et\/wp-json\/wp\/v2\/product\/59125","targetHints":{"allow":["GET"]}}],"collection":[{"href":"https:\/\/1office.co\/uk\/et\/wp-json\/wp\/v2\/product"}],"about":[{"href":"https:\/\/1office.co\/uk\/et\/wp-json\/wp\/v2\/types\/product"}],"wp:featuredmedia":[{"embeddable":true,"href":"https:\/\/1office.co\/uk\/et\/wp-json\/wp\/v2\/media\/54271"}],"wp:attachment":[{"href":"https:\/\/1office.co\/uk\/et\/wp-json\/wp\/v2\/media?parent=59125"}],"wp:term":[{"taxonomy":"product_brand","embeddable":true,"href":"https:\/\/1office.co\/uk\/et\/wp-json\/wp\/v2\/product_brand?post=59125"},{"taxonomy":"product_cat","embeddable":true,"href":"https:\/\/1office.co\/uk\/et\/wp-json\/wp\/v2\/product_cat?post=59125"},{"taxonomy":"product_tag","embeddable":true,"href":"https:\/\/1office.co\/uk\/et\/wp-json\/wp\/v2\/product_tag?post=59125"}],"curies":[{"name":"wp","href":"https:\/\/api.w.org\/{rel}","templated":true}]}}